{"id":7214,"date":"2021-05-12T16:49:12","date_gmt":"2021-05-12T16:49:12","guid":{"rendered":"https:\/\/www.wellste.com\/?page_id=7214"},"modified":"2024-01-11T20:34:50","modified_gmt":"2024-01-11T20:34:50","slug":"micro-channel-tube","status":"publish","type":"page","link":"https:\/\/www.wellste.com\/tr\/micro-channel-tube\/","title":{"rendered":"Mikrokanal T\u00fcp\u00fc"},"content":{"rendered":"","protected":false},"excerpt":{"rendered":"","protected":false},"author":1,"featured_media":0,"parent":0,"menu_order":0,"comment_status":"closed","ping_status":"closed","template":"landing-page2.php","meta":{"_acf_changed":false,"site-sidebar-layout":"no-sidebar","site-content-layout":"page-builder","ast-site-content-layout":"default","site-content-style":"default","site-sidebar-style":"default","ast-global-header-display":"","ast-banner-title-visibility":"","ast-main-header-display":"","ast-hfb-above-header-display":"","ast-hfb-below-header-display":"","ast-hfb-mobile-header-display":"","site-post-title":"disabled","ast-breadcrumbs-content":"","ast-featured-img":"disabled","footer-sml-layout":"","ast-disable-related-posts":"","theme-transparent-header-meta":"default","adv-header-id-meta":"","stick-header-meta":"default","header-above-stick-meta":"","header-main-stick-meta":"","header-below-stick-meta":"","astra-migrate-meta-layouts":"default","ast-page-background-enabled":"default","ast-page-background-meta":{"desktop":{"background-color":"","background-image":"","background-repeat":"repeat","background-position":"center center","background-size":"auto","background-attachment":"scroll","background-type":"","background-media":"","overlay-type":"","overlay-color":"","overlay-opacity":"","overlay-gradient":""},"tablet":{"background-color":"","background-image":"","background-repeat":"repeat","background-position":"center center","background-size":"auto","background-attachment":"scroll","background-type":"","background-media":"","overlay-type":"","overlay-color":"","overlay-opacity":"","overlay-gradient":""},"mobile":{"background-color":"","background-image":"","background-repeat":"repeat","background-position":"center center","background-size":"auto","background-attachment":"scroll","background-type":"","background-media":"","overlay-type":"","overlay-color":"","overlay-opacity":"","overlay-gradient":""}},"ast-content-background-meta":{"desktop":{"background-color":"var(--ast-global-color-5)","background-image":"","background-repeat":"repeat","background-position":"center center","background-size":"auto","background-attachment":"scroll","background-type":"","background-media":"","overlay-type":"","overlay-color":"","overlay-opacity":"","overlay-gradient":""},"tablet":{"background-color":"var(--ast-global-color-5)","background-image":"","background-repeat":"repeat","background-position":"center center","background-size":"auto","background-attachment":"scroll","background-type":"","background-media":"","overlay-type":"","overlay-color":"","overlay-opacity":"","overlay-gradient":""},"mobile":{"background-color":"var(--ast-global-color-5)","background-image":"","background-repeat":"repeat","background-position":"center center","background-size":"auto","background-attachment":"scroll","background-type":"","background-media":"","overlay-type":"","overlay-color":"","overlay-opacity":"","overlay-gradient":""}},"footnotes":""},"class_list":["post-7214","page","type-page","status-publish","hentry"],"acf":[],"yoast_head":"<!-- This site is optimized with the Yoast SEO plugin v27.4 - https:\/\/yoast.com\/product\/yoast-seo-wordpress\/ -->\n<title>Micro-channel Tube Supplier and Manufacturer in China- Wellste<\/title>\n<meta name=\"description\" content=\"Microchannel tube is extruded aluminum tube,Wellste provide professional technical solutions and one-stop manufacturing service, Quote Now.\" \/>\n<meta name=\"robots\" content=\"index, follow, max-snippet:-1, max-image-preview:large, max-video-preview:-1\" \/>\n<link rel=\"canonical\" href=\"https:\/\/www.wellste.com\/tr\/micro-channel-tube\/\" \/>\n<meta property=\"og:locale\" content=\"tr_TR\" \/>\n<meta property=\"og:type\" content=\"article\" \/>\n<meta property=\"og:title\" content=\"Micro-channel Tube Supplier and Manufacturer in China- Wellste\" \/>\n<meta property=\"og:description\" content=\"Microchannel tube is extruded aluminum tube,Wellste provide professional technical solutions and one-stop manufacturing service, Quote Now.\" \/>\n<meta property=\"og:url\" content=\"https:\/\/www.wellste.com\/tr\/micro-channel-tube\/\" \/>\n<meta property=\"og:site_name\" content=\"WELLSTE\" \/>\n<meta property=\"article:modified_time\" content=\"2024-01-11T20:34:50+00:00\" \/>\n<meta name=\"twitter:card\" content=\"summary_large_image\" \/>\n<script type=\"application\/ld+json\" class=\"yoast-schema-graph\">{\"@context\":\"https:\\\/\\\/schema.org\",\"@graph\":[{\"@type\":\"WebPage\",\"@id\":\"https:\\\/\\\/www.wellste.com\\\/micro-channel-tube\\\/\",\"url\":\"https:\\\/\\\/www.wellste.com\\\/micro-channel-tube\\\/\",\"name\":\"Micro-channel Tube Supplier and Manufacturer in China- Wellste\",\"isPartOf\":{\"@id\":\"https:\\\/\\\/www.wellste.com\\\/#website\"},\"datePublished\":\"2021-05-12T16:49:12+00:00\",\"dateModified\":\"2024-01-11T20:34:50+00:00\",\"description\":\"Microchannel tube is extruded aluminum tube,Wellste provide professional technical solutions and one-stop manufacturing service, Quote Now.\",\"breadcrumb\":{\"@id\":\"https:\\\/\\\/www.wellste.com\\\/micro-channel-tube\\\/#breadcrumb\"},\"inLanguage\":\"tr\",\"potentialAction\":[{\"@type\":\"ReadAction\",\"target\":[\"https:\\\/\\\/www.wellste.com\\\/micro-channel-tube\\\/\"]}]},{\"@type\":\"BreadcrumbList\",\"@id\":\"https:\\\/\\\/www.wellste.com\\\/micro-channel-tube\\\/#breadcrumb\",\"itemListElement\":[{\"@type\":\"ListItem\",\"position\":1,\"name\":\"Home\",\"item\":\"https:\\\/\\\/www.wellste.com\\\/\"},{\"@type\":\"ListItem\",\"position\":2,\"name\":\"Microchannel Tube\"}]},{\"@type\":\"WebSite\",\"@id\":\"https:\\\/\\\/www.wellste.com\\\/#website\",\"url\":\"https:\\\/\\\/www.wellste.com\\\/\",\"name\":\"WELLSTE\",\"description\":\"\",\"publisher\":{\"@id\":\"https:\\\/\\\/www.wellste.com\\\/#organization\"},\"potentialAction\":[{\"@type\":\"SearchAction\",\"target\":{\"@type\":\"EntryPoint\",\"urlTemplate\":\"https:\\\/\\\/www.wellste.com\\\/?s={search_term_string}\"},\"query-input\":{\"@type\":\"PropertyValueSpecification\",\"valueRequired\":true,\"valueName\":\"search_term_string\"}}],\"inLanguage\":\"tr\"},{\"@type\":\"Organization\",\"@id\":\"https:\\\/\\\/www.wellste.com\\\/#organization\",\"name\":\"WELLSTE\",\"url\":\"https:\\\/\\\/www.wellste.com\\\/\",\"logo\":{\"@type\":\"ImageObject\",\"inLanguage\":\"tr\",\"@id\":\"https:\\\/\\\/www.wellste.com\\\/#\\\/schema\\\/logo\\\/image\\\/\",\"url\":\"https:\\\/\\\/www.wellste.com\\\/wp-content\\\/uploads\\\/2019\\\/04\\\/wellste-new-logo.png\",\"contentUrl\":\"https:\\\/\\\/www.wellste.com\\\/wp-content\\\/uploads\\\/2019\\\/04\\\/wellste-new-logo.png\",\"width\":207,\"height\":67,\"caption\":\"WELLSTE\"},\"image\":{\"@id\":\"https:\\\/\\\/www.wellste.com\\\/#\\\/schema\\\/logo\\\/image\\\/\"}}]}<\/script>\n<!-- \/ Yoast SEO plugin. -->","yoast_head_json":{"title":"\u00c7in&#039;de Mikro Kanall\u0131 T\u00fcp Tedarik\u00e7isi ve \u00dcreticisi - Wellste","description":"Mikrokanal boru ekstr\u00fcde al\u00fcminyum borudur, Wellste profesyonel teknik \u00e7\u00f6z\u00fcmler ve tek elden \u00fcretim hizmeti sunar, Hemen Teklif Al\u0131n.","robots":{"index":"index","follow":"follow","max-snippet":"max-snippet:-1","max-image-preview":"max-image-preview:large","max-video-preview":"max-video-preview:-1"},"canonical":"https:\/\/www.wellste.com\/tr\/micro-channel-tube\/","og_locale":"tr_TR","og_type":"article","og_title":"Micro-channel Tube Supplier and Manufacturer in China- Wellste","og_description":"Microchannel tube is extruded aluminum tube,Wellste provide professional technical solutions and one-stop manufacturing service, Quote Now.","og_url":"https:\/\/www.wellste.com\/tr\/micro-channel-tube\/","og_site_name":"WELLSTE","article_modified_time":"2024-01-11T20:34:50+00:00","twitter_card":"summary_large_image","schema":{"@context":"https:\/\/schema.org","@graph":[{"@type":"WebPage","@id":"https:\/\/www.wellste.com\/micro-channel-tube\/","url":"https:\/\/www.wellste.com\/micro-channel-tube\/","name":"\u00c7in&#039;de Mikro Kanall\u0131 T\u00fcp Tedarik\u00e7isi ve \u00dcreticisi - Wellste","isPartOf":{"@id":"https:\/\/www.wellste.com\/#website"},"datePublished":"2021-05-12T16:49:12+00:00","dateModified":"2024-01-11T20:34:50+00:00","description":"Mikrokanal boru ekstr\u00fcde al\u00fcminyum borudur, Wellste profesyonel teknik \u00e7\u00f6z\u00fcmler ve tek elden \u00fcretim hizmeti sunar, Hemen Teklif Al\u0131n.","breadcrumb":{"@id":"https:\/\/www.wellste.com\/micro-channel-tube\/#breadcrumb"},"inLanguage":"tr","potentialAction":[{"@type":"ReadAction","target":["https:\/\/www.wellste.com\/micro-channel-tube\/"]}]},{"@type":"BreadcrumbList","@id":"https:\/\/www.wellste.com\/micro-channel-tube\/#breadcrumb","itemListElement":[{"@type":"ListItem","position":1,"name":"Home","item":"https:\/\/www.wellste.com\/"},{"@type":"ListItem","position":2,"name":"Microchannel Tube"}]},{"@type":"WebSite","@id":"https:\/\/www.wellste.com\/#website","url":"https:\/\/www.wellste.com\/","name":"KUYU","description":"","publisher":{"@id":"https:\/\/www.wellste.com\/#organization"},"potentialAction":[{"@type":"SearchAction","target":{"@type":"EntryPoint","urlTemplate":"https:\/\/www.wellste.com\/?s={search_term_string}"},"query-input":{"@type":"PropertyValueSpecification","valueRequired":true,"valueName":"search_term_string"}}],"inLanguage":"tr"},{"@type":"Organization","@id":"https:\/\/www.wellste.com\/#organization","name":"KUYU","url":"https:\/\/www.wellste.com\/","logo":{"@type":"ImageObject","inLanguage":"tr","@id":"https:\/\/www.wellste.com\/#\/schema\/logo\/image\/","url":"https:\/\/www.wellste.com\/wp-content\/uploads\/2019\/04\/wellste-new-logo.png","contentUrl":"https:\/\/www.wellste.com\/wp-content\/uploads\/2019\/04\/wellste-new-logo.png","width":207,"height":67,"caption":"WELLSTE"},"image":{"@id":"https:\/\/www.wellste.com\/#\/schema\/logo\/image\/"}}]}},"_links":{"self":[{"href":"https:\/\/www.wellste.com\/tr\/wp-json\/wp\/v2\/pages\/7214","targetHints":{"allow":["GET"]}}],"collection":[{"href":"https:\/\/www.wellste.com\/tr\/wp-json\/wp\/v2\/pages"}],"about":[{"href":"https:\/\/www.wellste.com\/tr\/wp-json\/wp\/v2\/types\/page"}],"author":[{"embeddable":true,"href":"https:\/\/www.wellste.com\/tr\/wp-json\/wp\/v2\/users\/1"}],"replies":[{"embeddable":true,"href":"https:\/\/www.wellste.com\/tr\/wp-json\/wp\/v2\/comments?post=7214"}],"version-history":[{"count":0,"href":"https:\/\/www.wellste.com\/tr\/wp-json\/wp\/v2\/pages\/7214\/revisions"}],"wp:attachment":[{"href":"https:\/\/www.wellste.com\/tr\/wp-json\/wp\/v2\/media?parent=7214"}],"curies":[{"name":"wp","href":"https:\/\/api.w.org\/{rel}","templated":true}]}}