{"id":7100,"date":"2021-05-12T14:49:50","date_gmt":"2021-05-12T14:49:50","guid":{"rendered":"https:\/\/www.wellste.com\/?page_id=7100"},"modified":"2025-09-09T09:15:35","modified_gmt":"2025-09-09T09:15:35","slug":"die-casting-heatsink","status":"publish","type":"page","link":"https:\/\/www.wellste.com\/tr\/die-casting-heatsink\/","title":{"rendered":"Pres D\u00f6k\u00fcm Is\u0131 Emici"},"content":{"rendered":"","protected":false},"excerpt":{"rendered":"","protected":false},"author":4,"featured_media":0,"parent":0,"menu_order":0,"comment_status":"closed","ping_status":"closed","template":"landing-page2.php","meta":{"_acf_changed":false,"site-sidebar-layout":"no-sidebar","site-content-layout":"page-builder","ast-site-content-layout":"full-width-container","site-content-style":"unboxed","site-sidebar-style":"unboxed","ast-global-header-display":"","ast-banner-title-visibility":"","ast-main-header-display":"","ast-hfb-above-header-display":"","ast-hfb-below-header-display":"","ast-hfb-mobile-header-display":"","site-post-title":"disabled","ast-breadcrumbs-content":"","ast-featured-img":"disabled","footer-sml-layout":"","ast-disable-related-posts":"","theme-transparent-header-meta":"default","adv-header-id-meta":"","stick-header-meta":"default","header-above-stick-meta":"","header-main-stick-meta":"","header-below-stick-meta":"","astra-migrate-meta-layouts":"set","ast-page-background-enabled":"default","ast-page-background-meta":{"desktop":{"background-color":"","background-image":"","background-repeat":"repeat","background-position":"center center","background-size":"auto","background-attachment":"scroll","background-type":"","background-media":"","overlay-type":"","overlay-color":"","overlay-opacity":"","overlay-gradient":""},"tablet":{"background-color":"","background-image":"","background-repeat":"repeat","background-position":"center center","background-size":"auto","background-attachment":"scroll","background-type":"","background-media":"","overlay-type":"","overlay-color":"","overlay-opacity":"","overlay-gradient":""},"mobile":{"background-color":"","background-image":"","background-repeat":"repeat","background-position":"center center","background-size":"auto","background-attachment":"scroll","background-type":"","background-media":"","overlay-type":"","overlay-color":"","overlay-opacity":"","overlay-gradient":""}},"ast-content-background-meta":{"desktop":{"background-color":"var(--ast-global-color-5)","background-image":"","background-repeat":"repeat","background-position":"center center","background-size":"auto","background-attachment":"scroll","background-type":"","background-media":"","overlay-type":"","overlay-color":"","overlay-opacity":"","overlay-gradient":""},"tablet":{"background-color":"var(--ast-global-color-5)","background-image":"","background-repeat":"repeat","background-position":"center center","background-size":"auto","background-attachment":"scroll","background-type":"","background-media":"","overlay-type":"","overlay-color":"","overlay-opacity":"","overlay-gradient":""},"mobile":{"background-color":"var(--ast-global-color-5)","background-image":"","background-repeat":"repeat","background-position":"center center","background-size":"auto","background-attachment":"scroll","background-type":"","background-media":"","overlay-type":"","overlay-color":"","overlay-opacity":"","overlay-gradient":""}},"footnotes":""},"class_list":["post-7100","page","type-page","status-publish","hentry"],"acf":[],"yoast_head":"<!-- This site is optimized with the Yoast SEO plugin v27.4 - https:\/\/yoast.com\/product\/yoast-seo-wordpress\/ -->\n<title>Die Cast Heat Sinks,Casting Aluminum Heatsink Manufacturer<\/title>\n<meta name=\"description\" content=\"Premier die casting heat sink supplier operates more than 10 years manufacturing experience, Cost- effective aluminum heatsinks in LOW MOQ.\" \/>\n<meta name=\"robots\" content=\"index, follow, max-snippet:-1, max-image-preview:large, max-video-preview:-1\" \/>\n<link rel=\"canonical\" href=\"https:\/\/www.wellste.com\/tr\/die-casting-heatsink\/\" \/>\n<meta property=\"og:locale\" content=\"tr_TR\" \/>\n<meta property=\"og:type\" content=\"article\" \/>\n<meta property=\"og:title\" content=\"Die Cast Heat Sinks,Casting Aluminum Heatsink Manufacturer\" \/>\n<meta property=\"og:description\" content=\"Premier die casting heat sink supplier operates more than 10 years manufacturing experience, Cost- effective aluminum heatsinks in LOW MOQ.\" \/>\n<meta property=\"og:url\" content=\"https:\/\/www.wellste.com\/tr\/die-casting-heatsink\/\" \/>\n<meta property=\"og:site_name\" content=\"WELLSTE\" \/>\n<meta property=\"article:modified_time\" content=\"2025-09-09T09:15:35+00:00\" \/>\n<meta name=\"twitter:card\" content=\"summary_large_image\" \/>\n<script type=\"application\/ld+json\" class=\"yoast-schema-graph\">{\"@context\":\"https:\\\/\\\/schema.org\",\"@graph\":[{\"@type\":\"WebPage\",\"@id\":\"https:\\\/\\\/www.wellste.com\\\/die-casting-heatsink\\\/\",\"url\":\"https:\\\/\\\/www.wellste.com\\\/die-casting-heatsink\\\/\",\"name\":\"Die Cast Heat Sinks,Casting Aluminum Heatsink Manufacturer\",\"isPartOf\":{\"@id\":\"https:\\\/\\\/www.wellste.com\\\/#website\"},\"datePublished\":\"2021-05-12T14:49:50+00:00\",\"dateModified\":\"2025-09-09T09:15:35+00:00\",\"description\":\"Premier die casting heat sink supplier operates more than 10 years manufacturing experience, Cost- effective aluminum heatsinks in LOW MOQ.\",\"breadcrumb\":{\"@id\":\"https:\\\/\\\/www.wellste.com\\\/die-casting-heatsink\\\/#breadcrumb\"},\"inLanguage\":\"tr\",\"potentialAction\":[{\"@type\":\"ReadAction\",\"target\":[\"https:\\\/\\\/www.wellste.com\\\/die-casting-heatsink\\\/\"]}]},{\"@type\":\"BreadcrumbList\",\"@id\":\"https:\\\/\\\/www.wellste.com\\\/die-casting-heatsink\\\/#breadcrumb\",\"itemListElement\":[{\"@type\":\"ListItem\",\"position\":1,\"name\":\"Home\",\"item\":\"https:\\\/\\\/www.wellste.com\\\/\"},{\"@type\":\"ListItem\",\"position\":2,\"name\":\"Die Casting Heat Sink\"}]},{\"@type\":\"WebSite\",\"@id\":\"https:\\\/\\\/www.wellste.com\\\/#website\",\"url\":\"https:\\\/\\\/www.wellste.com\\\/\",\"name\":\"WELLSTE\",\"description\":\"\",\"publisher\":{\"@id\":\"https:\\\/\\\/www.wellste.com\\\/#organization\"},\"potentialAction\":[{\"@type\":\"SearchAction\",\"target\":{\"@type\":\"EntryPoint\",\"urlTemplate\":\"https:\\\/\\\/www.wellste.com\\\/?s={search_term_string}\"},\"query-input\":{\"@type\":\"PropertyValueSpecification\",\"valueRequired\":true,\"valueName\":\"search_term_string\"}}],\"inLanguage\":\"tr\"},{\"@type\":\"Organization\",\"@id\":\"https:\\\/\\\/www.wellste.com\\\/#organization\",\"name\":\"WELLSTE\",\"url\":\"https:\\\/\\\/www.wellste.com\\\/\",\"logo\":{\"@type\":\"ImageObject\",\"inLanguage\":\"tr\",\"@id\":\"https:\\\/\\\/www.wellste.com\\\/#\\\/schema\\\/logo\\\/image\\\/\",\"url\":\"https:\\\/\\\/www.wellste.com\\\/wp-content\\\/uploads\\\/2019\\\/04\\\/wellste-new-logo.png\",\"contentUrl\":\"https:\\\/\\\/www.wellste.com\\\/wp-content\\\/uploads\\\/2019\\\/04\\\/wellste-new-logo.png\",\"width\":207,\"height\":67,\"caption\":\"WELLSTE\"},\"image\":{\"@id\":\"https:\\\/\\\/www.wellste.com\\\/#\\\/schema\\\/logo\\\/image\\\/\"}}]}<\/script>\n<!-- \/ Yoast SEO plugin. -->","yoast_head_json":{"title":"Pres D\u00f6k\u00fcm Is\u0131 Emiciler, D\u00f6k\u00fcm Al\u00fcminyum Is\u0131 Emici \u00dcreticisi","description":"\u00d6nde gelen d\u00f6k\u00fcm d\u00f6k\u00fcm \u0131s\u0131 emici tedarik\u00e7isi 10 y\u0131l\u0131 a\u015fk\u0131n \u00fcretim deneyimine sahiptir, D\u00dc\u015e\u00dcK MOQ&#039;da uygun maliyetli al\u00fcminyum \u0131s\u0131 emiciler.","robots":{"index":"index","follow":"follow","max-snippet":"max-snippet:-1","max-image-preview":"max-image-preview:large","max-video-preview":"max-video-preview:-1"},"canonical":"https:\/\/www.wellste.com\/tr\/die-casting-heatsink\/","og_locale":"tr_TR","og_type":"article","og_title":"Die Cast Heat Sinks,Casting Aluminum Heatsink Manufacturer","og_description":"Premier die casting heat sink supplier operates more than 10 years manufacturing experience, Cost- effective aluminum heatsinks in LOW MOQ.","og_url":"https:\/\/www.wellste.com\/tr\/die-casting-heatsink\/","og_site_name":"WELLSTE","article_modified_time":"2025-09-09T09:15:35+00:00","twitter_card":"summary_large_image","schema":{"@context":"https:\/\/schema.org","@graph":[{"@type":"WebPage","@id":"https:\/\/www.wellste.com\/die-casting-heatsink\/","url":"https:\/\/www.wellste.com\/die-casting-heatsink\/","name":"Pres D\u00f6k\u00fcm Is\u0131 Emiciler, D\u00f6k\u00fcm Al\u00fcminyum Is\u0131 Emici \u00dcreticisi","isPartOf":{"@id":"https:\/\/www.wellste.com\/#website"},"datePublished":"2021-05-12T14:49:50+00:00","dateModified":"2025-09-09T09:15:35+00:00","description":"\u00d6nde gelen d\u00f6k\u00fcm d\u00f6k\u00fcm \u0131s\u0131 emici tedarik\u00e7isi 10 y\u0131l\u0131 a\u015fk\u0131n \u00fcretim deneyimine sahiptir, D\u00dc\u015e\u00dcK MOQ&#039;da uygun maliyetli al\u00fcminyum \u0131s\u0131 emiciler.","breadcrumb":{"@id":"https:\/\/www.wellste.com\/die-casting-heatsink\/#breadcrumb"},"inLanguage":"tr","potentialAction":[{"@type":"ReadAction","target":["https:\/\/www.wellste.com\/die-casting-heatsink\/"]}]},{"@type":"BreadcrumbList","@id":"https:\/\/www.wellste.com\/die-casting-heatsink\/#breadcrumb","itemListElement":[{"@type":"ListItem","position":1,"name":"Home","item":"https:\/\/www.wellste.com\/"},{"@type":"ListItem","position":2,"name":"Die Casting Heat Sink"}]},{"@type":"WebSite","@id":"https:\/\/www.wellste.com\/#website","url":"https:\/\/www.wellste.com\/","name":"KUYU","description":"","publisher":{"@id":"https:\/\/www.wellste.com\/#organization"},"potentialAction":[{"@type":"SearchAction","target":{"@type":"EntryPoint","urlTemplate":"https:\/\/www.wellste.com\/?s={search_term_string}"},"query-input":{"@type":"PropertyValueSpecification","valueRequired":true,"valueName":"search_term_string"}}],"inLanguage":"tr"},{"@type":"Organization","@id":"https:\/\/www.wellste.com\/#organization","name":"KUYU","url":"https:\/\/www.wellste.com\/","logo":{"@type":"ImageObject","inLanguage":"tr","@id":"https:\/\/www.wellste.com\/#\/schema\/logo\/image\/","url":"https:\/\/www.wellste.com\/wp-content\/uploads\/2019\/04\/wellste-new-logo.png","contentUrl":"https:\/\/www.wellste.com\/wp-content\/uploads\/2019\/04\/wellste-new-logo.png","width":207,"height":67,"caption":"WELLSTE"},"image":{"@id":"https:\/\/www.wellste.com\/#\/schema\/logo\/image\/"}}]}},"_links":{"self":[{"href":"https:\/\/www.wellste.com\/tr\/wp-json\/wp\/v2\/pages\/7100","targetHints":{"allow":["GET"]}}],"collection":[{"href":"https:\/\/www.wellste.com\/tr\/wp-json\/wp\/v2\/pages"}],"about":[{"href":"https:\/\/www.wellste.com\/tr\/wp-json\/wp\/v2\/types\/page"}],"author":[{"embeddable":true,"href":"https:\/\/www.wellste.com\/tr\/wp-json\/wp\/v2\/users\/4"}],"replies":[{"embeddable":true,"href":"https:\/\/www.wellste.com\/tr\/wp-json\/wp\/v2\/comments?post=7100"}],"version-history":[{"count":0,"href":"https:\/\/www.wellste.com\/tr\/wp-json\/wp\/v2\/pages\/7100\/revisions"}],"wp:attachment":[{"href":"https:\/\/www.wellste.com\/tr\/wp-json\/wp\/v2\/media?parent=7100"}],"curies":[{"name":"wp","href":"https:\/\/api.w.org\/{rel}","templated":true}]}}