{"id":540,"date":"2019-03-01T13:16:36","date_gmt":"2019-03-01T13:16:36","guid":{"rendered":"http:\/\/wellste.digitalpixels.co\/?page_id=540"},"modified":"2023-11-29T02:53:51","modified_gmt":"2023-11-29T02:53:51","slug":"electrophoresis-extruded-aluminum-profiles","status":"publish","type":"page","link":"https:\/\/www.wellste.com\/tr\/electrophoresis-extruded-aluminum-profiles\/","title":{"rendered":"Elektroforez Ekstr\u00fcde Al\u00fcminyum Profiller"},"content":{"rendered":"","protected":false},"excerpt":{"rendered":"","protected":false},"author":1,"featured_media":0,"parent":0,"menu_order":1,"comment_status":"closed","ping_status":"closed","template":"product-details.php","meta":{"_acf_changed":false,"site-sidebar-layout":"no-sidebar","site-content-layout":"page-builder","ast-site-content-layout":"full-width-container","site-content-style":"unboxed","site-sidebar-style":"unboxed","ast-global-header-display":"","ast-banner-title-visibility":"","ast-main-header-display":"","ast-hfb-above-header-display":"","ast-hfb-below-header-display":"","ast-hfb-mobile-header-display":"","site-post-title":"disabled","ast-breadcrumbs-content":"","ast-featured-img":"disabled","footer-sml-layout":"","ast-disable-related-posts":"","theme-transparent-header-meta":"default","adv-header-id-meta":null,"stick-header-meta":"default","header-above-stick-meta":null,"header-main-stick-meta":"","header-below-stick-meta":null,"astra-migrate-meta-layouts":"set","ast-page-background-enabled":"default","ast-page-background-meta":{"desktop":{"background-color":"","background-image":"","background-repeat":"repeat","background-position":"center center","background-size":"auto","background-attachment":"scroll","background-type":"","background-media":"","overlay-type":"","overlay-color":"","overlay-opacity":"","overlay-gradient":""},"tablet":{"background-color":"","background-image":"","background-repeat":"repeat","background-position":"center center","background-size":"auto","background-attachment":"scroll","background-type":"","background-media":"","overlay-type":"","overlay-color":"","overlay-opacity":"","overlay-gradient":""},"mobile":{"background-color":"","background-image":"","background-repeat":"repeat","background-position":"center center","background-size":"auto","background-attachment":"scroll","background-type":"","background-media":"","overlay-type":"","overlay-color":"","overlay-opacity":"","overlay-gradient":""}},"ast-content-background-meta":{"desktop":{"background-color":"var(--ast-global-color-5)","background-image":"","background-repeat":"repeat","background-position":"center center","background-size":"auto","background-attachment":"scroll","background-type":"","background-media":"","overlay-type":"","overlay-color":"","overlay-opacity":"","overlay-gradient":""},"tablet":{"background-color":"var(--ast-global-color-5)","background-image":"","background-repeat":"repeat","background-position":"center center","background-size":"auto","background-attachment":"scroll","background-type":"","background-media":"","overlay-type":"","overlay-color":"","overlay-opacity":"","overlay-gradient":""},"mobile":{"background-color":"var(--ast-global-color-5)","background-image":"","background-repeat":"repeat","background-position":"center center","background-size":"auto","background-attachment":"scroll","background-type":"","background-media":"","overlay-type":"","overlay-color":"","overlay-opacity":"","overlay-gradient":""}},"footnotes":""},"class_list":["post-540","page","type-page","status-publish","hentry"],"acf":[],"yoast_head":"<!-- This site is optimized with the Yoast SEO plugin v27.3 - https:\/\/yoast.com\/product\/yoast-seo-wordpress\/ -->\n<title>Electrophoresis Aluminum Extrusion Profiles Manufacturer -Wellste<\/title>\n<meta name=\"description\" content=\"Wellste is a professional manufacturer that supply quality electrophresis aluminum extrusion profiles, regular supply popular color finish and support custom.\" \/>\n<meta name=\"robots\" content=\"index, follow, max-snippet:-1, max-image-preview:large, max-video-preview:-1\" \/>\n<link rel=\"canonical\" href=\"https:\/\/www.wellste.com\/tr\/electrophoresis-extruded-aluminum-profiles\/\" \/>\n<meta property=\"og:locale\" content=\"tr_TR\" \/>\n<meta property=\"og:type\" content=\"article\" \/>\n<meta property=\"og:title\" content=\"Electrophoresis Aluminum Extrusion Profiles Manufacturer -Wellste\" \/>\n<meta property=\"og:description\" content=\"Wellste is a professional manufacturer that supply quality electrophresis aluminum extrusion profiles, regular supply popular color finish and support custom.\" \/>\n<meta property=\"og:url\" content=\"https:\/\/www.wellste.com\/tr\/electrophoresis-extruded-aluminum-profiles\/\" \/>\n<meta property=\"og:site_name\" content=\"WELLSTE\" \/>\n<meta property=\"article:modified_time\" content=\"2023-11-29T02:53:51+00:00\" \/>\n<meta name=\"twitter:card\" content=\"summary_large_image\" \/>\n<script type=\"application\/ld+json\" class=\"yoast-schema-graph\">{\"@context\":\"https:\\\/\\\/schema.org\",\"@graph\":[{\"@type\":\"WebPage\",\"@id\":\"https:\\\/\\\/www.wellste.com\\\/electrophoresis-extruded-aluminum-profiles\\\/\",\"url\":\"https:\\\/\\\/www.wellste.com\\\/electrophoresis-extruded-aluminum-profiles\\\/\",\"name\":\"Electrophoresis Aluminum Extrusion Profiles Manufacturer -Wellste\",\"isPartOf\":{\"@id\":\"https:\\\/\\\/www.wellste.com\\\/#website\"},\"datePublished\":\"2019-03-01T13:16:36+00:00\",\"dateModified\":\"2023-11-29T02:53:51+00:00\",\"description\":\"Wellste is a professional manufacturer that supply quality electrophresis aluminum extrusion profiles, regular supply popular color finish and support custom.\",\"breadcrumb\":{\"@id\":\"https:\\\/\\\/www.wellste.com\\\/electrophoresis-extruded-aluminum-profiles\\\/#breadcrumb\"},\"inLanguage\":\"tr\",\"potentialAction\":[{\"@type\":\"ReadAction\",\"target\":[\"https:\\\/\\\/www.wellste.com\\\/electrophoresis-extruded-aluminum-profiles\\\/\"]}]},{\"@type\":\"BreadcrumbList\",\"@id\":\"https:\\\/\\\/www.wellste.com\\\/electrophoresis-extruded-aluminum-profiles\\\/#breadcrumb\",\"itemListElement\":[{\"@type\":\"ListItem\",\"position\":1,\"name\":\"Home\",\"item\":\"https:\\\/\\\/www.wellste.com\\\/\"},{\"@type\":\"ListItem\",\"position\":2,\"name\":\"Electrophoresis Extruded Aluminum Profiles\"}]},{\"@type\":\"WebSite\",\"@id\":\"https:\\\/\\\/www.wellste.com\\\/#website\",\"url\":\"https:\\\/\\\/www.wellste.com\\\/\",\"name\":\"WELLSTE\",\"description\":\"\",\"publisher\":{\"@id\":\"https:\\\/\\\/www.wellste.com\\\/#organization\"},\"potentialAction\":[{\"@type\":\"SearchAction\",\"target\":{\"@type\":\"EntryPoint\",\"urlTemplate\":\"https:\\\/\\\/www.wellste.com\\\/?s={search_term_string}\"},\"query-input\":{\"@type\":\"PropertyValueSpecification\",\"valueRequired\":true,\"valueName\":\"search_term_string\"}}],\"inLanguage\":\"tr\"},{\"@type\":\"Organization\",\"@id\":\"https:\\\/\\\/www.wellste.com\\\/#organization\",\"name\":\"WELLSTE\",\"url\":\"https:\\\/\\\/www.wellste.com\\\/\",\"logo\":{\"@type\":\"ImageObject\",\"inLanguage\":\"tr\",\"@id\":\"https:\\\/\\\/www.wellste.com\\\/#\\\/schema\\\/logo\\\/image\\\/\",\"url\":\"https:\\\/\\\/www.wellste.com\\\/wp-content\\\/uploads\\\/2019\\\/04\\\/wellste-new-logo.png\",\"contentUrl\":\"https:\\\/\\\/www.wellste.com\\\/wp-content\\\/uploads\\\/2019\\\/04\\\/wellste-new-logo.png\",\"width\":207,\"height\":67,\"caption\":\"WELLSTE\"},\"image\":{\"@id\":\"https:\\\/\\\/www.wellste.com\\\/#\\\/schema\\\/logo\\\/image\\\/\"}}]}<\/script>\n<!-- \/ Yoast SEO plugin. -->","yoast_head_json":{"title":"Elektroforez Al\u00fcminyum Ekstr\u00fczyon Profilleri \u00dcreticisi -Wellste","description":"Wellste, kaliteli elektroforez al\u00fcminyum ekstr\u00fczyon profilleri tedarik eden, pop\u00fcler renk kaplamalar\u0131n\u0131 d\u00fczenli olarak tedarik eden ve \u00f6zel deste\u011fi sa\u011flayan profesyonel bir \u00fcreticidir.","robots":{"index":"index","follow":"follow","max-snippet":"max-snippet:-1","max-image-preview":"max-image-preview:large","max-video-preview":"max-video-preview:-1"},"canonical":"https:\/\/www.wellste.com\/tr\/electrophoresis-extruded-aluminum-profiles\/","og_locale":"tr_TR","og_type":"article","og_title":"Electrophoresis Aluminum Extrusion Profiles Manufacturer -Wellste","og_description":"Wellste is a professional manufacturer that supply quality electrophresis aluminum extrusion profiles, regular supply popular color finish and support custom.","og_url":"https:\/\/www.wellste.com\/tr\/electrophoresis-extruded-aluminum-profiles\/","og_site_name":"WELLSTE","article_modified_time":"2023-11-29T02:53:51+00:00","twitter_card":"summary_large_image","schema":{"@context":"https:\/\/schema.org","@graph":[{"@type":"WebPage","@id":"https:\/\/www.wellste.com\/electrophoresis-extruded-aluminum-profiles\/","url":"https:\/\/www.wellste.com\/electrophoresis-extruded-aluminum-profiles\/","name":"Elektroforez Al\u00fcminyum Ekstr\u00fczyon Profilleri \u00dcreticisi -Wellste","isPartOf":{"@id":"https:\/\/www.wellste.com\/#website"},"datePublished":"2019-03-01T13:16:36+00:00","dateModified":"2023-11-29T02:53:51+00:00","description":"Wellste, kaliteli elektroforez al\u00fcminyum ekstr\u00fczyon profilleri tedarik eden, pop\u00fcler renk kaplamalar\u0131n\u0131 d\u00fczenli olarak tedarik eden ve \u00f6zel deste\u011fi sa\u011flayan profesyonel bir \u00fcreticidir.","breadcrumb":{"@id":"https:\/\/www.wellste.com\/electrophoresis-extruded-aluminum-profiles\/#breadcrumb"},"inLanguage":"tr","potentialAction":[{"@type":"ReadAction","target":["https:\/\/www.wellste.com\/electrophoresis-extruded-aluminum-profiles\/"]}]},{"@type":"BreadcrumbList","@id":"https:\/\/www.wellste.com\/electrophoresis-extruded-aluminum-profiles\/#breadcrumb","itemListElement":[{"@type":"ListItem","position":1,"name":"Home","item":"https:\/\/www.wellste.com\/"},{"@type":"ListItem","position":2,"name":"Electrophoresis Extruded Aluminum Profiles"}]},{"@type":"WebSite","@id":"https:\/\/www.wellste.com\/#website","url":"https:\/\/www.wellste.com\/","name":"KUYU","description":"","publisher":{"@id":"https:\/\/www.wellste.com\/#organization"},"potentialAction":[{"@type":"SearchAction","target":{"@type":"EntryPoint","urlTemplate":"https:\/\/www.wellste.com\/?s={search_term_string}"},"query-input":{"@type":"PropertyValueSpecification","valueRequired":true,"valueName":"search_term_string"}}],"inLanguage":"tr"},{"@type":"Organization","@id":"https:\/\/www.wellste.com\/#organization","name":"KUYU","url":"https:\/\/www.wellste.com\/","logo":{"@type":"ImageObject","inLanguage":"tr","@id":"https:\/\/www.wellste.com\/#\/schema\/logo\/image\/","url":"https:\/\/www.wellste.com\/wp-content\/uploads\/2019\/04\/wellste-new-logo.png","contentUrl":"https:\/\/www.wellste.com\/wp-content\/uploads\/2019\/04\/wellste-new-logo.png","width":207,"height":67,"caption":"WELLSTE"},"image":{"@id":"https:\/\/www.wellste.com\/#\/schema\/logo\/image\/"}}]}},"_links":{"self":[{"href":"https:\/\/www.wellste.com\/tr\/wp-json\/wp\/v2\/pages\/540","targetHints":{"allow":["GET"]}}],"collection":[{"href":"https:\/\/www.wellste.com\/tr\/wp-json\/wp\/v2\/pages"}],"about":[{"href":"https:\/\/www.wellste.com\/tr\/wp-json\/wp\/v2\/types\/page"}],"author":[{"embeddable":true,"href":"https:\/\/www.wellste.com\/tr\/wp-json\/wp\/v2\/users\/1"}],"replies":[{"embeddable":true,"href":"https:\/\/www.wellste.com\/tr\/wp-json\/wp\/v2\/comments?post=540"}],"version-history":[{"count":0,"href":"https:\/\/www.wellste.com\/tr\/wp-json\/wp\/v2\/pages\/540\/revisions"}],"wp:attachment":[{"href":"https:\/\/www.wellste.com\/tr\/wp-json\/wp\/v2\/media?parent=540"}],"curies":[{"name":"wp","href":"https:\/\/api.w.org\/{rel}","templated":true}]}}