{"id":20,"date":"2018-12-17T17:21:03","date_gmt":"2018-12-17T17:21:03","guid":{"rendered":"http:\/\/wellste.digitalpixels.co\/?page_id=20"},"modified":"2021-01-04T03:31:35","modified_gmt":"2021-01-04T03:31:35","slug":"about","status":"publish","type":"page","link":"https:\/\/www.wellste.com\/tr\/about\/","title":{"rendered":"Hakk\u0131nda"},"content":{"rendered":"<div class=\"aboutBanner innerPageBanner\">\n<div class=\"container\">\n<div class=\"row cust-row\">\n<div class=\"col-sm-8 col-md-6 col-lg-5\">\n<div class=\"displayTable\">\n<div class=\"bannerBox\">\n<h1 class=\"bannerHeading margin0\">Wellste Hakk\u0131nda<\/h1>\n<div class=\"bannerSubHeading paddTop20 paddBottom20\">\u00c7in&#039;de Ara\u015ft\u0131rma, Tasar\u0131m ve \u00dcretimi Birle\u015ftiren Profesyonel Al\u00fcminyum Ekstr\u00fczyon \u00dcreticiniz ve Tedarik\u00e7iniz.<\/div>\n<div><a href=\"#contactPopUpForm\" class=\"fancybox-inline commonBtn orangeBtn bannerBtn\">\u015eimdi Destek Ekibimizle \u0130leti\u015fime Ge\u00e7in<\/a><\/div>\n<\/div>\n<\/div>\n<\/div>\n<\/div>\n<\/div>\n<\/div>\n<div class=\"aboutSection1 paddTop60 paddBottom60\">\n<div class=\"container\">\n<div class=\"row cust-row\">\n<div class=\"col-sm-12\">\n<h2>Wellste Hakk\u0131nda<\/h2>\n<p>Wellste, ISO9001-2001 sertifikal\u0131 ba\u011f\u0131ms\u0131z bir kurulu\u015ftur <a href=\"https:\/\/www.wellste.com\/tr\/aluminum-extrusions\/\" target=\"_blank\" rel=\"noopener\">al\u00fcminyum ekstr\u00fczyon profili<\/a> al\u00fcminyum ekstr\u00fczyon ve al\u00fcminyum i\u015fleme end\u00fcstrisinin ara\u015ft\u0131rma, tasar\u0131m, \u00fcretim ve pazarlamas\u0131n\u0131 birle\u015ftiren \u00fcretici <a href=\"https:\/\/www.wellste.com\/tr\/aluminium-profiles\/\" target=\"_blank\" rel=\"noopener\">Al\u00fcminyum Profil<\/a>.<\/p>\n<p>Wellste esas olarak \u00dcretiyor <a href=\"https:\/\/www.wellste.com\/tr\/\" target=\"_blank\" rel=\"noopener\">\u00f6zelle\u015ftirilmi\u015f al\u00fcminyum ekstr\u00fczyonlar<\/a>, standart yap\u0131sal ekstr\u00fcde al\u00fcminyum profiller, <a href=\"https:\/\/www.wellste.com\/tr\/extruded-aluminum-tube\/\" target=\"_blank\" rel=\"noopener\">al\u00fcminyum boru<\/a>, <a href=\"https:\/\/www.wellste.com\/tr\/aluminium-profiles-for-windows-doors\/\" target=\"_blank\" rel=\"noopener\">al\u00fcminyum pencere kap\u0131 profilleri<\/a>, perde duvar profilleri,<a href=\"https:\/\/www.wellste.com\/tr\/extruded-heat-sink\/\" target=\"_blank\" rel=\"noopener\"> Al\u00fcminyum \u0131s\u0131 emici profiller<\/a>ve PV g\u00fcne\u015f montaj yap\u0131sal sistemleri, <a href=\"https:\/\/www.wellste.com\/tr\/t-slot-aluminum-extrusion\/\" target=\"_blank\" rel=\"noopener\">al\u00fcminyum t yuvas\u0131 \u00e7er\u00e7evesi<\/a> vesaire.<\/p>\n<p>Ekstr\u00fczyondan teslimata kadar t\u00fcm \u00fcretim s\u00fcrecini tek \u00e7at\u0131 alt\u0131nda tamaml\u0131yoruz. Tasar\u0131m ve m\u00fchendislik, ekstr\u00fczyon, y\u00fczey kaplamalar\u0131 ve zaman\u0131nda teslimat konular\u0131nda kapsaml\u0131 \u00e7\u00f6z\u00fcmler sunuyoruz.<\/p>\n<p>Y\u0131ll\u0131k 100.000 ton \u00fcretim kapasitesine sahip, ISO9001, ISO14001 sertifikal\u0131 firmam\u0131z, m\u00fc\u015fterilerine g\u00fcvenilir ve kaliteli hizmet sunmaktad\u0131r.<\/p>\n<p>Al\u00fcminyum ekstr\u00fczyon sekt\u00f6r\u00fcnde 20 y\u0131l\u0131 a\u015fk\u0131n deneyimimiz, \u00fcr\u00fcn \u00e7izimini do\u011fru bir \u015fekilde analiz etmemizi ve \u00fcretim s\u0131ras\u0131nda ortaya \u00e7\u0131kan her t\u00fcrl\u00fc sorunla sakin bir \u015fekilde ba\u015fa \u00e7\u0131kmam\u0131z\u0131 sa\u011flar. B\u00f6ylece \u00fcr\u00fcn\u00fcn kalitesini garanti edebilir ve y\u00fcksek d\u00fczeyde m\u00fc\u015fteri memnuniyeti sa\u011flayabiliriz.<\/p>\n<p>\u00dcretici orta\u011f\u0131n\u0131z olarak bizi se\u00e7ti\u011finiz i\u00e7in te\u015fekk\u00fcr ederiz. Al\u00fcminyum profiller alan\u0131nda sizinle \u00e7al\u0131\u015fmaktan mutluluk duyar\u0131z.<\/p>\n<div><a href=\"#contactPopUpForm\" class=\"fancybox-inline commonBtn orangeBtn smallBtn\">Wellste Ekibiyle Hemen \u0130leti\u015fime Ge\u00e7in<\/a><\/div>\n<\/div>\n<\/div>\n<\/div>\n<\/div>\n<div class=\"contactBar orangeSection paddTop30 paddBottom25\">\n<div class=\"container\">\n<div class=\"row cust-row\">\n<div class=\"col-sm-12 col-md-8 col-lg-9\">\n<h3 class=\"contactBarLine1 margin0 paddBottom5 clrWhite fw400\">\u0130\u015fletmenizi Destekleyelim ve Sizin \u0130\u00e7in Maliyetleri Azaltal\u0131m<\/h3>\n<div class=\"contactBarLine2 clrWhite\">Wellste Al\u00fcminyum Ekstr\u00fczyonlar\u0131n\u0131z\u0131 \u00f6zelle\u015ftirebilir, ayr\u0131ca sadece fikir olsa bile kendi \u00fcr\u00fcnlerinizi tasarlayabilir.<\/div>\n<\/div>\n<div class=\"col-sm-12 col-md-4 col-lg-3 contactBarBtn\">\n<div class=\"paddTop15\"><a href=\"#contactPopUpForm\" class=\"fancybox-inline commonBtn transparentBtn\">Bize Ula\u015f\u0131n<\/a><\/div>\n<\/div>\n<\/div>\n<\/div>\n<\/div>\n<div class=\"cVideoSection paddTop60\">\n<div class=\"container\">\n<div class=\"row cust-row\">\n<div class=\"col-sm-12\">\n<div class=\"ast-oembed-container\" style=\"height: 100%;\"><iframe title=\"Wellste Al\u00fcminyum\" width=\"500\" height=\"281\" src=\"https:\/\/www.youtube.com\/embed\/q_wbZ4YptlY?feature=oembed\" frameborder=\"0\" allow=\"accelerometer; autoplay; clipboard-write; encrypted-media; gyroscope; picture-in-picture; web-share\" referrerpolicy=\"strict-origin-when-cross-origin\" allowfullscreen><\/iframe><\/div>\n<\/div>\n<div class=\"col-sm-12 paddTop70 text-center\"><a href=\"#contactPopUpForm\" class=\"fancybox-inline commonBtn orangeBtn largeBtn\">Wellste&#039;nin G\u00f6r\u00fcn\u00fcm\u00fc<\/a><\/div>\n<\/div>\n<\/div>\n<\/div>\n<section id=\"ability\" class=\"paddTop60 paddBottom55\">\n<div class=\"container\">\n<div class=\"row cust-row text-center\">\n<div class=\"col-sm-6 col-md-3 paddTop30\">\n<div class=\"abilityBox hoverImg\">\n<div><img decoding=\"async\" class=\"img-responsive\" src=\"\/wp-content\/uploads\/2018\/12\/Ekstr\u00fcde-D\u00fckkan.jpg\" alt=\"Ekstr\u00fcde D\u00fckkan\" \/><\/div>\n<div class=\"cTitle clrWhite fw700 displayFlex\">Ekstr\u00fcde D\u00fckkan<\/div>\n<\/div>\n<\/div>\n<div class=\"col-sm-6 col-md-3 paddTop30\">\n<div class=\"abilityBox hoverImg\">\n<div><img decoding=\"async\" class=\"img-responsive\" src=\"\/wp-content\/uploads\/2018\/12\/Production-Inspection.jpg\" alt=\"\u00dcretim Denetimi\" \/><\/div>\n<div class=\"cTitle clrWhite fw700 displayFlex\">\u00dcretim Denetimi<\/div>\n<\/div>\n<\/div>\n<div class=\"col-sm-6 col-md-3 paddTop30\">\n<div class=\"abilityBox hoverImg\">\n<div><img decoding=\"async\" class=\"img-responsive\" src=\"\/wp-content\/uploads\/2018\/12\/Support-Service.jpg\" alt=\"Destek Hizmeti\" \/><\/div>\n<div class=\"cTitle clrWhite fw700 displayFlex\">Destek Ekibi<\/div>\n<\/div>\n<\/div>\n<div class=\"col-sm-6 col-md-3 paddTop30\">\n<div class=\"abilityBox hoverImg\">\n<div><img decoding=\"async\" class=\"img-responsive\" src=\"\/wp-content\/uploads\/2018\/12\/inhouse-laboratory.jpg\" alt=\"Dahili Laboratuvar\" \/><\/div>\n<div class=\"cTitle clrWhite fw700 displayFlex\">Dahili Laboratuvar<\/div>\n<\/div>\n<\/div>\n<\/div>\n<\/div>\n<\/section>\n<div class=\"wideContactForm greySectionF2 paddTop75 paddBottom80\">\n<div class=\"container\">\n<div class=\"row cust-row\">\n<div class=\"col-sm-12 text-center paddBottom15\">\n<h2>Wellste ile Ortak Olun \u0130\u015finizi Geli\u015ftirin<\/h2>\n<\/div>\n<div id=\"custom_html-5\" class=\"widget_text widget-container widget_custom_html\"><div class=\"textwidget custom-html-widget\"><form class=\"form contactForm\" name=\"form1\" enctype=\"multipart\/form-data\" method=\"post\" action=\"https:\/\/hanru.wufoo.com\/forms\/z1m6zlo80trortm\/#public\">\r\n<div class=\"col-sm-6\">\r\n<input type=\"text\" name=\"Field1\" value=\"\" placeholder=\"\u0130sim*\" required \/>\r\n<\/div>\r\n<div class=\"col-sm-6\">\r\n<input type=\"email\" name=\"Field2\" value=\"\" placeholder=\"E-posta*\" required \/>\r\n<\/div>\r\n<div class=\"col-sm-6\">\r\n<input type=\"text\" name=\"Field11\" value=\"\" placeholder=\"Telefon*\" required \/>\r\n<\/div>\r\n<div class=\"col-sm-6\">\r\n<input type=\"text\" name=\"Field12\" value=\"\" placeholder=\"\u00dclke*\" required \/>\r\n<\/div>\r\n<div class=\"col-sm-12\">\r\n<textarea name=\"Field3\" placeholder=\"\u0130htiyac\u0131n\u0131z*\" required><\/textarea>\r\n<\/div>\r\n<div class=\"col-sm-12\">\r\n<div class=\"wufooLabel\">EK<\/div>\r\n<div><input name=\"Field7\" type=\"file\" data-file-max-size=\"5\"\/><\/div>\r\n<\/div>\r\n<div class=\"col-sm-12 text-center paddTop15\">\r\n<div class=\"hidden\"><input name=\"Field4\" type=\"text\" value=\"http:\/\/www.wellste.com\/tr\/wp-json\/wp\/v2\/pages\/20\"\/><\/div>\r\n<div class=\"hidden\"><input name=\"Field9\" type=\"text\" value=\"\"\/><\/div>\r\n<input type=\"submit\" name=\"saveForm\" value=\"Gereksinimlerinizi G\u00f6nderin\" class=\"commonBtn orangeBtn smallBtn\"\/>\r\n<\/div>\r\n<div class=\"hidden\">\r\n<textarea name=\"comment\" id=\"comment\" rows=\"1\" cols=\"1\"><\/textarea>\r\n<input type=\"hidden\" id=\"idstamp\" name=\"idstamp\" value=\"Z+90TgH3t73yQ9zFrkvuprkJigsN1FnAhce\/4bcQsxg=\" \/>\r\n<input type=\"hidden\" id=\"encryptedPassword\" name=\"encryptedPassword\" value=\"\" \/>\r\n<\/div>\r\n<div class=\"clearfix\"><\/div>\r\n<\/form><\/div><\/div><\/div>\n<\/div>\n<\/div>","protected":false},"excerpt":{"rendered":"<p>About Wellste Your Professional Aluminum Extrusion Manufacturer and Supplier\u00a0that integrates Research, Design, Production in China. Contact Our Support Team Now About Wellste Wellste is an ISO9001-2001 certified independent aluminium extruison Profile manufacturer that integrates Research, Design, Production, and marketing of aluminium extrusion and aluminum Profile. Wellste mainly Produce customized aluminium extrusions, standard structural extruded aluminum [&hellip;]<\/p>\n","protected":false},"author":1,"featured_media":0,"parent":0,"menu_order":5,"comment_status":"closed","ping_status":"closed","template":"","meta":{"_acf_changed":false,"site-sidebar-layout":"no-sidebar","site-content-layout":"page-builder","ast-site-content-layout":"default","site-content-style":"default","site-sidebar-style":"default","ast-global-header-display":"","ast-banner-title-visibility":"","ast-main-header-display":"","ast-hfb-above-header-display":"","ast-hfb-below-header-display":"","ast-hfb-mobile-header-display":"","site-post-title":"disabled","ast-breadcrumbs-content":"disabled","ast-featured-img":"disabled","footer-sml-layout":"","ast-disable-related-posts":"","theme-transparent-header-meta":"default","adv-header-id-meta":"","stick-header-meta":"default","header-above-stick-meta":"","header-main-stick-meta":"","header-below-stick-meta":"","astra-migrate-meta-layouts":"default","ast-page-background-enabled":"default","ast-page-background-meta":{"desktop":{"background-color":"","background-image":"","background-repeat":"repeat","background-position":"center center","background-size":"auto","background-attachment":"scroll","background-type":"","background-media":"","overlay-type":"","overlay-color":"","overlay-opacity":"","overlay-gradient":""},"tablet":{"background-color":"","background-image":"","background-repeat":"repeat","background-position":"center center","background-size":"auto","background-attachment":"scroll","background-type":"","background-media":"","overlay-type":"","overlay-color":"","overlay-opacity":"","overlay-gradient":""},"mobile":{"background-color":"","background-image":"","background-repeat":"repeat","background-position":"center center","background-size":"auto","background-attachment":"scroll","background-type":"","background-media":"","overlay-type":"","overlay-color":"","overlay-opacity":"","overlay-gradient":""}},"ast-content-background-meta":{"desktop":{"background-color":"var(--ast-global-color-5)","background-image":"","background-repeat":"repeat","background-position":"center center","background-size":"auto","background-attachment":"scroll","background-type":"","background-media":"","overlay-type":"","overlay-color":"","overlay-opacity":"","overlay-gradient":""},"tablet":{"background-color":"var(--ast-global-color-5)","background-image":"","background-repeat":"repeat","background-position":"center center","background-size":"auto","background-attachment":"scroll","background-type":"","background-media":"","overlay-type":"","overlay-color":"","overlay-opacity":"","overlay-gradient":""},"mobile":{"background-color":"var(--ast-global-color-5)","background-image":"","background-repeat":"repeat","background-position":"center center","background-size":"auto","background-attachment":"scroll","background-type":"","background-media":"","overlay-type":"","overlay-color":"","overlay-opacity":"","overlay-gradient":""}},"footnotes":""},"class_list":["post-20","page","type-page","status-publish","hentry"],"acf":[],"yoast_head":"<!-- This site is optimized with the Yoast SEO plugin v27.4 - https:\/\/yoast.com\/product\/yoast-seo-wordpress\/ -->\n<title>Aluminum Extrusion Profiles Supplier | Wellste Aluminum China<\/title>\n<meta name=\"description\" content=\"Wellste Aluminum is your premier aluminum extrusions manufacturer and Supplier from China, Any shape of extruded aluminum profiles are available.\" \/>\n<meta name=\"robots\" content=\"index, follow, max-snippet:-1, max-image-preview:large, max-video-preview:-1\" \/>\n<link rel=\"canonical\" href=\"https:\/\/www.wellste.com\/tr\/about\/\" \/>\n<meta property=\"og:locale\" content=\"tr_TR\" \/>\n<meta property=\"og:type\" content=\"article\" \/>\n<meta property=\"og:title\" content=\"Aluminum Extrusion Profiles Supplier | Wellste Aluminum China\" \/>\n<meta property=\"og:description\" content=\"Wellste Aluminum is your premier aluminum extrusions manufacturer and Supplier from China, Any shape of extruded aluminum profiles are available.\" \/>\n<meta property=\"og:url\" content=\"https:\/\/www.wellste.com\/tr\/about\/\" \/>\n<meta property=\"og:site_name\" content=\"WELLSTE\" \/>\n<meta property=\"article:modified_time\" content=\"2021-01-04T03:31:35+00:00\" \/>\n<meta property=\"og:image\" content=\"https:\/\/www.wellste.com\/wp-content\/uploads\/2018\/12\/Extruded-Shop.jpg\" \/>\n<meta name=\"twitter:card\" content=\"summary_large_image\" \/>\n<meta name=\"twitter:label1\" content=\"Tahmini okuma s\u00fcresi\" \/>\n\t<meta name=\"twitter:data1\" content=\"1 dakika\" \/>\n<script type=\"application\/ld+json\" class=\"yoast-schema-graph\">{\"@context\":\"https:\\\/\\\/schema.org\",\"@graph\":[{\"@type\":\"WebPage\",\"@id\":\"https:\\\/\\\/www.wellste.com\\\/about\\\/\",\"url\":\"https:\\\/\\\/www.wellste.com\\\/about\\\/\",\"name\":\"Aluminum Extrusion Profiles Supplier | Wellste Aluminum China\",\"isPartOf\":{\"@id\":\"https:\\\/\\\/www.wellste.com\\\/#website\"},\"datePublished\":\"2018-12-17T17:21:03+00:00\",\"dateModified\":\"2021-01-04T03:31:35+00:00\",\"description\":\"Wellste Aluminum is your premier aluminum extrusions manufacturer and Supplier from China, Any shape of extruded aluminum profiles are available.\",\"breadcrumb\":{\"@id\":\"https:\\\/\\\/www.wellste.com\\\/about\\\/#breadcrumb\"},\"inLanguage\":\"tr\",\"potentialAction\":[{\"@type\":\"ReadAction\",\"target\":[\"https:\\\/\\\/www.wellste.com\\\/about\\\/\"]}]},{\"@type\":\"BreadcrumbList\",\"@id\":\"https:\\\/\\\/www.wellste.com\\\/about\\\/#breadcrumb\",\"itemListElement\":[{\"@type\":\"ListItem\",\"position\":1,\"name\":\"Home\",\"item\":\"https:\\\/\\\/www.wellste.com\\\/\"},{\"@type\":\"ListItem\",\"position\":2,\"name\":\"About\"}]},{\"@type\":\"WebSite\",\"@id\":\"https:\\\/\\\/www.wellste.com\\\/#website\",\"url\":\"https:\\\/\\\/www.wellste.com\\\/\",\"name\":\"WELLSTE\",\"description\":\"\",\"publisher\":{\"@id\":\"https:\\\/\\\/www.wellste.com\\\/#organization\"},\"potentialAction\":[{\"@type\":\"SearchAction\",\"target\":{\"@type\":\"EntryPoint\",\"urlTemplate\":\"https:\\\/\\\/www.wellste.com\\\/?s={search_term_string}\"},\"query-input\":{\"@type\":\"PropertyValueSpecification\",\"valueRequired\":true,\"valueName\":\"search_term_string\"}}],\"inLanguage\":\"tr\"},{\"@type\":\"Organization\",\"@id\":\"https:\\\/\\\/www.wellste.com\\\/#organization\",\"name\":\"WELLSTE\",\"url\":\"https:\\\/\\\/www.wellste.com\\\/\",\"logo\":{\"@type\":\"ImageObject\",\"inLanguage\":\"tr\",\"@id\":\"https:\\\/\\\/www.wellste.com\\\/#\\\/schema\\\/logo\\\/image\\\/\",\"url\":\"https:\\\/\\\/www.wellste.com\\\/wp-content\\\/uploads\\\/2019\\\/04\\\/wellste-new-logo.png\",\"contentUrl\":\"https:\\\/\\\/www.wellste.com\\\/wp-content\\\/uploads\\\/2019\\\/04\\\/wellste-new-logo.png\",\"width\":207,\"height\":67,\"caption\":\"WELLSTE\"},\"image\":{\"@id\":\"https:\\\/\\\/www.wellste.com\\\/#\\\/schema\\\/logo\\\/image\\\/\"}}]}<\/script>\n<!-- \/ Yoast SEO plugin. -->","yoast_head_json":{"title":"Al\u00fcminyum Ekstr\u00fczyon Profilleri Tedarik\u00e7isi | Wellste Al\u00fcminyum \u00c7in","description":"Wellste Aluminium, \u00c7in&#039;deki \u00f6nde gelen al\u00fcminyum ekstr\u00fczyon \u00fcreticiniz ve tedarik\u00e7inizdir. Her t\u00fcrl\u00fc ekstr\u00fcde al\u00fcminyum profil mevcuttur.","robots":{"index":"index","follow":"follow","max-snippet":"max-snippet:-1","max-image-preview":"max-image-preview:large","max-video-preview":"max-video-preview:-1"},"canonical":"https:\/\/www.wellste.com\/tr\/about\/","og_locale":"tr_TR","og_type":"article","og_title":"Aluminum Extrusion Profiles Supplier | Wellste Aluminum China","og_description":"Wellste Aluminum is your premier aluminum extrusions manufacturer and Supplier from China, Any shape of extruded aluminum profiles are available.","og_url":"https:\/\/www.wellste.com\/tr\/about\/","og_site_name":"WELLSTE","article_modified_time":"2021-01-04T03:31:35+00:00","og_image":[{"url":"https:\/\/www.wellste.com\/wp-content\/uploads\/2018\/12\/Extruded-Shop.jpg","type":"","width":"","height":""}],"twitter_card":"summary_large_image","twitter_misc":{"Tahmini okuma s\u00fcresi":"1 dakika"},"schema":{"@context":"https:\/\/schema.org","@graph":[{"@type":"WebPage","@id":"https:\/\/www.wellste.com\/about\/","url":"https:\/\/www.wellste.com\/about\/","name":"Al\u00fcminyum Ekstr\u00fczyon Profilleri Tedarik\u00e7isi | Wellste Al\u00fcminyum \u00c7in","isPartOf":{"@id":"https:\/\/www.wellste.com\/#website"},"datePublished":"2018-12-17T17:21:03+00:00","dateModified":"2021-01-04T03:31:35+00:00","description":"Wellste Aluminium, \u00c7in&#039;deki \u00f6nde gelen al\u00fcminyum ekstr\u00fczyon \u00fcreticiniz ve tedarik\u00e7inizdir. Her t\u00fcrl\u00fc ekstr\u00fcde al\u00fcminyum profil mevcuttur.","breadcrumb":{"@id":"https:\/\/www.wellste.com\/about\/#breadcrumb"},"inLanguage":"tr","potentialAction":[{"@type":"ReadAction","target":["https:\/\/www.wellste.com\/about\/"]}]},{"@type":"BreadcrumbList","@id":"https:\/\/www.wellste.com\/about\/#breadcrumb","itemListElement":[{"@type":"ListItem","position":1,"name":"Home","item":"https:\/\/www.wellste.com\/"},{"@type":"ListItem","position":2,"name":"About"}]},{"@type":"WebSite","@id":"https:\/\/www.wellste.com\/#website","url":"https:\/\/www.wellste.com\/","name":"KUYU","description":"","publisher":{"@id":"https:\/\/www.wellste.com\/#organization"},"potentialAction":[{"@type":"SearchAction","target":{"@type":"EntryPoint","urlTemplate":"https:\/\/www.wellste.com\/?s={search_term_string}"},"query-input":{"@type":"PropertyValueSpecification","valueRequired":true,"valueName":"search_term_string"}}],"inLanguage":"tr"},{"@type":"Organization","@id":"https:\/\/www.wellste.com\/#organization","name":"KUYU","url":"https:\/\/www.wellste.com\/","logo":{"@type":"ImageObject","inLanguage":"tr","@id":"https:\/\/www.wellste.com\/#\/schema\/logo\/image\/","url":"https:\/\/www.wellste.com\/wp-content\/uploads\/2019\/04\/wellste-new-logo.png","contentUrl":"https:\/\/www.wellste.com\/wp-content\/uploads\/2019\/04\/wellste-new-logo.png","width":207,"height":67,"caption":"WELLSTE"},"image":{"@id":"https:\/\/www.wellste.com\/#\/schema\/logo\/image\/"}}]}},"_links":{"self":[{"href":"https:\/\/www.wellste.com\/tr\/wp-json\/wp\/v2\/pages\/20","targetHints":{"allow":["GET"]}}],"collection":[{"href":"https:\/\/www.wellste.com\/tr\/wp-json\/wp\/v2\/pages"}],"about":[{"href":"https:\/\/www.wellste.com\/tr\/wp-json\/wp\/v2\/types\/page"}],"author":[{"embeddable":true,"href":"https:\/\/www.wellste.com\/tr\/wp-json\/wp\/v2\/users\/1"}],"replies":[{"embeddable":true,"href":"https:\/\/www.wellste.com\/tr\/wp-json\/wp\/v2\/comments?post=20"}],"version-history":[{"count":0,"href":"https:\/\/www.wellste.com\/tr\/wp-json\/wp\/v2\/pages\/20\/revisions"}],"wp:attachment":[{"href":"https:\/\/www.wellste.com\/tr\/wp-json\/wp\/v2\/media?parent=20"}],"curies":[{"name":"wp","href":"https:\/\/api.w.org\/{rel}","templated":true}]}}