{"id":8321,"date":"2022-03-18T08:41:02","date_gmt":"2022-03-18T08:41:02","guid":{"rendered":"https:\/\/www.wellste.com\/?page_id=8321"},"modified":"2024-01-11T20:38:54","modified_gmt":"2024-01-11T20:38:54","slug":"industrial-aluminum-profile","status":"publish","type":"page","link":"https:\/\/www.wellste.com\/pt\/industrial-aluminum-profile\/","title":{"rendered":"Perfil de Alum\u00ednio Industrial"},"content":{"rendered":"","protected":false},"excerpt":{"rendered":"","protected":false},"author":4,"featured_media":0,"parent":0,"menu_order":0,"comment_status":"closed","ping_status":"closed","template":"landing-page2.php","meta":{"_acf_changed":false,"site-sidebar-layout":"no-sidebar","site-content-layout":"page-builder","ast-site-content-layout":"default","site-content-style":"default","site-sidebar-style":"default","ast-global-header-display":"","ast-banner-title-visibility":"","ast-main-header-display":"","ast-hfb-above-header-display":"","ast-hfb-below-header-display":"","ast-hfb-mobile-header-display":"","site-post-title":"disabled","ast-breadcrumbs-content":"","ast-featured-img":"disabled","footer-sml-layout":"","ast-disable-related-posts":"","theme-transparent-header-meta":"default","adv-header-id-meta":null,"stick-header-meta":"default","header-above-stick-meta":null,"header-main-stick-meta":"","header-below-stick-meta":null,"astra-migrate-meta-layouts":"default","ast-page-background-enabled":"default","ast-page-background-meta":{"desktop":{"background-color":"","background-image":"","background-repeat":"repeat","background-position":"center center","background-size":"auto","background-attachment":"scroll","background-type":"","background-media":"","overlay-type":"","overlay-color":"","overlay-opacity":"","overlay-gradient":""},"tablet":{"background-color":"","background-image":"","background-repeat":"repeat","background-position":"center center","background-size":"auto","background-attachment":"scroll","background-type":"","background-media":"","overlay-type":"","overlay-color":"","overlay-opacity":"","overlay-gradient":""},"mobile":{"background-color":"","background-image":"","background-repeat":"repeat","background-position":"center center","background-size":"auto","background-attachment":"scroll","background-type":"","background-media":"","overlay-type":"","overlay-color":"","overlay-opacity":"","overlay-gradient":""}},"ast-content-background-meta":{"desktop":{"background-color":"var(--ast-global-color-5)","background-image":"","background-repeat":"repeat","background-position":"center center","background-size":"auto","background-attachment":"scroll","background-type":"","background-media":"","overlay-type":"","overlay-color":"","overlay-opacity":"","overlay-gradient":""},"tablet":{"background-color":"var(--ast-global-color-5)","background-image":"","background-repeat":"repeat","background-position":"center center","background-size":"auto","background-attachment":"scroll","background-type":"","background-media":"","overlay-type":"","overlay-color":"","overlay-opacity":"","overlay-gradient":""},"mobile":{"background-color":"var(--ast-global-color-5)","background-image":"","background-repeat":"repeat","background-position":"center center","background-size":"auto","background-attachment":"scroll","background-type":"","background-media":"","overlay-type":"","overlay-color":"","overlay-opacity":"","overlay-gradient":""}},"footnotes":""},"class_list":["post-8321","page","type-page","status-publish","hentry"],"acf":[],"yoast_head":"<!-- This site is optimized with the Yoast SEO plugin v27.4 - https:\/\/yoast.com\/product\/yoast-seo-wordpress\/ -->\n<title>Your Reliable Industrial Aluminum Profile Manufacturer - Wellste<\/title>\n<meta name=\"description\" content=\"High-quality industrial aluminum profile right for your applications! Great selections in Wellste that suit your budget.Speediest delivery!\" \/>\n<meta name=\"robots\" content=\"index, follow, max-snippet:-1, max-image-preview:large, max-video-preview:-1\" \/>\n<link rel=\"canonical\" href=\"https:\/\/www.wellste.com\/pt\/industrial-aluminum-profile\/\" \/>\n<meta property=\"og:locale\" content=\"pt_BR\" \/>\n<meta property=\"og:type\" content=\"article\" \/>\n<meta property=\"og:title\" content=\"Your Reliable Industrial Aluminum Profile Manufacturer - Wellste\" \/>\n<meta property=\"og:description\" content=\"High-quality industrial aluminum profile right for your applications! Great selections in Wellste that suit your budget.Speediest delivery!\" \/>\n<meta property=\"og:url\" content=\"https:\/\/www.wellste.com\/pt\/industrial-aluminum-profile\/\" \/>\n<meta property=\"og:site_name\" content=\"WELLSTE\" \/>\n<meta property=\"article:modified_time\" content=\"2024-01-11T20:38:54+00:00\" \/>\n<meta name=\"twitter:card\" content=\"summary_large_image\" \/>\n<script type=\"application\/ld+json\" class=\"yoast-schema-graph\">{\"@context\":\"https:\\\/\\\/schema.org\",\"@graph\":[{\"@type\":\"WebPage\",\"@id\":\"https:\\\/\\\/www.wellste.com\\\/industrial-aluminum-profile\\\/\",\"url\":\"https:\\\/\\\/www.wellste.com\\\/industrial-aluminum-profile\\\/\",\"name\":\"Your Reliable Industrial Aluminum Profile Manufacturer - Wellste\",\"isPartOf\":{\"@id\":\"https:\\\/\\\/www.wellste.com\\\/#website\"},\"datePublished\":\"2022-03-18T08:41:02+00:00\",\"dateModified\":\"2024-01-11T20:38:54+00:00\",\"description\":\"High-quality industrial aluminum profile right for your applications! Great selections in Wellste that suit your budget.Speediest delivery!\",\"breadcrumb\":{\"@id\":\"https:\\\/\\\/www.wellste.com\\\/industrial-aluminum-profile\\\/#breadcrumb\"},\"inLanguage\":\"pt-BR\",\"potentialAction\":[{\"@type\":\"ReadAction\",\"target\":[\"https:\\\/\\\/www.wellste.com\\\/industrial-aluminum-profile\\\/\"]}]},{\"@type\":\"BreadcrumbList\",\"@id\":\"https:\\\/\\\/www.wellste.com\\\/industrial-aluminum-profile\\\/#breadcrumb\",\"itemListElement\":[{\"@type\":\"ListItem\",\"position\":1,\"name\":\"Home\",\"item\":\"https:\\\/\\\/www.wellste.com\\\/\"},{\"@type\":\"ListItem\",\"position\":2,\"name\":\"Industrial Aluminum Profile\"}]},{\"@type\":\"WebSite\",\"@id\":\"https:\\\/\\\/www.wellste.com\\\/#website\",\"url\":\"https:\\\/\\\/www.wellste.com\\\/\",\"name\":\"WELLSTE\",\"description\":\"\",\"publisher\":{\"@id\":\"https:\\\/\\\/www.wellste.com\\\/#organization\"},\"potentialAction\":[{\"@type\":\"SearchAction\",\"target\":{\"@type\":\"EntryPoint\",\"urlTemplate\":\"https:\\\/\\\/www.wellste.com\\\/?s={search_term_string}\"},\"query-input\":{\"@type\":\"PropertyValueSpecification\",\"valueRequired\":true,\"valueName\":\"search_term_string\"}}],\"inLanguage\":\"pt-BR\"},{\"@type\":\"Organization\",\"@id\":\"https:\\\/\\\/www.wellste.com\\\/#organization\",\"name\":\"WELLSTE\",\"url\":\"https:\\\/\\\/www.wellste.com\\\/\",\"logo\":{\"@type\":\"ImageObject\",\"inLanguage\":\"pt-BR\",\"@id\":\"https:\\\/\\\/www.wellste.com\\\/#\\\/schema\\\/logo\\\/image\\\/\",\"url\":\"https:\\\/\\\/www.wellste.com\\\/wp-content\\\/uploads\\\/2019\\\/04\\\/wellste-new-logo.png\",\"contentUrl\":\"https:\\\/\\\/www.wellste.com\\\/wp-content\\\/uploads\\\/2019\\\/04\\\/wellste-new-logo.png\",\"width\":207,\"height\":67,\"caption\":\"WELLSTE\"},\"image\":{\"@id\":\"https:\\\/\\\/www.wellste.com\\\/#\\\/schema\\\/logo\\\/image\\\/\"}}]}<\/script>\n<!-- \/ Yoast SEO plugin. -->","yoast_head_json":{"title":"Seu fabricante confi\u00e1vel de perfis de alum\u00ednio industrial - Wellste","description":"Perfil de alum\u00ednio industrial de alta qualidade ideal para as suas aplica\u00e7\u00f5es! \u00d3timas op\u00e7\u00f5es em Wellste que cabem no seu or\u00e7amento. Entrega r\u00e1pida!","robots":{"index":"index","follow":"follow","max-snippet":"max-snippet:-1","max-image-preview":"max-image-preview:large","max-video-preview":"max-video-preview:-1"},"canonical":"https:\/\/www.wellste.com\/pt\/industrial-aluminum-profile\/","og_locale":"pt_BR","og_type":"article","og_title":"Your Reliable Industrial Aluminum Profile Manufacturer - Wellste","og_description":"High-quality industrial aluminum profile right for your applications! Great selections in Wellste that suit your budget.Speediest delivery!","og_url":"https:\/\/www.wellste.com\/pt\/industrial-aluminum-profile\/","og_site_name":"WELLSTE","article_modified_time":"2024-01-11T20:38:54+00:00","twitter_card":"summary_large_image","schema":{"@context":"https:\/\/schema.org","@graph":[{"@type":"WebPage","@id":"https:\/\/www.wellste.com\/industrial-aluminum-profile\/","url":"https:\/\/www.wellste.com\/industrial-aluminum-profile\/","name":"Seu fabricante confi\u00e1vel de perfis de alum\u00ednio industrial - Wellste","isPartOf":{"@id":"https:\/\/www.wellste.com\/#website"},"datePublished":"2022-03-18T08:41:02+00:00","dateModified":"2024-01-11T20:38:54+00:00","description":"Perfil de alum\u00ednio industrial de alta qualidade ideal para as suas aplica\u00e7\u00f5es! \u00d3timas op\u00e7\u00f5es em Wellste que cabem no seu or\u00e7amento. Entrega r\u00e1pida!","breadcrumb":{"@id":"https:\/\/www.wellste.com\/industrial-aluminum-profile\/#breadcrumb"},"inLanguage":"pt-BR","potentialAction":[{"@type":"ReadAction","target":["https:\/\/www.wellste.com\/industrial-aluminum-profile\/"]}]},{"@type":"BreadcrumbList","@id":"https:\/\/www.wellste.com\/industrial-aluminum-profile\/#breadcrumb","itemListElement":[{"@type":"ListItem","position":1,"name":"Home","item":"https:\/\/www.wellste.com\/"},{"@type":"ListItem","position":2,"name":"Industrial Aluminum Profile"}]},{"@type":"WebSite","@id":"https:\/\/www.wellste.com\/#website","url":"https:\/\/www.wellste.com\/","name":"BEM-ESTAR","description":"","publisher":{"@id":"https:\/\/www.wellste.com\/#organization"},"potentialAction":[{"@type":"SearchAction","target":{"@type":"EntryPoint","urlTemplate":"https:\/\/www.wellste.com\/?s={search_term_string}"},"query-input":{"@type":"PropertyValueSpecification","valueRequired":true,"valueName":"search_term_string"}}],"inLanguage":"pt-BR"},{"@type":"Organization","@id":"https:\/\/www.wellste.com\/#organization","name":"BEM-ESTAR","url":"https:\/\/www.wellste.com\/","logo":{"@type":"ImageObject","inLanguage":"pt-BR","@id":"https:\/\/www.wellste.com\/#\/schema\/logo\/image\/","url":"https:\/\/www.wellste.com\/wp-content\/uploads\/2019\/04\/wellste-new-logo.png","contentUrl":"https:\/\/www.wellste.com\/wp-content\/uploads\/2019\/04\/wellste-new-logo.png","width":207,"height":67,"caption":"WELLSTE"},"image":{"@id":"https:\/\/www.wellste.com\/#\/schema\/logo\/image\/"}}]}},"_links":{"self":[{"href":"https:\/\/www.wellste.com\/pt\/wp-json\/wp\/v2\/pages\/8321","targetHints":{"allow":["GET"]}}],"collection":[{"href":"https:\/\/www.wellste.com\/pt\/wp-json\/wp\/v2\/pages"}],"about":[{"href":"https:\/\/www.wellste.com\/pt\/wp-json\/wp\/v2\/types\/page"}],"author":[{"embeddable":true,"href":"https:\/\/www.wellste.com\/pt\/wp-json\/wp\/v2\/users\/4"}],"replies":[{"embeddable":true,"href":"https:\/\/www.wellste.com\/pt\/wp-json\/wp\/v2\/comments?post=8321"}],"version-history":[{"count":0,"href":"https:\/\/www.wellste.com\/pt\/wp-json\/wp\/v2\/pages\/8321\/revisions"}],"wp:attachment":[{"href":"https:\/\/www.wellste.com\/pt\/wp-json\/wp\/v2\/media?parent=8321"}],"curies":[{"name":"wp","href":"https:\/\/api.w.org\/{rel}","templated":true}]}}