{"id":289,"date":"2019-02-27T22:03:35","date_gmt":"2019-02-27T22:03:35","guid":{"rendered":"http:\/\/wellste.digitalpixels.co\/?page_id=289"},"modified":"2021-01-13T13:37:51","modified_gmt":"2021-01-13T13:37:51","slug":"aluminium-profiles-manufacturer-china","status":"publish","type":"page","link":"https:\/\/www.wellste.com\/pt\/aluminium-profiles-manufacturer-china\/","title":{"rendered":"Fabricante de perfis de alum\u00ednio na China"},"content":{"rendered":"<h1>Fabricante de perfis de alum\u00ednio na China<\/h1>\n<p style=\"text-align: left;\">A Wellste Aluminium \u00e9 uma das maiores f\u00e1bricas de perfis de alum\u00ednio e extrus\u00e3o de alum\u00ednio da China, capaz de fornecer produtos de alum\u00ednio de qualidade que atendem ao padr\u00e3o ISO.<\/p>\n<p style=\"text-align: left;\">Nossa empresa fornece liga de perfil de alum\u00ednio, incluindo 6000 s\u00e9rios, como 6063 t5, 6061 t6, 6082 t6 e mais. Oferecemos a voc\u00ea o melhor pre\u00e7o online de perfis de alum\u00ednio de alta qualidade. Os produtos que fornecemos t\u00eam 10 anos de garantia e a superf\u00edcie \u00e9 bem acabada, limpa, lisa, sem arranh\u00f5es e manchas. Nosso prazo de entrega \u00e9 de cerca de 20 dias e a entrega \u00e9 pontual.<\/p>\n<p style=\"text-align: left;\">Esses perfis de alum\u00ednio s\u00e3o amplamente utilizados em janelas, portas, paredes de cortina, m\u00f3veis, cozinha, guarda-roupas, rodap\u00e9s, acabamentos de azulejos, se\u00e7\u00f5es de corrim\u00e3os, se\u00e7\u00f5es de prateleiras, estrutura de alum\u00ednio solar fotovoltaica e fins industriais.<\/p>\n<p style=\"text-align: left;\"><img decoding=\"async\" class=\"aligncenter\" src=\"\/wp-content\/uploads\/2019\/02\/aluminum-profile-application.jpg\" alt=\"aluminum profile application\" \/><\/p>\n<p style=\"text-align: left;\">O tratamento de superf\u00edcie para perfis de alum\u00ednio em nossa empresa inclui acabamento de anodiza\u00e7\u00e3o, acabamento por eletroforese, revestimento em p\u00f3, madeira, polimento e revestimento de PVDF.<\/p>\n<p style=\"text-align: left;\">O processo tecnol\u00f3gico de fabrica\u00e7\u00e3o dos nossos perfis de alum\u00ednio \u00e9: lingote de alum\u00ednio\/liga - fus\u00e3o e fundi\u00e7\u00e3o - extrus\u00e3o - revestimento em p\u00f3 - vazamento de borracha para isolamento t\u00e9rmico - verifica\u00e7\u00e3o - embalagem - revestimento de PVDF\/anodiza\u00e7\u00e3o\/eletroforese - coloca\u00e7\u00e3o no dep\u00f3sito.<\/p>","protected":false},"excerpt":{"rendered":"<p>Aluminium Profiles Manufacturer China Wellste Aluminium is one of the largest Aluminum profile and Aluminum Extrusion factories in China who can provide the quality of the aluminum products which meet ISO Standard. Our company supplies Aluminium profile alloy includes 6000 serious, such as 6063 t5, 6061 t6, 6082 t6 and more. We offer you the [&hellip;]<\/p>\n","protected":false},"author":1,"featured_media":0,"parent":0,"menu_order":0,"comment_status":"closed","ping_status":"closed","template":"product-details.php","meta":{"_acf_changed":false,"site-sidebar-layout":"no-sidebar","site-content-layout":"page-builder","ast-site-content-layout":"default","site-content-style":"default","site-sidebar-style":"default","ast-global-header-display":"","ast-banner-title-visibility":"","ast-main-header-display":"","ast-hfb-above-header-display":"","ast-hfb-below-header-display":"","ast-hfb-mobile-header-display":"","site-post-title":"disabled","ast-breadcrumbs-content":"","ast-featured-img":"disabled","footer-sml-layout":"","ast-disable-related-posts":"","theme-transparent-header-meta":"default","adv-header-id-meta":null,"stick-header-meta":"default","header-above-stick-meta":null,"header-main-stick-meta":"","header-below-stick-meta":null,"astra-migrate-meta-layouts":"default","ast-page-background-enabled":"default","ast-page-background-meta":{"desktop":{"background-color":"","background-image":"","background-repeat":"repeat","background-position":"center center","background-size":"auto","background-attachment":"scroll","background-type":"","background-media":"","overlay-type":"","overlay-color":"","overlay-opacity":"","overlay-gradient":""},"tablet":{"background-color":"","background-image":"","background-repeat":"repeat","background-position":"center center","background-size":"auto","background-attachment":"scroll","background-type":"","background-media":"","overlay-type":"","overlay-color":"","overlay-opacity":"","overlay-gradient":""},"mobile":{"background-color":"","background-image":"","background-repeat":"repeat","background-position":"center center","background-size":"auto","background-attachment":"scroll","background-type":"","background-media":"","overlay-type":"","overlay-color":"","overlay-opacity":"","overlay-gradient":""}},"ast-content-background-meta":{"desktop":{"background-color":"var(--ast-global-color-5)","background-image":"","background-repeat":"repeat","background-position":"center center","background-size":"auto","background-attachment":"scroll","background-type":"","background-media":"","overlay-type":"","overlay-color":"","overlay-opacity":"","overlay-gradient":""},"tablet":{"background-color":"var(--ast-global-color-5)","background-image":"","background-repeat":"repeat","background-position":"center center","background-size":"auto","background-attachment":"scroll","background-type":"","background-media":"","overlay-type":"","overlay-color":"","overlay-opacity":"","overlay-gradient":""},"mobile":{"background-color":"var(--ast-global-color-5)","background-image":"","background-repeat":"repeat","background-position":"center center","background-size":"auto","background-attachment":"scroll","background-type":"","background-media":"","overlay-type":"","overlay-color":"","overlay-opacity":"","overlay-gradient":""}},"footnotes":""},"class_list":["post-289","page","type-page","status-publish","hentry"],"acf":[],"yoast_head":"<!-- This site is optimized with the Yoast SEO plugin v27.4 - https:\/\/yoast.com\/product\/yoast-seo-wordpress\/ -->\n<title>Aluminium Profiles Manufacturer China - WELLSTE<\/title>\n<meta name=\"description\" content=\"Wellste Aluminium is one of the largest Aluminum profile and Aluminum Extrusion factories in China that provides quality of the aluminum profiles with ISO Standard.\" \/>\n<meta name=\"robots\" content=\"index, follow, max-snippet:-1, max-image-preview:large, max-video-preview:-1\" \/>\n<link rel=\"canonical\" href=\"https:\/\/www.wellste.com\/pt\/aluminium-profiles-manufacturer-china\/\" \/>\n<meta property=\"og:locale\" content=\"pt_BR\" \/>\n<meta property=\"og:type\" content=\"article\" \/>\n<meta property=\"og:title\" content=\"Aluminium Profiles Manufacturer China - WELLSTE\" \/>\n<meta property=\"og:description\" content=\"Wellste Aluminium is one of the largest Aluminum profile and Aluminum Extrusion factories in China that provides quality of the aluminum profiles with ISO Standard.\" \/>\n<meta property=\"og:url\" content=\"https:\/\/www.wellste.com\/pt\/aluminium-profiles-manufacturer-china\/\" \/>\n<meta property=\"og:site_name\" content=\"WELLSTE\" \/>\n<meta property=\"article:modified_time\" content=\"2021-01-13T13:37:51+00:00\" \/>\n<meta property=\"og:image\" content=\"https:\/\/www.wellste.com\/wp-content\/uploads\/2019\/02\/aluminum-profile-application.jpg\" \/>\n<meta name=\"twitter:card\" content=\"summary_large_image\" \/>\n<meta name=\"twitter:label1\" content=\"Est. tempo de leitura\" \/>\n\t<meta name=\"twitter:data1\" content=\"1 minuto\" \/>\n<script type=\"application\/ld+json\" class=\"yoast-schema-graph\">{\"@context\":\"https:\\\/\\\/schema.org\",\"@graph\":[{\"@type\":\"WebPage\",\"@id\":\"https:\\\/\\\/www.wellste.com\\\/aluminium-profiles-manufacturer-china\\\/\",\"url\":\"https:\\\/\\\/www.wellste.com\\\/aluminium-profiles-manufacturer-china\\\/\",\"name\":\"Aluminium Profiles Manufacturer China - WELLSTE\",\"isPartOf\":{\"@id\":\"https:\\\/\\\/www.wellste.com\\\/#website\"},\"datePublished\":\"2019-02-27T22:03:35+00:00\",\"dateModified\":\"2021-01-13T13:37:51+00:00\",\"description\":\"Wellste Aluminium is one of the largest Aluminum profile and Aluminum Extrusion factories in China that provides quality of the aluminum profiles with ISO Standard.\",\"breadcrumb\":{\"@id\":\"https:\\\/\\\/www.wellste.com\\\/aluminium-profiles-manufacturer-china\\\/#breadcrumb\"},\"inLanguage\":\"pt-BR\",\"potentialAction\":[{\"@type\":\"ReadAction\",\"target\":[\"https:\\\/\\\/www.wellste.com\\\/aluminium-profiles-manufacturer-china\\\/\"]}]},{\"@type\":\"BreadcrumbList\",\"@id\":\"https:\\\/\\\/www.wellste.com\\\/aluminium-profiles-manufacturer-china\\\/#breadcrumb\",\"itemListElement\":[{\"@type\":\"ListItem\",\"position\":1,\"name\":\"Home\",\"item\":\"https:\\\/\\\/www.wellste.com\\\/\"},{\"@type\":\"ListItem\",\"position\":2,\"name\":\"Aluminium Profiles Manufacturer China\"}]},{\"@type\":\"WebSite\",\"@id\":\"https:\\\/\\\/www.wellste.com\\\/#website\",\"url\":\"https:\\\/\\\/www.wellste.com\\\/\",\"name\":\"WELLSTE\",\"description\":\"\",\"publisher\":{\"@id\":\"https:\\\/\\\/www.wellste.com\\\/#organization\"},\"potentialAction\":[{\"@type\":\"SearchAction\",\"target\":{\"@type\":\"EntryPoint\",\"urlTemplate\":\"https:\\\/\\\/www.wellste.com\\\/?s={search_term_string}\"},\"query-input\":{\"@type\":\"PropertyValueSpecification\",\"valueRequired\":true,\"valueName\":\"search_term_string\"}}],\"inLanguage\":\"pt-BR\"},{\"@type\":\"Organization\",\"@id\":\"https:\\\/\\\/www.wellste.com\\\/#organization\",\"name\":\"WELLSTE\",\"url\":\"https:\\\/\\\/www.wellste.com\\\/\",\"logo\":{\"@type\":\"ImageObject\",\"inLanguage\":\"pt-BR\",\"@id\":\"https:\\\/\\\/www.wellste.com\\\/#\\\/schema\\\/logo\\\/image\\\/\",\"url\":\"https:\\\/\\\/www.wellste.com\\\/wp-content\\\/uploads\\\/2019\\\/04\\\/wellste-new-logo.png\",\"contentUrl\":\"https:\\\/\\\/www.wellste.com\\\/wp-content\\\/uploads\\\/2019\\\/04\\\/wellste-new-logo.png\",\"width\":207,\"height\":67,\"caption\":\"WELLSTE\"},\"image\":{\"@id\":\"https:\\\/\\\/www.wellste.com\\\/#\\\/schema\\\/logo\\\/image\\\/\"}}]}<\/script>\n<!-- \/ Yoast SEO plugin. -->","yoast_head_json":{"title":"Fabricante de perfis de alum\u00ednio na China - WELLSTE","description":"A Wellste Aluminium \u00e9 uma das maiores f\u00e1bricas de perfis de alum\u00ednio e extrus\u00e3o de alum\u00ednio da China, que fornece perfis de alum\u00ednio de qualidade com o padr\u00e3o ISO.","robots":{"index":"index","follow":"follow","max-snippet":"max-snippet:-1","max-image-preview":"max-image-preview:large","max-video-preview":"max-video-preview:-1"},"canonical":"https:\/\/www.wellste.com\/pt\/aluminium-profiles-manufacturer-china\/","og_locale":"pt_BR","og_type":"article","og_title":"Aluminium Profiles Manufacturer China - WELLSTE","og_description":"Wellste Aluminium is one of the largest Aluminum profile and Aluminum Extrusion factories in China that provides quality of the aluminum profiles with ISO Standard.","og_url":"https:\/\/www.wellste.com\/pt\/aluminium-profiles-manufacturer-china\/","og_site_name":"WELLSTE","article_modified_time":"2021-01-13T13:37:51+00:00","og_image":[{"url":"https:\/\/www.wellste.com\/wp-content\/uploads\/2019\/02\/aluminum-profile-application.jpg","type":"","width":"","height":""}],"twitter_card":"summary_large_image","twitter_misc":{"Est. tempo de leitura":"1 minuto"},"schema":{"@context":"https:\/\/schema.org","@graph":[{"@type":"WebPage","@id":"https:\/\/www.wellste.com\/aluminium-profiles-manufacturer-china\/","url":"https:\/\/www.wellste.com\/aluminium-profiles-manufacturer-china\/","name":"Fabricante de perfis de alum\u00ednio na China - WELLSTE","isPartOf":{"@id":"https:\/\/www.wellste.com\/#website"},"datePublished":"2019-02-27T22:03:35+00:00","dateModified":"2021-01-13T13:37:51+00:00","description":"A Wellste Aluminium \u00e9 uma das maiores f\u00e1bricas de perfis de alum\u00ednio e extrus\u00e3o de alum\u00ednio da China, que fornece perfis de alum\u00ednio de qualidade com o padr\u00e3o ISO.","breadcrumb":{"@id":"https:\/\/www.wellste.com\/aluminium-profiles-manufacturer-china\/#breadcrumb"},"inLanguage":"pt-BR","potentialAction":[{"@type":"ReadAction","target":["https:\/\/www.wellste.com\/aluminium-profiles-manufacturer-china\/"]}]},{"@type":"BreadcrumbList","@id":"https:\/\/www.wellste.com\/aluminium-profiles-manufacturer-china\/#breadcrumb","itemListElement":[{"@type":"ListItem","position":1,"name":"Home","item":"https:\/\/www.wellste.com\/"},{"@type":"ListItem","position":2,"name":"Aluminium Profiles Manufacturer China"}]},{"@type":"WebSite","@id":"https:\/\/www.wellste.com\/#website","url":"https:\/\/www.wellste.com\/","name":"BEM-ESTAR","description":"","publisher":{"@id":"https:\/\/www.wellste.com\/#organization"},"potentialAction":[{"@type":"SearchAction","target":{"@type":"EntryPoint","urlTemplate":"https:\/\/www.wellste.com\/?s={search_term_string}"},"query-input":{"@type":"PropertyValueSpecification","valueRequired":true,"valueName":"search_term_string"}}],"inLanguage":"pt-BR"},{"@type":"Organization","@id":"https:\/\/www.wellste.com\/#organization","name":"BEM-ESTAR","url":"https:\/\/www.wellste.com\/","logo":{"@type":"ImageObject","inLanguage":"pt-BR","@id":"https:\/\/www.wellste.com\/#\/schema\/logo\/image\/","url":"https:\/\/www.wellste.com\/wp-content\/uploads\/2019\/04\/wellste-new-logo.png","contentUrl":"https:\/\/www.wellste.com\/wp-content\/uploads\/2019\/04\/wellste-new-logo.png","width":207,"height":67,"caption":"WELLSTE"},"image":{"@id":"https:\/\/www.wellste.com\/#\/schema\/logo\/image\/"}}]}},"_links":{"self":[{"href":"https:\/\/www.wellste.com\/pt\/wp-json\/wp\/v2\/pages\/289","targetHints":{"allow":["GET"]}}],"collection":[{"href":"https:\/\/www.wellste.com\/pt\/wp-json\/wp\/v2\/pages"}],"about":[{"href":"https:\/\/www.wellste.com\/pt\/wp-json\/wp\/v2\/types\/page"}],"author":[{"embeddable":true,"href":"https:\/\/www.wellste.com\/pt\/wp-json\/wp\/v2\/users\/1"}],"replies":[{"embeddable":true,"href":"https:\/\/www.wellste.com\/pt\/wp-json\/wp\/v2\/comments?post=289"}],"version-history":[{"count":0,"href":"https:\/\/www.wellste.com\/pt\/wp-json\/wp\/v2\/pages\/289\/revisions"}],"wp:attachment":[{"href":"https:\/\/www.wellste.com\/pt\/wp-json\/wp\/v2\/media?parent=289"}],"curies":[{"name":"wp","href":"https:\/\/api.w.org\/{rel}","templated":true}]}}