{"id":22,"date":"2018-12-17T17:21:13","date_gmt":"2018-12-17T17:21:13","guid":{"rendered":"http:\/\/wellste.digitalpixels.co\/?page_id=22"},"modified":"2024-01-02T03:51:42","modified_gmt":"2024-01-02T03:51:42","slug":"contact","status":"publish","type":"page","link":"https:\/\/www.wellste.com\/pt\/contact\/","title":{"rendered":"Contato"},"content":{"rendered":"<div class=\"contactBanner innerPageBanner\">\n<div class=\"container\">\n<div class=\"row cust-row\">\n<div class=\"col-sm-12\">\n<div class=\"displayTable\">\n<div class=\"bannerBox text-center\">\n<h1 class=\"bannerHeading margin0 clrWhite\">Entre em contato conosco<\/h1>\n<div class=\"bannerSubHeading clrWhite paddTop15\">Com ou sem pedido, a equipe Wellste dar\u00e1 seu breve feedback em 12 horas<\/div>\n<\/div>\n<\/div>\n<\/div>\n<\/div>\n<\/div>\n<\/div>\n<div class=\"contactSection1 paddTop80 paddBottom70\">\n<div class=\"container\">\n<div class=\"row\">\n<div class=\"col-sm-12\">\n<div class=\"boxShadow\">\n<div class=\"row\">\n<div class=\"col-sm-12 col-md-6 col-lg-7\">\n<div class=\"contactFormWraper\">\n<h1 class=\"margin0\">Envie sua solicita\u00e7\u00e3o<\/h1>\n<p class=\"clrOrange\">A equipe Wellste receber\u00e1 uma resposta em 12h.<\/p>\n<div class=\"contactPageForm\"><div id=\"custom_html-3\" class=\"widget_text widget-container widget_custom_html\"><div class=\"textwidget custom-html-widget\"><form name=\"form1\" enctype=\"multipart\/form-data\" method=\"post\" action=\"https:\/\/hanru.wufoo.com\/forms\/z1m6zlo80trortm\/#public\">\r\n<input type=\"text\" name=\"Field1\" value=\"\" placeholder=\"Seu nome*\" required>\r\n<input type=\"email\" name=\"Field2\" value=\"\" placeholder=\"Seu e-mail*\" required>\r\n<input type=\"text\" name=\"Field11\" value=\"\" placeholder=\"Seu telefone*\" required>\r\n<input type=\"text\" name=\"Field12\" value=\"\" placeholder=\"Seu pa\u00eds*\" required>\r\n<textarea name=\"Field3\" placeholder=\"Sua mensagem*\" required><\/textarea>\r\n<div class=\"wufooLabel\">Anexo<\/div>\r\n<div><input name=\"Field7\" type=\"file\" data-file-max-size=\"5\"\/><\/div>\r\n<div class=\"hidden\"><input name=\"Field4\" type=\"text\" value=\"http:\/\/www.wellste.com\/pt\/wp-json\/wp\/v2\/pages\/22\"\/><\/div>\r\n<div class=\"hidden\"><input name=\"Field9\" type=\"text\" value=\"\"\/><\/div>\r\n<div class=\"text-right paddTop15\"><input type=\"submit\" name=\"saveForm\" value=\"Enviar\" class=\"commonBtn orangeBtn\"><\/div>\r\n<div class=\"hidden\">\r\n<textarea name=\"comment\" id=\"comment\" rows=\"1\" cols=\"1\"><\/textarea>\r\n<input type=\"hidden\" id=\"idstamp\" name=\"idstamp\" value=\"Z+90TgH3t73yQ9zFrkvuprkJigsN1FnAhce\/4bcQsxg=\" \/>\r\n<input type=\"hidden\" id=\"encryptedPassword\" name=\"encryptedPassword\" value=\"\" \/>\r\n<\/div>\r\n<\/form><\/div><\/div><\/div>\n<\/div>\n<\/div>\n<div class=\"col-sm-12 col-md-6 col-lg-5\">\n<div class=\"contactPageDetails\">\n<h2 class=\"paddBottom20\">Informa\u00e7\u00f5es de contato<\/h2>\n<ul>\n<li class=\"email\"><b>E-mail<\/b> <a href=\"mailto:sales@wellste.com\">sales@wellste.com<\/a><\/li>\n<li class=\"phone\"><b>Telefone<\/b>86-511-83331185<\/li>\n<li class=\"address\"><b>Endere\u00e7o<\/b>#98 Zongze Rd., \u00e1rea de Jingkou, Zhenjiang, Jiangsu, China.<\/li>\n<\/ul>\n<div class=\"contactMap\"><img decoding=\"async\" class=\"img-responsive\" src=\"\/wp-content\/uploads\/2019\/04\/map.jpg\" alt=\"mapa\" \/><\/div>\n<\/div>\n<\/div>\n<\/div>\n<\/div>\n<\/div>\n<\/div>\n<\/div>\n<\/div>","protected":false},"excerpt":{"rendered":"<p>Entre em contato conosco. Com ou sem pedido, a equipe da Wellste responder\u00e1 em at\u00e9 12 horas. Envie sua solicita\u00e7\u00e3o. A equipe da Wellste responder\u00e1 em at\u00e9 12 horas. Informa\u00e7\u00f5es de contato: E-mail: sales@wellste.com Telefone: 86-511-83331185 Endere\u00e7o: #98 Zongze Rd., Jingkou Area, Zhenjiang, Jiangsu, China.<\/p>","protected":false},"author":1,"featured_media":0,"parent":0,"menu_order":6,"comment_status":"closed","ping_status":"closed","template":"","meta":{"_acf_changed":false,"site-sidebar-layout":"no-sidebar","site-content-layout":"page-builder","ast-site-content-layout":"full-width-container","site-content-style":"unboxed","site-sidebar-style":"unboxed","ast-global-header-display":"","ast-banner-title-visibility":"","ast-main-header-display":"","ast-hfb-above-header-display":"","ast-hfb-below-header-display":"","ast-hfb-mobile-header-display":"","site-post-title":"disabled","ast-breadcrumbs-content":"disabled","ast-featured-img":"disabled","footer-sml-layout":"","ast-disable-related-posts":"","theme-transparent-header-meta":"default","adv-header-id-meta":"","stick-header-meta":"default","header-above-stick-meta":"","header-main-stick-meta":"","header-below-stick-meta":"","astra-migrate-meta-layouts":"set","ast-page-background-enabled":"default","ast-page-background-meta":{"desktop":{"background-color":"","background-image":"","background-repeat":"repeat","background-position":"center center","background-size":"auto","background-attachment":"scroll","background-type":"","background-media":"","overlay-type":"","overlay-color":"","overlay-opacity":"","overlay-gradient":""},"tablet":{"background-color":"","background-image":"","background-repeat":"repeat","background-position":"center center","background-size":"auto","background-attachment":"scroll","background-type":"","background-media":"","overlay-type":"","overlay-color":"","overlay-opacity":"","overlay-gradient":""},"mobile":{"background-color":"","background-image":"","background-repeat":"repeat","background-position":"center center","background-size":"auto","background-attachment":"scroll","background-type":"","background-media":"","overlay-type":"","overlay-color":"","overlay-opacity":"","overlay-gradient":""}},"ast-content-background-meta":{"desktop":{"background-color":"var(--ast-global-color-5)","background-image":"","background-repeat":"repeat","background-position":"center center","background-size":"auto","background-attachment":"scroll","background-type":"","background-media":"","overlay-type":"","overlay-color":"","overlay-opacity":"","overlay-gradient":""},"tablet":{"background-color":"var(--ast-global-color-5)","background-image":"","background-repeat":"repeat","background-position":"center center","background-size":"auto","background-attachment":"scroll","background-type":"","background-media":"","overlay-type":"","overlay-color":"","overlay-opacity":"","overlay-gradient":""},"mobile":{"background-color":"var(--ast-global-color-5)","background-image":"","background-repeat":"repeat","background-position":"center center","background-size":"auto","background-attachment":"scroll","background-type":"","background-media":"","overlay-type":"","overlay-color":"","overlay-opacity":"","overlay-gradient":""}},"footnotes":""},"class_list":["post-22","page","type-page","status-publish","hentry"],"acf":[],"yoast_head":"<!-- This site is optimized with the Yoast SEO plugin v27.4 - https:\/\/yoast.com\/product\/yoast-seo-wordpress\/ -->\n<title>Connect with Wellste \u2013 Your Trusted Partner in Aluminum Solutions.<\/title>\n<meta name=\"description\" content=\"Find Wellste contact information here to reach our dedicated team, Whether you have questions, inquiries, or need assistance, we&#039;re here to serve you.\" \/>\n<meta name=\"robots\" content=\"index, follow, max-snippet:-1, max-image-preview:large, max-video-preview:-1\" \/>\n<link rel=\"canonical\" href=\"https:\/\/www.wellste.com\/pt\/contact\/\" \/>\n<meta property=\"og:locale\" content=\"pt_BR\" \/>\n<meta property=\"og:type\" content=\"article\" \/>\n<meta property=\"og:title\" content=\"Connect with Wellste \u2013 Your Trusted Partner in Aluminum Solutions.\" \/>\n<meta property=\"og:description\" content=\"Find Wellste contact information here to reach our dedicated team, Whether you have questions, inquiries, or need assistance, we&#039;re here to serve you.\" \/>\n<meta property=\"og:url\" content=\"https:\/\/www.wellste.com\/pt\/contact\/\" \/>\n<meta property=\"og:site_name\" content=\"WELLSTE\" \/>\n<meta property=\"article:modified_time\" content=\"2024-01-02T03:51:42+00:00\" \/>\n<meta name=\"twitter:card\" content=\"summary_large_image\" \/>\n<script type=\"application\/ld+json\" class=\"yoast-schema-graph\">{\"@context\":\"https:\\\/\\\/schema.org\",\"@graph\":[{\"@type\":\"WebPage\",\"@id\":\"https:\\\/\\\/www.wellste.com\\\/contact\\\/\",\"url\":\"https:\\\/\\\/www.wellste.com\\\/contact\\\/\",\"name\":\"Connect with Wellste \u2013 Your Trusted Partner in Aluminum Solutions.\",\"isPartOf\":{\"@id\":\"https:\\\/\\\/www.wellste.com\\\/#website\"},\"datePublished\":\"2018-12-17T17:21:13+00:00\",\"dateModified\":\"2024-01-02T03:51:42+00:00\",\"description\":\"Find Wellste contact information here to reach our dedicated team, Whether you have questions, inquiries, or need assistance, we're here to serve you.\",\"breadcrumb\":{\"@id\":\"https:\\\/\\\/www.wellste.com\\\/contact\\\/#breadcrumb\"},\"inLanguage\":\"pt-BR\",\"potentialAction\":[{\"@type\":\"ReadAction\",\"target\":[\"https:\\\/\\\/www.wellste.com\\\/contact\\\/\"]}]},{\"@type\":\"BreadcrumbList\",\"@id\":\"https:\\\/\\\/www.wellste.com\\\/contact\\\/#breadcrumb\",\"itemListElement\":[{\"@type\":\"ListItem\",\"position\":1,\"name\":\"Home\",\"item\":\"https:\\\/\\\/www.wellste.com\\\/\"},{\"@type\":\"ListItem\",\"position\":2,\"name\":\"Contact\"}]},{\"@type\":\"WebSite\",\"@id\":\"https:\\\/\\\/www.wellste.com\\\/#website\",\"url\":\"https:\\\/\\\/www.wellste.com\\\/\",\"name\":\"WELLSTE\",\"description\":\"\",\"publisher\":{\"@id\":\"https:\\\/\\\/www.wellste.com\\\/#organization\"},\"potentialAction\":[{\"@type\":\"SearchAction\",\"target\":{\"@type\":\"EntryPoint\",\"urlTemplate\":\"https:\\\/\\\/www.wellste.com\\\/?s={search_term_string}\"},\"query-input\":{\"@type\":\"PropertyValueSpecification\",\"valueRequired\":true,\"valueName\":\"search_term_string\"}}],\"inLanguage\":\"pt-BR\"},{\"@type\":\"Organization\",\"@id\":\"https:\\\/\\\/www.wellste.com\\\/#organization\",\"name\":\"WELLSTE\",\"url\":\"https:\\\/\\\/www.wellste.com\\\/\",\"logo\":{\"@type\":\"ImageObject\",\"inLanguage\":\"pt-BR\",\"@id\":\"https:\\\/\\\/www.wellste.com\\\/#\\\/schema\\\/logo\\\/image\\\/\",\"url\":\"https:\\\/\\\/www.wellste.com\\\/wp-content\\\/uploads\\\/2019\\\/04\\\/wellste-new-logo.png\",\"contentUrl\":\"https:\\\/\\\/www.wellste.com\\\/wp-content\\\/uploads\\\/2019\\\/04\\\/wellste-new-logo.png\",\"width\":207,\"height\":67,\"caption\":\"WELLSTE\"},\"image\":{\"@id\":\"https:\\\/\\\/www.wellste.com\\\/#\\\/schema\\\/logo\\\/image\\\/\"}}]}<\/script>\n<!-- \/ Yoast SEO plugin. -->","yoast_head_json":{"title":"Entre em contato com a Wellste \u2013 seu parceiro de confian\u00e7a em solu\u00e7\u00f5es de alum\u00ednio.","description":"Encontre aqui as informa\u00e7\u00f5es de contato da Wellste para entrar em contato com nossa equipe dedicada. Se voc\u00ea tiver d\u00favidas, perguntas ou precisar de assist\u00eancia, estamos aqui para atend\u00ea-lo.","robots":{"index":"index","follow":"follow","max-snippet":"max-snippet:-1","max-image-preview":"max-image-preview:large","max-video-preview":"max-video-preview:-1"},"canonical":"https:\/\/www.wellste.com\/pt\/contact\/","og_locale":"pt_BR","og_type":"article","og_title":"Connect with Wellste \u2013 Your Trusted Partner in Aluminum Solutions.","og_description":"Find Wellste contact information here to reach our dedicated team, Whether you have questions, inquiries, or need assistance, we're here to serve you.","og_url":"https:\/\/www.wellste.com\/pt\/contact\/","og_site_name":"WELLSTE","article_modified_time":"2024-01-02T03:51:42+00:00","twitter_card":"summary_large_image","schema":{"@context":"https:\/\/schema.org","@graph":[{"@type":"WebPage","@id":"https:\/\/www.wellste.com\/contact\/","url":"https:\/\/www.wellste.com\/contact\/","name":"Entre em contato com a Wellste \u2013 seu parceiro de confian\u00e7a em solu\u00e7\u00f5es de alum\u00ednio.","isPartOf":{"@id":"https:\/\/www.wellste.com\/#website"},"datePublished":"2018-12-17T17:21:13+00:00","dateModified":"2024-01-02T03:51:42+00:00","description":"Encontre aqui as informa\u00e7\u00f5es de contato da Wellste para entrar em contato com nossa equipe dedicada. Se voc\u00ea tiver d\u00favidas, perguntas ou precisar de assist\u00eancia, estamos aqui para atend\u00ea-lo.","breadcrumb":{"@id":"https:\/\/www.wellste.com\/contact\/#breadcrumb"},"inLanguage":"pt-BR","potentialAction":[{"@type":"ReadAction","target":["https:\/\/www.wellste.com\/contact\/"]}]},{"@type":"BreadcrumbList","@id":"https:\/\/www.wellste.com\/contact\/#breadcrumb","itemListElement":[{"@type":"ListItem","position":1,"name":"Home","item":"https:\/\/www.wellste.com\/"},{"@type":"ListItem","position":2,"name":"Contact"}]},{"@type":"WebSite","@id":"https:\/\/www.wellste.com\/#website","url":"https:\/\/www.wellste.com\/","name":"BEM-ESTAR","description":"","publisher":{"@id":"https:\/\/www.wellste.com\/#organization"},"potentialAction":[{"@type":"SearchAction","target":{"@type":"EntryPoint","urlTemplate":"https:\/\/www.wellste.com\/?s={search_term_string}"},"query-input":{"@type":"PropertyValueSpecification","valueRequired":true,"valueName":"search_term_string"}}],"inLanguage":"pt-BR"},{"@type":"Organization","@id":"https:\/\/www.wellste.com\/#organization","name":"BEM-ESTAR","url":"https:\/\/www.wellste.com\/","logo":{"@type":"ImageObject","inLanguage":"pt-BR","@id":"https:\/\/www.wellste.com\/#\/schema\/logo\/image\/","url":"https:\/\/www.wellste.com\/wp-content\/uploads\/2019\/04\/wellste-new-logo.png","contentUrl":"https:\/\/www.wellste.com\/wp-content\/uploads\/2019\/04\/wellste-new-logo.png","width":207,"height":67,"caption":"WELLSTE"},"image":{"@id":"https:\/\/www.wellste.com\/#\/schema\/logo\/image\/"}}]}},"_links":{"self":[{"href":"https:\/\/www.wellste.com\/pt\/wp-json\/wp\/v2\/pages\/22","targetHints":{"allow":["GET"]}}],"collection":[{"href":"https:\/\/www.wellste.com\/pt\/wp-json\/wp\/v2\/pages"}],"about":[{"href":"https:\/\/www.wellste.com\/pt\/wp-json\/wp\/v2\/types\/page"}],"author":[{"embeddable":true,"href":"https:\/\/www.wellste.com\/pt\/wp-json\/wp\/v2\/users\/1"}],"replies":[{"embeddable":true,"href":"https:\/\/www.wellste.com\/pt\/wp-json\/wp\/v2\/comments?post=22"}],"version-history":[{"count":0,"href":"https:\/\/www.wellste.com\/pt\/wp-json\/wp\/v2\/pages\/22\/revisions"}],"wp:attachment":[{"href":"https:\/\/www.wellste.com\/pt\/wp-json\/wp\/v2\/media?parent=22"}],"curies":[{"name":"wp","href":"https:\/\/api.w.org\/{rel}","templated":true}]}}