{"id":20,"date":"2018-12-17T17:21:03","date_gmt":"2018-12-17T17:21:03","guid":{"rendered":"http:\/\/wellste.digitalpixels.co\/?page_id=20"},"modified":"2021-01-04T03:31:35","modified_gmt":"2021-01-04T03:31:35","slug":"about","status":"publish","type":"page","link":"https:\/\/www.wellste.com\/pt\/about\/","title":{"rendered":"Sobre"},"content":{"rendered":"<div class=\"aboutBanner innerPageBanner\">\n<div class=\"container\">\n<div class=\"row cust-row\">\n<div class=\"col-sm-8 col-md-6 col-lg-5\">\n<div class=\"displayTable\">\n<div class=\"bannerBox\">\n<h1 class=\"bannerHeading margin0\">Sobre Wellste<\/h1>\n<div class=\"bannerSubHeading paddTop20 paddBottom20\">Seu fabricante e fornecedor profissional de extrus\u00e3o de alum\u00ednio que integra pesquisa, design e produ\u00e7\u00e3o na China.<\/div>\n<div><a href=\"#contactPopUpForm\" class=\"fancybox-inline commonBtn orangeBtn bannerBtn\">Entre em contato com nossa equipe de suporte agora<\/a><\/div>\n<\/div>\n<\/div>\n<\/div>\n<\/div>\n<\/div>\n<\/div>\n<div class=\"aboutSection1 paddTop60 paddBottom60\">\n<div class=\"container\">\n<div class=\"row cust-row\">\n<div class=\"col-sm-12\">\n<h2>Sobre Wellste<\/h2>\n<p>Wellste \u00e9 uma empresa independente certificada ISO9001-2001 <a href=\"https:\/\/www.wellste.com\/pt\/aluminum-extrusions\/\" target=\"_blank\" rel=\"noopener\">Perfil de extrus\u00e3o de alum\u00ednio<\/a> fabricante que integra Pesquisa, Design, Produ\u00e7\u00e3o e comercializa\u00e7\u00e3o de extrus\u00e3o de alum\u00ednio e <a href=\"https:\/\/www.wellste.com\/pt\/aluminium-profiles\/\" target=\"_blank\" rel=\"noopener\">Perfil de alum\u00ednio<\/a>.<\/p>\n<p>Wellste produz principalmente <a href=\"https:\/\/www.wellste.com\/pt\/\" target=\"_blank\" rel=\"noopener\">extrus\u00f5es de alum\u00ednio personalizadas<\/a>, perfis estruturais de alum\u00ednio extrudado padr\u00e3o, <a href=\"https:\/\/www.wellste.com\/pt\/extruded-aluminum-tube\/\" target=\"_blank\" rel=\"noopener\">Tubo de alum\u00ednio<\/a>, <a href=\"https:\/\/www.wellste.com\/pt\/aluminium-profiles-for-windows-doors\/\" target=\"_blank\" rel=\"noopener\">perfis de portas e janelas de alum\u00ednio<\/a>, perfis de parede cortina,<a href=\"https:\/\/www.wellste.com\/pt\/extruded-heat-sink\/\" target=\"_blank\" rel=\"noopener\"> Perfis de dissipador de calor de alum\u00ednio<\/a>, e sistemas estruturais de montagem solar fotovoltaica, <a href=\"https:\/\/www.wellste.com\/pt\/t-slot-aluminum-extrusion\/\" target=\"_blank\" rel=\"noopener\">estrutura de alum\u00ednio com ranhura em T<\/a> etc.<\/p>\n<p>N\u00f3s completamos todo o processo de produ\u00e7\u00e3o, da extrus\u00e3o \u00e0 entrega, sob o mesmo teto. Oferecemos solu\u00e7\u00f5es abrangentes em design e engenharia, extrus\u00e3o, acabamentos de superf\u00edcie e entrega pontual.<\/p>\n<p>Com capacidade de produ\u00e7\u00e3o anual de 100.000 toneladas e certifica\u00e7\u00e3o ISO9001 e ISO14001, os clientes podem ter certeza de confiabilidade e qualidade.<\/p>\n<p>Mais de 20 anos de experi\u00eancia na ind\u00fastria de extrus\u00e3o de alum\u00ednio nos permitem analisar com precis\u00e3o os desenhos dos produtos e lidar com calma com todos os tipos de problemas que ocorrem durante a produ\u00e7\u00e3o. Assim, podemos garantir a qualidade do produto e assegurar um alto n\u00edvel de satisfa\u00e7\u00e3o do cliente.<\/p>\n<p>Obrigado por nos escolher como seu parceiro fabricante. Estamos ansiosos para trabalhar com voc\u00ea na \u00e1rea de perfis de alum\u00ednio.<\/p>\n<div><a href=\"#contactPopUpForm\" class=\"fancybox-inline commonBtn orangeBtn smallBtn\">Entre em contato com a equipe Wellste agora<\/a><\/div>\n<\/div>\n<\/div>\n<\/div>\n<\/div>\n<div class=\"contactBar orangeSection paddTop30 paddBottom25\">\n<div class=\"container\">\n<div class=\"row cust-row\">\n<div class=\"col-sm-12 col-md-8 col-lg-9\">\n<h3 class=\"contactBarLine1 margin0 paddBottom5 clrWhite fw400\">Vamos dar suporte ao seu neg\u00f3cio e reduzir custos para voc\u00ea<\/h3>\n<div class=\"contactBarLine2 clrWhite\">A Wellste pode personalizar suas extrus\u00f5es de alum\u00ednio e tamb\u00e9m pode projetar seus pr\u00f3prios produtos, mesmo que SOMENTE uma ideia.<\/div>\n<\/div>\n<div class=\"col-sm-12 col-md-4 col-lg-3 contactBarBtn\">\n<div class=\"paddTop15\"><a href=\"#contactPopUpForm\" class=\"fancybox-inline commonBtn transparentBtn\">Contate-nos<\/a><\/div>\n<\/div>\n<\/div>\n<\/div>\n<\/div>\n<div class=\"cVideoSection paddTop60\">\n<div class=\"container\">\n<div class=\"row cust-row\">\n<div class=\"col-sm-12\">\n<div class=\"ast-oembed-container\" style=\"height: 100%;\"><iframe title=\"Wellste Alum\u00ednio\" width=\"500\" height=\"281\" src=\"https:\/\/www.youtube.com\/embed\/q_wbZ4YptlY?feature=oembed\" frameborder=\"0\" allow=\"accelerometer; autoplay; clipboard-write; encrypted-media; gyroscope; picture-in-picture; web-share\" referrerpolicy=\"strict-origin-when-cross-origin\" allowfullscreen><\/iframe><\/div>\n<\/div>\n<div class=\"col-sm-12 paddTop70 text-center\"><a href=\"#contactPopUpForm\" class=\"fancybox-inline commonBtn orangeBtn largeBtn\">Vista de Wellste<\/a><\/div>\n<\/div>\n<\/div>\n<\/div>\n<section id=\"ability\" class=\"paddTop60 paddBottom55\">\n<div class=\"container\">\n<div class=\"row cust-row text-center\">\n<div class=\"col-sm-6 col-md-3 paddTop30\">\n<div class=\"abilityBox hoverImg\">\n<div><img decoding=\"async\" class=\"img-responsive\" src=\"\/wp-content\/uploads\/2018\/12\/Extruded-Shop.jpg\" alt=\"Loja de Extrudados\" \/><\/div>\n<div class=\"cTitle clrWhite fw700 displayFlex\">Loja de Extrudados<\/div>\n<\/div>\n<\/div>\n<div class=\"col-sm-6 col-md-3 paddTop30\">\n<div class=\"abilityBox hoverImg\">\n<div><img decoding=\"async\" class=\"img-responsive\" src=\"\/wp-content\/uploads\/2018\/12\/Production-Inspection.jpg\" alt=\"Inspe\u00e7\u00e3o de Produ\u00e7\u00e3o\" \/><\/div>\n<div class=\"cTitle clrWhite fw700 displayFlex\">Inspe\u00e7\u00e3o de Produ\u00e7\u00e3o<\/div>\n<\/div>\n<\/div>\n<div class=\"col-sm-6 col-md-3 paddTop30\">\n<div class=\"abilityBox hoverImg\">\n<div><img decoding=\"async\" class=\"img-responsive\" src=\"\/wp-content\/uploads\/2018\/12\/Support-Service.jpg\" alt=\"Servi\u00e7o de Suporte\" \/><\/div>\n<div class=\"cTitle clrWhite fw700 displayFlex\">Equipe de suporte<\/div>\n<\/div>\n<\/div>\n<div class=\"col-sm-6 col-md-3 paddTop30\">\n<div class=\"abilityBox hoverImg\">\n<div><img decoding=\"async\" class=\"img-responsive\" src=\"\/wp-content\/uploads\/2018\/12\/inhouse-laboratory.jpg\" alt=\"Laborat\u00f3rio interno\" \/><\/div>\n<div class=\"cTitle clrWhite fw700 displayFlex\">Laborat\u00f3rio interno<\/div>\n<\/div>\n<\/div>\n<\/div>\n<\/div>\n<\/section>\n<div class=\"wideContactForm greySectionF2 paddTop75 paddBottom80\">\n<div class=\"container\">\n<div class=\"row cust-row\">\n<div class=\"col-sm-12 text-center paddBottom15\">\n<h2>Fa\u00e7a parceria com a Wellste e aumente seu neg\u00f3cio<\/h2>\n<\/div>\n<div id=\"custom_html-5\" class=\"widget_text widget-container widget_custom_html\"><div class=\"textwidget custom-html-widget\"><form class=\"form contactForm\" name=\"form1\" enctype=\"multipart\/form-data\" method=\"post\" action=\"https:\/\/hanru.wufoo.com\/forms\/z1m6zlo80trortm\/#public\">\r\n<div class=\"col-sm-6\">\r\n<input type=\"text\" name=\"Field1\" value=\"\" placeholder=\"Nome*\" required \/>\r\n<\/div>\r\n<div class=\"col-sm-6\">\r\n<input type=\"email\" name=\"Field2\" value=\"\" placeholder=\"E-mail*\" required \/>\r\n<\/div>\r\n<div class=\"col-sm-6\">\r\n<input type=\"text\" name=\"Field11\" value=\"\" placeholder=\"Telefone*\" required \/>\r\n<\/div>\r\n<div class=\"col-sm-6\">\r\n<input type=\"text\" name=\"Field12\" value=\"\" placeholder=\"Pa\u00eds*\" required \/>\r\n<\/div>\r\n<div class=\"col-sm-12\">\r\n<textarea name=\"Field3\" placeholder=\"Seu Requisito*\" required><\/textarea>\r\n<\/div>\r\n<div class=\"col-sm-12\">\r\n<div class=\"wufooLabel\">Anexo<\/div>\r\n<div><input name=\"Field7\" type=\"file\" data-file-max-size=\"5\"\/><\/div>\r\n<\/div>\r\n<div class=\"col-sm-12 text-center paddTop15\">\r\n<div class=\"hidden\"><input name=\"Field4\" type=\"text\" value=\"http:\/\/www.wellste.com\/pt\/wp-json\/wp\/v2\/pages\/20\"\/><\/div>\r\n<div class=\"hidden\"><input name=\"Field9\" type=\"text\" value=\"\"\/><\/div>\r\n<input type=\"submit\" name=\"saveForm\" value=\"Envie sua solicita\u00e7\u00e3o\" class=\"commonBtn orangeBtn smallBtn\"\/>\r\n<\/div>\r\n<div class=\"hidden\">\r\n<textarea name=\"comment\" id=\"comment\" rows=\"1\" cols=\"1\"><\/textarea>\r\n<input type=\"hidden\" id=\"idstamp\" name=\"idstamp\" value=\"Z+90TgH3t73yQ9zFrkvuprkJigsN1FnAhce\/4bcQsxg=\" \/>\r\n<input type=\"hidden\" id=\"encryptedPassword\" name=\"encryptedPassword\" value=\"\" \/>\r\n<\/div>\r\n<div class=\"clearfix\"><\/div>\r\n<\/form><\/div><\/div><\/div>\n<\/div>\n<\/div>","protected":false},"excerpt":{"rendered":"<p>About Wellste Your Professional Aluminum Extrusion Manufacturer and Supplier\u00a0that integrates Research, Design, Production in China. Contact Our Support Team Now About Wellste Wellste is an ISO9001-2001 certified independent aluminium extruison Profile manufacturer that integrates Research, Design, Production, and marketing of aluminium extrusion and aluminum Profile. Wellste mainly Produce customized aluminium extrusions, standard structural extruded aluminum [&hellip;]<\/p>\n","protected":false},"author":1,"featured_media":0,"parent":0,"menu_order":5,"comment_status":"closed","ping_status":"closed","template":"","meta":{"_acf_changed":false,"site-sidebar-layout":"no-sidebar","site-content-layout":"page-builder","ast-site-content-layout":"default","site-content-style":"default","site-sidebar-style":"default","ast-global-header-display":"","ast-banner-title-visibility":"","ast-main-header-display":"","ast-hfb-above-header-display":"","ast-hfb-below-header-display":"","ast-hfb-mobile-header-display":"","site-post-title":"disabled","ast-breadcrumbs-content":"disabled","ast-featured-img":"disabled","footer-sml-layout":"","ast-disable-related-posts":"","theme-transparent-header-meta":"default","adv-header-id-meta":"","stick-header-meta":"default","header-above-stick-meta":"","header-main-stick-meta":"","header-below-stick-meta":"","astra-migrate-meta-layouts":"default","ast-page-background-enabled":"default","ast-page-background-meta":{"desktop":{"background-color":"","background-image":"","background-repeat":"repeat","background-position":"center center","background-size":"auto","background-attachment":"scroll","background-type":"","background-media":"","overlay-type":"","overlay-color":"","overlay-opacity":"","overlay-gradient":""},"tablet":{"background-color":"","background-image":"","background-repeat":"repeat","background-position":"center center","background-size":"auto","background-attachment":"scroll","background-type":"","background-media":"","overlay-type":"","overlay-color":"","overlay-opacity":"","overlay-gradient":""},"mobile":{"background-color":"","background-image":"","background-repeat":"repeat","background-position":"center center","background-size":"auto","background-attachment":"scroll","background-type":"","background-media":"","overlay-type":"","overlay-color":"","overlay-opacity":"","overlay-gradient":""}},"ast-content-background-meta":{"desktop":{"background-color":"var(--ast-global-color-5)","background-image":"","background-repeat":"repeat","background-position":"center center","background-size":"auto","background-attachment":"scroll","background-type":"","background-media":"","overlay-type":"","overlay-color":"","overlay-opacity":"","overlay-gradient":""},"tablet":{"background-color":"var(--ast-global-color-5)","background-image":"","background-repeat":"repeat","background-position":"center center","background-size":"auto","background-attachment":"scroll","background-type":"","background-media":"","overlay-type":"","overlay-color":"","overlay-opacity":"","overlay-gradient":""},"mobile":{"background-color":"var(--ast-global-color-5)","background-image":"","background-repeat":"repeat","background-position":"center center","background-size":"auto","background-attachment":"scroll","background-type":"","background-media":"","overlay-type":"","overlay-color":"","overlay-opacity":"","overlay-gradient":""}},"footnotes":""},"class_list":["post-20","page","type-page","status-publish","hentry"],"acf":[],"yoast_head":"<!-- This site is optimized with the Yoast SEO plugin v27.4 - https:\/\/yoast.com\/product\/yoast-seo-wordpress\/ -->\n<title>Aluminum Extrusion Profiles Supplier | Wellste Aluminum China<\/title>\n<meta name=\"description\" content=\"Wellste Aluminum is your premier aluminum extrusions manufacturer and Supplier from China, Any shape of extruded aluminum profiles are available.\" \/>\n<meta name=\"robots\" content=\"index, follow, max-snippet:-1, max-image-preview:large, max-video-preview:-1\" \/>\n<link rel=\"canonical\" href=\"https:\/\/www.wellste.com\/pt\/about\/\" \/>\n<meta property=\"og:locale\" content=\"pt_BR\" \/>\n<meta property=\"og:type\" content=\"article\" \/>\n<meta property=\"og:title\" content=\"Aluminum Extrusion Profiles Supplier | Wellste Aluminum China\" \/>\n<meta property=\"og:description\" content=\"Wellste Aluminum is your premier aluminum extrusions manufacturer and Supplier from China, Any shape of extruded aluminum profiles are available.\" \/>\n<meta property=\"og:url\" content=\"https:\/\/www.wellste.com\/pt\/about\/\" \/>\n<meta property=\"og:site_name\" content=\"WELLSTE\" \/>\n<meta property=\"article:modified_time\" content=\"2021-01-04T03:31:35+00:00\" \/>\n<meta property=\"og:image\" content=\"https:\/\/www.wellste.com\/wp-content\/uploads\/2018\/12\/Extruded-Shop.jpg\" \/>\n<meta name=\"twitter:card\" content=\"summary_large_image\" \/>\n<meta name=\"twitter:label1\" content=\"Est. tempo de leitura\" \/>\n\t<meta name=\"twitter:data1\" content=\"1 minuto\" \/>\n<script type=\"application\/ld+json\" class=\"yoast-schema-graph\">{\"@context\":\"https:\\\/\\\/schema.org\",\"@graph\":[{\"@type\":\"WebPage\",\"@id\":\"https:\\\/\\\/www.wellste.com\\\/about\\\/\",\"url\":\"https:\\\/\\\/www.wellste.com\\\/about\\\/\",\"name\":\"Aluminum Extrusion Profiles Supplier | Wellste Aluminum China\",\"isPartOf\":{\"@id\":\"https:\\\/\\\/www.wellste.com\\\/#website\"},\"datePublished\":\"2018-12-17T17:21:03+00:00\",\"dateModified\":\"2021-01-04T03:31:35+00:00\",\"description\":\"Wellste Aluminum is your premier aluminum extrusions manufacturer and Supplier from China, Any shape of extruded aluminum profiles are available.\",\"breadcrumb\":{\"@id\":\"https:\\\/\\\/www.wellste.com\\\/about\\\/#breadcrumb\"},\"inLanguage\":\"pt-BR\",\"potentialAction\":[{\"@type\":\"ReadAction\",\"target\":[\"https:\\\/\\\/www.wellste.com\\\/about\\\/\"]}]},{\"@type\":\"BreadcrumbList\",\"@id\":\"https:\\\/\\\/www.wellste.com\\\/about\\\/#breadcrumb\",\"itemListElement\":[{\"@type\":\"ListItem\",\"position\":1,\"name\":\"Home\",\"item\":\"https:\\\/\\\/www.wellste.com\\\/\"},{\"@type\":\"ListItem\",\"position\":2,\"name\":\"About\"}]},{\"@type\":\"WebSite\",\"@id\":\"https:\\\/\\\/www.wellste.com\\\/#website\",\"url\":\"https:\\\/\\\/www.wellste.com\\\/\",\"name\":\"WELLSTE\",\"description\":\"\",\"publisher\":{\"@id\":\"https:\\\/\\\/www.wellste.com\\\/#organization\"},\"potentialAction\":[{\"@type\":\"SearchAction\",\"target\":{\"@type\":\"EntryPoint\",\"urlTemplate\":\"https:\\\/\\\/www.wellste.com\\\/?s={search_term_string}\"},\"query-input\":{\"@type\":\"PropertyValueSpecification\",\"valueRequired\":true,\"valueName\":\"search_term_string\"}}],\"inLanguage\":\"pt-BR\"},{\"@type\":\"Organization\",\"@id\":\"https:\\\/\\\/www.wellste.com\\\/#organization\",\"name\":\"WELLSTE\",\"url\":\"https:\\\/\\\/www.wellste.com\\\/\",\"logo\":{\"@type\":\"ImageObject\",\"inLanguage\":\"pt-BR\",\"@id\":\"https:\\\/\\\/www.wellste.com\\\/#\\\/schema\\\/logo\\\/image\\\/\",\"url\":\"https:\\\/\\\/www.wellste.com\\\/wp-content\\\/uploads\\\/2019\\\/04\\\/wellste-new-logo.png\",\"contentUrl\":\"https:\\\/\\\/www.wellste.com\\\/wp-content\\\/uploads\\\/2019\\\/04\\\/wellste-new-logo.png\",\"width\":207,\"height\":67,\"caption\":\"WELLSTE\"},\"image\":{\"@id\":\"https:\\\/\\\/www.wellste.com\\\/#\\\/schema\\\/logo\\\/image\\\/\"}}]}<\/script>\n<!-- \/ Yoast SEO plugin. -->","yoast_head_json":{"title":"Fornecedor de perfis de extrus\u00e3o de alum\u00ednio | Wellste Alum\u00ednio China","description":"A Wellste Aluminum \u00e9 sua principal fabricante e fornecedora de extrus\u00f5es de alum\u00ednio da China. Qualquer formato de perfis de alum\u00ednio extrudado est\u00e1 dispon\u00edvel.","robots":{"index":"index","follow":"follow","max-snippet":"max-snippet:-1","max-image-preview":"max-image-preview:large","max-video-preview":"max-video-preview:-1"},"canonical":"https:\/\/www.wellste.com\/pt\/about\/","og_locale":"pt_BR","og_type":"article","og_title":"Aluminum Extrusion Profiles Supplier | Wellste Aluminum China","og_description":"Wellste Aluminum is your premier aluminum extrusions manufacturer and Supplier from China, Any shape of extruded aluminum profiles are available.","og_url":"https:\/\/www.wellste.com\/pt\/about\/","og_site_name":"WELLSTE","article_modified_time":"2021-01-04T03:31:35+00:00","og_image":[{"url":"https:\/\/www.wellste.com\/wp-content\/uploads\/2018\/12\/Extruded-Shop.jpg","type":"","width":"","height":""}],"twitter_card":"summary_large_image","twitter_misc":{"Est. tempo de leitura":"1 minuto"},"schema":{"@context":"https:\/\/schema.org","@graph":[{"@type":"WebPage","@id":"https:\/\/www.wellste.com\/about\/","url":"https:\/\/www.wellste.com\/about\/","name":"Fornecedor de perfis de extrus\u00e3o de alum\u00ednio | Wellste Alum\u00ednio China","isPartOf":{"@id":"https:\/\/www.wellste.com\/#website"},"datePublished":"2018-12-17T17:21:03+00:00","dateModified":"2021-01-04T03:31:35+00:00","description":"A Wellste Aluminum \u00e9 sua principal fabricante e fornecedora de extrus\u00f5es de alum\u00ednio da China. Qualquer formato de perfis de alum\u00ednio extrudado est\u00e1 dispon\u00edvel.","breadcrumb":{"@id":"https:\/\/www.wellste.com\/about\/#breadcrumb"},"inLanguage":"pt-BR","potentialAction":[{"@type":"ReadAction","target":["https:\/\/www.wellste.com\/about\/"]}]},{"@type":"BreadcrumbList","@id":"https:\/\/www.wellste.com\/about\/#breadcrumb","itemListElement":[{"@type":"ListItem","position":1,"name":"Home","item":"https:\/\/www.wellste.com\/"},{"@type":"ListItem","position":2,"name":"About"}]},{"@type":"WebSite","@id":"https:\/\/www.wellste.com\/#website","url":"https:\/\/www.wellste.com\/","name":"BEM-ESTAR","description":"","publisher":{"@id":"https:\/\/www.wellste.com\/#organization"},"potentialAction":[{"@type":"SearchAction","target":{"@type":"EntryPoint","urlTemplate":"https:\/\/www.wellste.com\/?s={search_term_string}"},"query-input":{"@type":"PropertyValueSpecification","valueRequired":true,"valueName":"search_term_string"}}],"inLanguage":"pt-BR"},{"@type":"Organization","@id":"https:\/\/www.wellste.com\/#organization","name":"BEM-ESTAR","url":"https:\/\/www.wellste.com\/","logo":{"@type":"ImageObject","inLanguage":"pt-BR","@id":"https:\/\/www.wellste.com\/#\/schema\/logo\/image\/","url":"https:\/\/www.wellste.com\/wp-content\/uploads\/2019\/04\/wellste-new-logo.png","contentUrl":"https:\/\/www.wellste.com\/wp-content\/uploads\/2019\/04\/wellste-new-logo.png","width":207,"height":67,"caption":"WELLSTE"},"image":{"@id":"https:\/\/www.wellste.com\/#\/schema\/logo\/image\/"}}]}},"_links":{"self":[{"href":"https:\/\/www.wellste.com\/pt\/wp-json\/wp\/v2\/pages\/20","targetHints":{"allow":["GET"]}}],"collection":[{"href":"https:\/\/www.wellste.com\/pt\/wp-json\/wp\/v2\/pages"}],"about":[{"href":"https:\/\/www.wellste.com\/pt\/wp-json\/wp\/v2\/types\/page"}],"author":[{"embeddable":true,"href":"https:\/\/www.wellste.com\/pt\/wp-json\/wp\/v2\/users\/1"}],"replies":[{"embeddable":true,"href":"https:\/\/www.wellste.com\/pt\/wp-json\/wp\/v2\/comments?post=20"}],"version-history":[{"count":0,"href":"https:\/\/www.wellste.com\/pt\/wp-json\/wp\/v2\/pages\/20\/revisions"}],"wp:attachment":[{"href":"https:\/\/www.wellste.com\/pt\/wp-json\/wp\/v2\/media?parent=20"}],"curies":[{"name":"wp","href":"https:\/\/api.w.org\/{rel}","templated":true}]}}