{"id":289,"date":"2019-02-27T22:03:35","date_gmt":"2019-02-27T22:03:35","guid":{"rendered":"http:\/\/wellste.digitalpixels.co\/?page_id=289"},"modified":"2021-01-13T13:37:51","modified_gmt":"2021-01-13T13:37:51","slug":"aluminium-profiles-manufacturer-china","status":"publish","type":"page","link":"https:\/\/www.wellste.com\/it\/aluminium-profiles-manufacturer-china\/","title":{"rendered":"Produttori di profili in alluminio Cina"},"content":{"rendered":"<h1>Produttori di profili in alluminio Cina<\/h1>\n<p style=\"text-align: left;\">Wellste Aluminium \u00e8 una delle pi\u00f9 grandi fabbriche di profili in alluminio ed estrusione di alluminio in Cina, in grado di fornire prodotti in alluminio di qualit\u00e0 conforme allo standard ISO.<\/p>\n<p style=\"text-align: left;\">La nostra azienda fornisce profili in lega di alluminio che includono 6000 serie, come 6063 t5, 6061 t6, 6082 t6 e altro. Vi offriamo il miglior prezzo online di profili in alluminio di alta qualit\u00e0. I prodotti che forniamo hanno 10 anni di garanzia e la superficie \u00e8 ben rifinita, pulita, liscia, senza graffi e macchie. Il nostro tempo di consegna \u00e8 di circa 20 giorni e la consegna \u00e8 puntuale.<\/p>\n<p style=\"text-align: left;\">Questi profili in alluminio sono ampiamente utilizzati per finestre, porte, facciate continue, mobili, cucine, guardaroba, battiscopa, profili per piastrelle, corrimano, mensole, telai in alluminio per pannelli fotovoltaici e per uso industriale.<\/p>\n<p style=\"text-align: left;\"><img decoding=\"async\" class=\"aligncenter\" src=\"\/wp-content\/uploads\/2019\/02\/aluminum-profile-application.jpg\" alt=\"aluminum profile application\" \/><\/p>\n<p style=\"text-align: left;\">I trattamenti superficiali dei profili in alluminio nella nostra azienda includono finitura anodizzata, finitura elettroforetica, verniciatura a polvere, rivestimento effetto legno, lucidatura e PVDF.<\/p>\n<p style=\"text-align: left;\">Il processo tecnologico di produzione dei nostri profili in alluminio \u00e8 il seguente: lingotti di alluminio\/lega, fusione e colata, estrusione, verniciatura a polvere, colata di gomma per isolamento termico, controllo, imballaggio, rivestimento PVDF\/anodizzazione\/elettroforesi, stoccaggio in magazzino.<\/p>","protected":false},"excerpt":{"rendered":"<p>Aluminium Profiles Manufacturer China Wellste Aluminium is one of the largest Aluminum profile and Aluminum Extrusion factories in China who can provide the quality of the aluminum products which meet ISO Standard. Our company supplies Aluminium profile alloy includes 6000 serious, such as 6063 t5, 6061 t6, 6082 t6 and more. We offer you the [&hellip;]<\/p>\n","protected":false},"author":1,"featured_media":0,"parent":0,"menu_order":0,"comment_status":"closed","ping_status":"closed","template":"product-details.php","meta":{"_acf_changed":false,"site-sidebar-layout":"no-sidebar","site-content-layout":"page-builder","ast-site-content-layout":"default","site-content-style":"default","site-sidebar-style":"default","ast-global-header-display":"","ast-banner-title-visibility":"","ast-main-header-display":"","ast-hfb-above-header-display":"","ast-hfb-below-header-display":"","ast-hfb-mobile-header-display":"","site-post-title":"disabled","ast-breadcrumbs-content":"","ast-featured-img":"disabled","footer-sml-layout":"","ast-disable-related-posts":"","theme-transparent-header-meta":"default","adv-header-id-meta":null,"stick-header-meta":"default","header-above-stick-meta":null,"header-main-stick-meta":"","header-below-stick-meta":null,"astra-migrate-meta-layouts":"default","ast-page-background-enabled":"default","ast-page-background-meta":{"desktop":{"background-color":"","background-image":"","background-repeat":"repeat","background-position":"center center","background-size":"auto","background-attachment":"scroll","background-type":"","background-media":"","overlay-type":"","overlay-color":"","overlay-opacity":"","overlay-gradient":""},"tablet":{"background-color":"","background-image":"","background-repeat":"repeat","background-position":"center center","background-size":"auto","background-attachment":"scroll","background-type":"","background-media":"","overlay-type":"","overlay-color":"","overlay-opacity":"","overlay-gradient":""},"mobile":{"background-color":"","background-image":"","background-repeat":"repeat","background-position":"center center","background-size":"auto","background-attachment":"scroll","background-type":"","background-media":"","overlay-type":"","overlay-color":"","overlay-opacity":"","overlay-gradient":""}},"ast-content-background-meta":{"desktop":{"background-color":"var(--ast-global-color-5)","background-image":"","background-repeat":"repeat","background-position":"center center","background-size":"auto","background-attachment":"scroll","background-type":"","background-media":"","overlay-type":"","overlay-color":"","overlay-opacity":"","overlay-gradient":""},"tablet":{"background-color":"var(--ast-global-color-5)","background-image":"","background-repeat":"repeat","background-position":"center center","background-size":"auto","background-attachment":"scroll","background-type":"","background-media":"","overlay-type":"","overlay-color":"","overlay-opacity":"","overlay-gradient":""},"mobile":{"background-color":"var(--ast-global-color-5)","background-image":"","background-repeat":"repeat","background-position":"center center","background-size":"auto","background-attachment":"scroll","background-type":"","background-media":"","overlay-type":"","overlay-color":"","overlay-opacity":"","overlay-gradient":""}},"footnotes":""},"class_list":["post-289","page","type-page","status-publish","hentry"],"acf":[],"yoast_head":"<!-- This site is optimized with the Yoast SEO plugin v27.4 - https:\/\/yoast.com\/product\/yoast-seo-wordpress\/ -->\n<title>Aluminium Profiles Manufacturer China - WELLSTE<\/title>\n<meta name=\"description\" content=\"Wellste Aluminium is one of the largest Aluminum profile and Aluminum Extrusion factories in China that provides quality of the aluminum profiles with ISO Standard.\" \/>\n<meta name=\"robots\" content=\"index, follow, max-snippet:-1, max-image-preview:large, max-video-preview:-1\" \/>\n<link rel=\"canonical\" href=\"https:\/\/www.wellste.com\/it\/aluminium-profiles-manufacturer-china\/\" \/>\n<meta property=\"og:locale\" content=\"it_IT\" \/>\n<meta property=\"og:type\" content=\"article\" \/>\n<meta property=\"og:title\" content=\"Aluminium Profiles Manufacturer China - WELLSTE\" \/>\n<meta property=\"og:description\" content=\"Wellste Aluminium is one of the largest Aluminum profile and Aluminum Extrusion factories in China that provides quality of the aluminum profiles with ISO Standard.\" \/>\n<meta property=\"og:url\" content=\"https:\/\/www.wellste.com\/it\/aluminium-profiles-manufacturer-china\/\" \/>\n<meta property=\"og:site_name\" content=\"WELLSTE\" \/>\n<meta property=\"article:modified_time\" content=\"2021-01-13T13:37:51+00:00\" \/>\n<meta property=\"og:image\" content=\"https:\/\/www.wellste.com\/wp-content\/uploads\/2019\/02\/aluminum-profile-application.jpg\" \/>\n<meta name=\"twitter:card\" content=\"summary_large_image\" \/>\n<meta name=\"twitter:label1\" content=\"Tempo di lettura stimato\" \/>\n\t<meta name=\"twitter:data1\" content=\"1 minuto\" \/>\n<script type=\"application\/ld+json\" class=\"yoast-schema-graph\">{\"@context\":\"https:\\\/\\\/schema.org\",\"@graph\":[{\"@type\":\"WebPage\",\"@id\":\"https:\\\/\\\/www.wellste.com\\\/aluminium-profiles-manufacturer-china\\\/\",\"url\":\"https:\\\/\\\/www.wellste.com\\\/aluminium-profiles-manufacturer-china\\\/\",\"name\":\"Aluminium Profiles Manufacturer China - WELLSTE\",\"isPartOf\":{\"@id\":\"https:\\\/\\\/www.wellste.com\\\/#website\"},\"datePublished\":\"2019-02-27T22:03:35+00:00\",\"dateModified\":\"2021-01-13T13:37:51+00:00\",\"description\":\"Wellste Aluminium is one of the largest Aluminum profile and Aluminum Extrusion factories in China that provides quality of the aluminum profiles with ISO Standard.\",\"breadcrumb\":{\"@id\":\"https:\\\/\\\/www.wellste.com\\\/aluminium-profiles-manufacturer-china\\\/#breadcrumb\"},\"inLanguage\":\"it-IT\",\"potentialAction\":[{\"@type\":\"ReadAction\",\"target\":[\"https:\\\/\\\/www.wellste.com\\\/aluminium-profiles-manufacturer-china\\\/\"]}]},{\"@type\":\"BreadcrumbList\",\"@id\":\"https:\\\/\\\/www.wellste.com\\\/aluminium-profiles-manufacturer-china\\\/#breadcrumb\",\"itemListElement\":[{\"@type\":\"ListItem\",\"position\":1,\"name\":\"Home\",\"item\":\"https:\\\/\\\/www.wellste.com\\\/\"},{\"@type\":\"ListItem\",\"position\":2,\"name\":\"Aluminium Profiles Manufacturer China\"}]},{\"@type\":\"WebSite\",\"@id\":\"https:\\\/\\\/www.wellste.com\\\/#website\",\"url\":\"https:\\\/\\\/www.wellste.com\\\/\",\"name\":\"WELLSTE\",\"description\":\"\",\"publisher\":{\"@id\":\"https:\\\/\\\/www.wellste.com\\\/#organization\"},\"potentialAction\":[{\"@type\":\"SearchAction\",\"target\":{\"@type\":\"EntryPoint\",\"urlTemplate\":\"https:\\\/\\\/www.wellste.com\\\/?s={search_term_string}\"},\"query-input\":{\"@type\":\"PropertyValueSpecification\",\"valueRequired\":true,\"valueName\":\"search_term_string\"}}],\"inLanguage\":\"it-IT\"},{\"@type\":\"Organization\",\"@id\":\"https:\\\/\\\/www.wellste.com\\\/#organization\",\"name\":\"WELLSTE\",\"url\":\"https:\\\/\\\/www.wellste.com\\\/\",\"logo\":{\"@type\":\"ImageObject\",\"inLanguage\":\"it-IT\",\"@id\":\"https:\\\/\\\/www.wellste.com\\\/#\\\/schema\\\/logo\\\/image\\\/\",\"url\":\"https:\\\/\\\/www.wellste.com\\\/wp-content\\\/uploads\\\/2019\\\/04\\\/wellste-new-logo.png\",\"contentUrl\":\"https:\\\/\\\/www.wellste.com\\\/wp-content\\\/uploads\\\/2019\\\/04\\\/wellste-new-logo.png\",\"width\":207,\"height\":67,\"caption\":\"WELLSTE\"},\"image\":{\"@id\":\"https:\\\/\\\/www.wellste.com\\\/#\\\/schema\\\/logo\\\/image\\\/\"}}]}<\/script>\n<!-- \/ Yoast SEO plugin. -->","yoast_head_json":{"title":"Produttore di profili in alluminio Cina - WELLSTE","description":"Wellste Aluminium \u00e8 una delle pi\u00f9 grandi fabbriche di profili in alluminio ed estrusione di alluminio in Cina, che garantisce profili in alluminio di qualit\u00e0 conforme allo standard ISO.","robots":{"index":"index","follow":"follow","max-snippet":"max-snippet:-1","max-image-preview":"max-image-preview:large","max-video-preview":"max-video-preview:-1"},"canonical":"https:\/\/www.wellste.com\/it\/aluminium-profiles-manufacturer-china\/","og_locale":"it_IT","og_type":"article","og_title":"Aluminium Profiles Manufacturer China - WELLSTE","og_description":"Wellste Aluminium is one of the largest Aluminum profile and Aluminum Extrusion factories in China that provides quality of the aluminum profiles with ISO Standard.","og_url":"https:\/\/www.wellste.com\/it\/aluminium-profiles-manufacturer-china\/","og_site_name":"WELLSTE","article_modified_time":"2021-01-13T13:37:51+00:00","og_image":[{"url":"https:\/\/www.wellste.com\/wp-content\/uploads\/2019\/02\/aluminum-profile-application.jpg","type":"","width":"","height":""}],"twitter_card":"summary_large_image","twitter_misc":{"Tempo di lettura stimato":"1 minuto"},"schema":{"@context":"https:\/\/schema.org","@graph":[{"@type":"WebPage","@id":"https:\/\/www.wellste.com\/aluminium-profiles-manufacturer-china\/","url":"https:\/\/www.wellste.com\/aluminium-profiles-manufacturer-china\/","name":"Produttore di profili in alluminio Cina - WELLSTE","isPartOf":{"@id":"https:\/\/www.wellste.com\/#website"},"datePublished":"2019-02-27T22:03:35+00:00","dateModified":"2021-01-13T13:37:51+00:00","description":"Wellste Aluminium \u00e8 una delle pi\u00f9 grandi fabbriche di profili in alluminio ed estrusione di alluminio in Cina, che garantisce profili in alluminio di qualit\u00e0 conforme allo standard ISO.","breadcrumb":{"@id":"https:\/\/www.wellste.com\/aluminium-profiles-manufacturer-china\/#breadcrumb"},"inLanguage":"it-IT","potentialAction":[{"@type":"ReadAction","target":["https:\/\/www.wellste.com\/aluminium-profiles-manufacturer-china\/"]}]},{"@type":"BreadcrumbList","@id":"https:\/\/www.wellste.com\/aluminium-profiles-manufacturer-china\/#breadcrumb","itemListElement":[{"@type":"ListItem","position":1,"name":"Home","item":"https:\/\/www.wellste.com\/"},{"@type":"ListItem","position":2,"name":"Aluminium Profiles Manufacturer China"}]},{"@type":"WebSite","@id":"https:\/\/www.wellste.com\/#website","url":"https:\/\/www.wellste.com\/","name":"BENEFICIARIO","description":"","publisher":{"@id":"https:\/\/www.wellste.com\/#organization"},"potentialAction":[{"@type":"SearchAction","target":{"@type":"EntryPoint","urlTemplate":"https:\/\/www.wellste.com\/?s={search_term_string}"},"query-input":{"@type":"PropertyValueSpecification","valueRequired":true,"valueName":"search_term_string"}}],"inLanguage":"it-IT"},{"@type":"Organization","@id":"https:\/\/www.wellste.com\/#organization","name":"BENEFICIARIO","url":"https:\/\/www.wellste.com\/","logo":{"@type":"ImageObject","inLanguage":"it-IT","@id":"https:\/\/www.wellste.com\/#\/schema\/logo\/image\/","url":"https:\/\/www.wellste.com\/wp-content\/uploads\/2019\/04\/wellste-new-logo.png","contentUrl":"https:\/\/www.wellste.com\/wp-content\/uploads\/2019\/04\/wellste-new-logo.png","width":207,"height":67,"caption":"WELLSTE"},"image":{"@id":"https:\/\/www.wellste.com\/#\/schema\/logo\/image\/"}}]}},"_links":{"self":[{"href":"https:\/\/www.wellste.com\/it\/wp-json\/wp\/v2\/pages\/289","targetHints":{"allow":["GET"]}}],"collection":[{"href":"https:\/\/www.wellste.com\/it\/wp-json\/wp\/v2\/pages"}],"about":[{"href":"https:\/\/www.wellste.com\/it\/wp-json\/wp\/v2\/types\/page"}],"author":[{"embeddable":true,"href":"https:\/\/www.wellste.com\/it\/wp-json\/wp\/v2\/users\/1"}],"replies":[{"embeddable":true,"href":"https:\/\/www.wellste.com\/it\/wp-json\/wp\/v2\/comments?post=289"}],"version-history":[{"count":0,"href":"https:\/\/www.wellste.com\/it\/wp-json\/wp\/v2\/pages\/289\/revisions"}],"wp:attachment":[{"href":"https:\/\/www.wellste.com\/it\/wp-json\/wp\/v2\/media?parent=289"}],"curies":[{"name":"parola chiave","href":"https:\/\/api.w.org\/{rel}","templated":true}]}}