{"id":6841,"date":"2021-05-01T15:25:53","date_gmt":"2021-05-01T15:25:53","guid":{"rendered":"https:\/\/www.wellste.com\/?page_id=6841"},"modified":"2024-01-11T20:34:51","modified_gmt":"2024-01-11T20:34:51","slug":"aluminum-channel-extrusions","status":"publish","type":"page","link":"https:\/\/www.wellste.com\/fr\/aluminum-channel-extrusions\/","title":{"rendered":"Profil\u00e9s en aluminium extrud\u00e9"},"content":{"rendered":"","protected":false},"excerpt":{"rendered":"","protected":false},"author":4,"featured_media":0,"parent":0,"menu_order":0,"comment_status":"closed","ping_status":"closed","template":"landing-page2.php","meta":{"_acf_changed":false,"site-sidebar-layout":"no-sidebar","site-content-layout":"page-builder","ast-site-content-layout":"default","site-content-style":"default","site-sidebar-style":"default","ast-global-header-display":"","ast-banner-title-visibility":"","ast-main-header-display":"","ast-hfb-above-header-display":"","ast-hfb-below-header-display":"","ast-hfb-mobile-header-display":"","site-post-title":"disabled","ast-breadcrumbs-content":"","ast-featured-img":"disabled","footer-sml-layout":"","ast-disable-related-posts":"","theme-transparent-header-meta":"default","adv-header-id-meta":"","stick-header-meta":"default","header-above-stick-meta":"","header-main-stick-meta":"","header-below-stick-meta":"","astra-migrate-meta-layouts":"default","ast-page-background-enabled":"default","ast-page-background-meta":{"desktop":{"background-color":"","background-image":"","background-repeat":"repeat","background-position":"center center","background-size":"auto","background-attachment":"scroll","background-type":"","background-media":"","overlay-type":"","overlay-color":"","overlay-opacity":"","overlay-gradient":""},"tablet":{"background-color":"","background-image":"","background-repeat":"repeat","background-position":"center center","background-size":"auto","background-attachment":"scroll","background-type":"","background-media":"","overlay-type":"","overlay-color":"","overlay-opacity":"","overlay-gradient":""},"mobile":{"background-color":"","background-image":"","background-repeat":"repeat","background-position":"center center","background-size":"auto","background-attachment":"scroll","background-type":"","background-media":"","overlay-type":"","overlay-color":"","overlay-opacity":"","overlay-gradient":""}},"ast-content-background-meta":{"desktop":{"background-color":"var(--ast-global-color-5)","background-image":"","background-repeat":"repeat","background-position":"center center","background-size":"auto","background-attachment":"scroll","background-type":"","background-media":"","overlay-type":"","overlay-color":"","overlay-opacity":"","overlay-gradient":""},"tablet":{"background-color":"var(--ast-global-color-5)","background-image":"","background-repeat":"repeat","background-position":"center center","background-size":"auto","background-attachment":"scroll","background-type":"","background-media":"","overlay-type":"","overlay-color":"","overlay-opacity":"","overlay-gradient":""},"mobile":{"background-color":"var(--ast-global-color-5)","background-image":"","background-repeat":"repeat","background-position":"center center","background-size":"auto","background-attachment":"scroll","background-type":"","background-media":"","overlay-type":"","overlay-color":"","overlay-opacity":"","overlay-gradient":""}},"footnotes":""},"class_list":["post-6841","page","type-page","status-publish","hentry"],"acf":[],"yoast_head":"<!-- This site is optimized with the Yoast SEO plugin v27.3 - https:\/\/yoast.com\/product\/yoast-seo-wordpress\/ -->\n<title>Aluminum Channel Extrusions Manufacturer &amp; Supplier in China | Wellste<\/title>\n<meta name=\"description\" content=\"100% inspected Aluminum Channel Extrusions, Guarantee the product quality. Approved by SGS, Reliable manufacturer with 20+ Years Experience!\" \/>\n<meta name=\"robots\" content=\"index, follow, max-snippet:-1, max-image-preview:large, max-video-preview:-1\" \/>\n<link rel=\"canonical\" href=\"https:\/\/www.wellste.com\/fr\/aluminum-channel-extrusions\/\" \/>\n<meta property=\"og:locale\" content=\"fr_FR\" \/>\n<meta property=\"og:type\" content=\"article\" \/>\n<meta property=\"og:title\" content=\"Aluminum Channel Extrusions Manufacturer &amp; Supplier in China | Wellste\" \/>\n<meta property=\"og:description\" content=\"100% inspected Aluminum Channel Extrusions, Guarantee the product quality. Approved by SGS, Reliable manufacturer with 20+ Years Experience!\" \/>\n<meta property=\"og:url\" content=\"https:\/\/www.wellste.com\/fr\/aluminum-channel-extrusions\/\" \/>\n<meta property=\"og:site_name\" content=\"WELLSTE\" \/>\n<meta property=\"article:modified_time\" content=\"2024-01-11T20:34:51+00:00\" \/>\n<meta name=\"twitter:card\" content=\"summary_large_image\" \/>\n<script type=\"application\/ld+json\" class=\"yoast-schema-graph\">{\"@context\":\"https:\\\/\\\/schema.org\",\"@graph\":[{\"@type\":\"WebPage\",\"@id\":\"https:\\\/\\\/www.wellste.com\\\/aluminum-channel-extrusions\\\/\",\"url\":\"https:\\\/\\\/www.wellste.com\\\/aluminum-channel-extrusions\\\/\",\"name\":\"Aluminum Channel Extrusions Manufacturer & Supplier in China | Wellste\",\"isPartOf\":{\"@id\":\"https:\\\/\\\/www.wellste.com\\\/#website\"},\"datePublished\":\"2021-05-01T15:25:53+00:00\",\"dateModified\":\"2024-01-11T20:34:51+00:00\",\"description\":\"100% inspected Aluminum Channel Extrusions, Guarantee the product quality. Approved by SGS, Reliable manufacturer with 20+ Years Experience!\",\"breadcrumb\":{\"@id\":\"https:\\\/\\\/www.wellste.com\\\/aluminum-channel-extrusions\\\/#breadcrumb\"},\"inLanguage\":\"fr-FR\",\"potentialAction\":[{\"@type\":\"ReadAction\",\"target\":[\"https:\\\/\\\/www.wellste.com\\\/aluminum-channel-extrusions\\\/\"]}]},{\"@type\":\"BreadcrumbList\",\"@id\":\"https:\\\/\\\/www.wellste.com\\\/aluminum-channel-extrusions\\\/#breadcrumb\",\"itemListElement\":[{\"@type\":\"ListItem\",\"position\":1,\"name\":\"Home\",\"item\":\"https:\\\/\\\/www.wellste.com\\\/\"},{\"@type\":\"ListItem\",\"position\":2,\"name\":\"Aluminum Channel Extrusions\"}]},{\"@type\":\"WebSite\",\"@id\":\"https:\\\/\\\/www.wellste.com\\\/#website\",\"url\":\"https:\\\/\\\/www.wellste.com\\\/\",\"name\":\"WELLSTE\",\"description\":\"\",\"publisher\":{\"@id\":\"https:\\\/\\\/www.wellste.com\\\/#organization\"},\"potentialAction\":[{\"@type\":\"SearchAction\",\"target\":{\"@type\":\"EntryPoint\",\"urlTemplate\":\"https:\\\/\\\/www.wellste.com\\\/?s={search_term_string}\"},\"query-input\":{\"@type\":\"PropertyValueSpecification\",\"valueRequired\":true,\"valueName\":\"search_term_string\"}}],\"inLanguage\":\"fr-FR\"},{\"@type\":\"Organization\",\"@id\":\"https:\\\/\\\/www.wellste.com\\\/#organization\",\"name\":\"WELLSTE\",\"url\":\"https:\\\/\\\/www.wellste.com\\\/\",\"logo\":{\"@type\":\"ImageObject\",\"inLanguage\":\"fr-FR\",\"@id\":\"https:\\\/\\\/www.wellste.com\\\/#\\\/schema\\\/logo\\\/image\\\/\",\"url\":\"https:\\\/\\\/www.wellste.com\\\/wp-content\\\/uploads\\\/2019\\\/04\\\/wellste-new-logo.png\",\"contentUrl\":\"https:\\\/\\\/www.wellste.com\\\/wp-content\\\/uploads\\\/2019\\\/04\\\/wellste-new-logo.png\",\"width\":207,\"height\":67,\"caption\":\"WELLSTE\"},\"image\":{\"@id\":\"https:\\\/\\\/www.wellste.com\\\/#\\\/schema\\\/logo\\\/image\\\/\"}}]}<\/script>\n<!-- \/ Yoast SEO plugin. -->","yoast_head_json":{"title":"Fabricant et fournisseur d&#039;extrusions de canaux en aluminium en Chine | Wellste","description":"Extrusions de canaux en aluminium inspect\u00e9es 100%, garantie de la qualit\u00e9 du produit. Approuv\u00e9 par SGS, fabricant fiable avec plus de 20 ans d&#039;exp\u00e9rience !","robots":{"index":"index","follow":"follow","max-snippet":"max-snippet:-1","max-image-preview":"max-image-preview:large","max-video-preview":"max-video-preview:-1"},"canonical":"https:\/\/www.wellste.com\/fr\/aluminum-channel-extrusions\/","og_locale":"fr_FR","og_type":"article","og_title":"Aluminum Channel Extrusions Manufacturer & Supplier in China | Wellste","og_description":"100% inspected Aluminum Channel Extrusions, Guarantee the product quality. Approved by SGS, Reliable manufacturer with 20+ Years Experience!","og_url":"https:\/\/www.wellste.com\/fr\/aluminum-channel-extrusions\/","og_site_name":"WELLSTE","article_modified_time":"2024-01-11T20:34:51+00:00","twitter_card":"summary_large_image","schema":{"@context":"https:\/\/schema.org","@graph":[{"@type":"WebPage","@id":"https:\/\/www.wellste.com\/aluminum-channel-extrusions\/","url":"https:\/\/www.wellste.com\/aluminum-channel-extrusions\/","name":"Fabricant et fournisseur d&#039;extrusions de canaux en aluminium en Chine | Wellste","isPartOf":{"@id":"https:\/\/www.wellste.com\/#website"},"datePublished":"2021-05-01T15:25:53+00:00","dateModified":"2024-01-11T20:34:51+00:00","description":"Extrusions de canaux en aluminium inspect\u00e9es 100%, garantie de la qualit\u00e9 du produit. Approuv\u00e9 par SGS, fabricant fiable avec plus de 20 ans d&#039;exp\u00e9rience !","breadcrumb":{"@id":"https:\/\/www.wellste.com\/aluminum-channel-extrusions\/#breadcrumb"},"inLanguage":"fr-FR","potentialAction":[{"@type":"ReadAction","target":["https:\/\/www.wellste.com\/aluminum-channel-extrusions\/"]}]},{"@type":"BreadcrumbList","@id":"https:\/\/www.wellste.com\/aluminum-channel-extrusions\/#breadcrumb","itemListElement":[{"@type":"ListItem","position":1,"name":"Home","item":"https:\/\/www.wellste.com\/"},{"@type":"ListItem","position":2,"name":"Aluminum Channel Extrusions"}]},{"@type":"WebSite","@id":"https:\/\/www.wellste.com\/#website","url":"https:\/\/www.wellste.com\/","name":"BIEN-\u00caTRE","description":"","publisher":{"@id":"https:\/\/www.wellste.com\/#organization"},"potentialAction":[{"@type":"SearchAction","target":{"@type":"EntryPoint","urlTemplate":"https:\/\/www.wellste.com\/?s={search_term_string}"},"query-input":{"@type":"PropertyValueSpecification","valueRequired":true,"valueName":"search_term_string"}}],"inLanguage":"fr-FR"},{"@type":"Organization","@id":"https:\/\/www.wellste.com\/#organization","name":"BIEN-\u00caTRE","url":"https:\/\/www.wellste.com\/","logo":{"@type":"ImageObject","inLanguage":"fr-FR","@id":"https:\/\/www.wellste.com\/#\/schema\/logo\/image\/","url":"https:\/\/www.wellste.com\/wp-content\/uploads\/2019\/04\/wellste-new-logo.png","contentUrl":"https:\/\/www.wellste.com\/wp-content\/uploads\/2019\/04\/wellste-new-logo.png","width":207,"height":67,"caption":"WELLSTE"},"image":{"@id":"https:\/\/www.wellste.com\/#\/schema\/logo\/image\/"}}]}},"_links":{"self":[{"href":"https:\/\/www.wellste.com\/fr\/wp-json\/wp\/v2\/pages\/6841","targetHints":{"allow":["GET"]}}],"collection":[{"href":"https:\/\/www.wellste.com\/fr\/wp-json\/wp\/v2\/pages"}],"about":[{"href":"https:\/\/www.wellste.com\/fr\/wp-json\/wp\/v2\/types\/page"}],"author":[{"embeddable":true,"href":"https:\/\/www.wellste.com\/fr\/wp-json\/wp\/v2\/users\/4"}],"replies":[{"embeddable":true,"href":"https:\/\/www.wellste.com\/fr\/wp-json\/wp\/v2\/comments?post=6841"}],"version-history":[{"count":0,"href":"https:\/\/www.wellste.com\/fr\/wp-json\/wp\/v2\/pages\/6841\/revisions"}],"wp:attachment":[{"href":"https:\/\/www.wellste.com\/fr\/wp-json\/wp\/v2\/media?parent=6841"}],"curies":[{"name":"wp","href":"https:\/\/api.w.org\/{rel}","templated":true}]}}