{"id":22,"date":"2018-12-17T17:21:13","date_gmt":"2018-12-17T17:21:13","guid":{"rendered":"http:\/\/wellste.digitalpixels.co\/?page_id=22"},"modified":"2024-01-02T03:51:42","modified_gmt":"2024-01-02T03:51:42","slug":"contact","status":"publish","type":"page","link":"https:\/\/www.wellste.com\/fr\/contact\/","title":{"rendered":"Contact"},"content":{"rendered":"<div class=\"contactBanner innerPageBanner\">\n<div class=\"container\">\n<div class=\"row cust-row\">\n<div class=\"col-sm-12\">\n<div class=\"displayTable\">\n<div class=\"bannerBox text-center\">\n<h1 class=\"bannerHeading margin0 clrWhite\">Contactez-nous<\/h1>\n<div class=\"bannerSubHeading clrWhite paddTop15\">Commandez ou pas de commande, l&#039;\u00e9quipe Wellste vous donnera un bref retour dans les 12 heures<\/div>\n<\/div>\n<\/div>\n<\/div>\n<\/div>\n<\/div>\n<\/div>\n<div class=\"contactSection1 paddTop80 paddBottom70\">\n<div class=\"container\">\n<div class=\"row\">\n<div class=\"col-sm-12\">\n<div class=\"boxShadow\">\n<div class=\"row\">\n<div class=\"col-sm-12 col-md-6 col-lg-7\">\n<div class=\"contactFormWraper\">\n<h1 class=\"margin0\">Soumettez votre demande<\/h1>\n<p class=\"clrOrange\">L&#039;\u00e9quipe Wellste recevra une r\u00e9ponse dans 12 heures.<\/p>\n<div class=\"contactPageForm\"><div id=\"custom_html-3\" class=\"widget_text widget-container widget_custom_html\"><div class=\"textwidget custom-html-widget\"><form name=\"form1\" enctype=\"multipart\/form-data\" method=\"post\" action=\"https:\/\/hanru.wufoo.com\/forms\/z1m6zlo80trortm\/#public\">\r\n<input type=\"text\" name=\"Field1\" value=\"\" placeholder=\"Votre nom*\" required>\r\n<input type=\"email\" name=\"Field2\" value=\"\" placeholder=\"Votre e-mail*\" required>\r\n<input type=\"text\" name=\"Field11\" value=\"\" placeholder=\"Votre t\u00e9l\u00e9phone*\" required>\r\n<input type=\"text\" name=\"Field12\" value=\"\" placeholder=\"Votre pays*\" required>\r\n<textarea name=\"Field3\" placeholder=\"Votre message*\" required><\/textarea>\r\n<div class=\"wufooLabel\">Pi\u00e8ce jointe<\/div>\r\n<div><input name=\"Field7\" type=\"file\" data-file-max-size=\"5\"\/><\/div>\r\n<div class=\"hidden\"><input name=\"Field4\" type=\"text\" value=\"http:\/\/www.wellste.com\/fr\/wp-json\/wp\/v2\/pages\/22\"\/><\/div>\r\n<div class=\"hidden\"><input name=\"Field9\" type=\"text\" value=\"\"\/><\/div>\r\n<div class=\"text-right paddTop15\"><input type=\"submit\" name=\"saveForm\" value=\"Soumettre\" class=\"commonBtn orangeBtn\"><\/div>\r\n<div class=\"hidden\">\r\n<textarea name=\"comment\" id=\"comment\" rows=\"1\" cols=\"1\"><\/textarea>\r\n<input type=\"hidden\" id=\"idstamp\" name=\"idstamp\" value=\"Z+90TgH3t73yQ9zFrkvuprkJigsN1FnAhce\/4bcQsxg=\" \/>\r\n<input type=\"hidden\" id=\"encryptedPassword\" name=\"encryptedPassword\" value=\"\" \/>\r\n<\/div>\r\n<\/form><\/div><\/div><\/div>\n<\/div>\n<\/div>\n<div class=\"col-sm-12 col-md-6 col-lg-5\">\n<div class=\"contactPageDetails\">\n<h2 class=\"paddBottom20\">Coordonn\u00e9es<\/h2>\n<ul>\n<li class=\"email\"><b>E-mail<\/b> <a href=\"mailto:sales@wellste.com\">sales@wellste.com<\/a><\/li>\n<li class=\"phone\"><b>T\u00e9l\u00e9phone<\/b>86-511-83331185<\/li>\n<li class=\"address\"><b>Adresse<\/b>#98 Zongze Rd., r\u00e9gion de Jingkou, Zhenjiang, Jiangsu, Chine.<\/li>\n<\/ul>\n<div class=\"contactMap\"><img decoding=\"async\" class=\"img-responsive\" src=\"\/wp-content\/uploads\/2019\/04\/map.jpg\" alt=\"carte\" \/><\/div>\n<\/div>\n<\/div>\n<\/div>\n<\/div>\n<\/div>\n<\/div>\n<\/div>\n<\/div>","protected":false},"excerpt":{"rendered":"<p>Contactez-nous Commandez ou pas de commande, l&#039;\u00e9quipe Wellste vous donnera votre bref retour dans les 12 heures Soumettez votre demande L&#039;\u00e9quipe Wellste recevra une r\u00e9ponse dans les 12 heures. Coordonn\u00e9es Courriel sales@wellste.com T\u00e9l\u00e9phone86-511-83331185 Adresse#98 Zongze Rd., Jingkou Area, Zhenjiang, Jiangsu, Chine.<\/p>","protected":false},"author":1,"featured_media":0,"parent":0,"menu_order":6,"comment_status":"closed","ping_status":"closed","template":"","meta":{"_acf_changed":false,"site-sidebar-layout":"no-sidebar","site-content-layout":"page-builder","ast-site-content-layout":"full-width-container","site-content-style":"unboxed","site-sidebar-style":"unboxed","ast-global-header-display":"","ast-banner-title-visibility":"","ast-main-header-display":"","ast-hfb-above-header-display":"","ast-hfb-below-header-display":"","ast-hfb-mobile-header-display":"","site-post-title":"disabled","ast-breadcrumbs-content":"disabled","ast-featured-img":"disabled","footer-sml-layout":"","ast-disable-related-posts":"","theme-transparent-header-meta":"default","adv-header-id-meta":"","stick-header-meta":"default","header-above-stick-meta":"","header-main-stick-meta":"","header-below-stick-meta":"","astra-migrate-meta-layouts":"set","ast-page-background-enabled":"default","ast-page-background-meta":{"desktop":{"background-color":"","background-image":"","background-repeat":"repeat","background-position":"center center","background-size":"auto","background-attachment":"scroll","background-type":"","background-media":"","overlay-type":"","overlay-color":"","overlay-opacity":"","overlay-gradient":""},"tablet":{"background-color":"","background-image":"","background-repeat":"repeat","background-position":"center center","background-size":"auto","background-attachment":"scroll","background-type":"","background-media":"","overlay-type":"","overlay-color":"","overlay-opacity":"","overlay-gradient":""},"mobile":{"background-color":"","background-image":"","background-repeat":"repeat","background-position":"center center","background-size":"auto","background-attachment":"scroll","background-type":"","background-media":"","overlay-type":"","overlay-color":"","overlay-opacity":"","overlay-gradient":""}},"ast-content-background-meta":{"desktop":{"background-color":"var(--ast-global-color-5)","background-image":"","background-repeat":"repeat","background-position":"center center","background-size":"auto","background-attachment":"scroll","background-type":"","background-media":"","overlay-type":"","overlay-color":"","overlay-opacity":"","overlay-gradient":""},"tablet":{"background-color":"var(--ast-global-color-5)","background-image":"","background-repeat":"repeat","background-position":"center center","background-size":"auto","background-attachment":"scroll","background-type":"","background-media":"","overlay-type":"","overlay-color":"","overlay-opacity":"","overlay-gradient":""},"mobile":{"background-color":"var(--ast-global-color-5)","background-image":"","background-repeat":"repeat","background-position":"center center","background-size":"auto","background-attachment":"scroll","background-type":"","background-media":"","overlay-type":"","overlay-color":"","overlay-opacity":"","overlay-gradient":""}},"footnotes":""},"class_list":["post-22","page","type-page","status-publish","hentry"],"acf":[],"yoast_head":"<!-- This site is optimized with the Yoast SEO plugin v27.4 - https:\/\/yoast.com\/product\/yoast-seo-wordpress\/ -->\n<title>Connect with Wellste \u2013 Your Trusted Partner in Aluminum Solutions.<\/title>\n<meta name=\"description\" content=\"Find Wellste contact information here to reach our dedicated team, Whether you have questions, inquiries, or need assistance, we&#039;re here to serve you.\" \/>\n<meta name=\"robots\" content=\"index, follow, max-snippet:-1, max-image-preview:large, max-video-preview:-1\" \/>\n<link rel=\"canonical\" href=\"https:\/\/www.wellste.com\/fr\/contact\/\" \/>\n<meta property=\"og:locale\" content=\"fr_FR\" \/>\n<meta property=\"og:type\" content=\"article\" \/>\n<meta property=\"og:title\" content=\"Connect with Wellste \u2013 Your Trusted Partner in Aluminum Solutions.\" \/>\n<meta property=\"og:description\" content=\"Find Wellste contact information here to reach our dedicated team, Whether you have questions, inquiries, or need assistance, we&#039;re here to serve you.\" \/>\n<meta property=\"og:url\" content=\"https:\/\/www.wellste.com\/fr\/contact\/\" \/>\n<meta property=\"og:site_name\" content=\"WELLSTE\" \/>\n<meta property=\"article:modified_time\" content=\"2024-01-02T03:51:42+00:00\" \/>\n<meta name=\"twitter:card\" content=\"summary_large_image\" \/>\n<script type=\"application\/ld+json\" class=\"yoast-schema-graph\">{\"@context\":\"https:\\\/\\\/schema.org\",\"@graph\":[{\"@type\":\"WebPage\",\"@id\":\"https:\\\/\\\/www.wellste.com\\\/contact\\\/\",\"url\":\"https:\\\/\\\/www.wellste.com\\\/contact\\\/\",\"name\":\"Connect with Wellste \u2013 Your Trusted Partner in Aluminum Solutions.\",\"isPartOf\":{\"@id\":\"https:\\\/\\\/www.wellste.com\\\/#website\"},\"datePublished\":\"2018-12-17T17:21:13+00:00\",\"dateModified\":\"2024-01-02T03:51:42+00:00\",\"description\":\"Find Wellste contact information here to reach our dedicated team, Whether you have questions, inquiries, or need assistance, we're here to serve you.\",\"breadcrumb\":{\"@id\":\"https:\\\/\\\/www.wellste.com\\\/contact\\\/#breadcrumb\"},\"inLanguage\":\"fr-FR\",\"potentialAction\":[{\"@type\":\"ReadAction\",\"target\":[\"https:\\\/\\\/www.wellste.com\\\/contact\\\/\"]}]},{\"@type\":\"BreadcrumbList\",\"@id\":\"https:\\\/\\\/www.wellste.com\\\/contact\\\/#breadcrumb\",\"itemListElement\":[{\"@type\":\"ListItem\",\"position\":1,\"name\":\"Home\",\"item\":\"https:\\\/\\\/www.wellste.com\\\/\"},{\"@type\":\"ListItem\",\"position\":2,\"name\":\"Contact\"}]},{\"@type\":\"WebSite\",\"@id\":\"https:\\\/\\\/www.wellste.com\\\/#website\",\"url\":\"https:\\\/\\\/www.wellste.com\\\/\",\"name\":\"WELLSTE\",\"description\":\"\",\"publisher\":{\"@id\":\"https:\\\/\\\/www.wellste.com\\\/#organization\"},\"potentialAction\":[{\"@type\":\"SearchAction\",\"target\":{\"@type\":\"EntryPoint\",\"urlTemplate\":\"https:\\\/\\\/www.wellste.com\\\/?s={search_term_string}\"},\"query-input\":{\"@type\":\"PropertyValueSpecification\",\"valueRequired\":true,\"valueName\":\"search_term_string\"}}],\"inLanguage\":\"fr-FR\"},{\"@type\":\"Organization\",\"@id\":\"https:\\\/\\\/www.wellste.com\\\/#organization\",\"name\":\"WELLSTE\",\"url\":\"https:\\\/\\\/www.wellste.com\\\/\",\"logo\":{\"@type\":\"ImageObject\",\"inLanguage\":\"fr-FR\",\"@id\":\"https:\\\/\\\/www.wellste.com\\\/#\\\/schema\\\/logo\\\/image\\\/\",\"url\":\"https:\\\/\\\/www.wellste.com\\\/wp-content\\\/uploads\\\/2019\\\/04\\\/wellste-new-logo.png\",\"contentUrl\":\"https:\\\/\\\/www.wellste.com\\\/wp-content\\\/uploads\\\/2019\\\/04\\\/wellste-new-logo.png\",\"width\":207,\"height\":67,\"caption\":\"WELLSTE\"},\"image\":{\"@id\":\"https:\\\/\\\/www.wellste.com\\\/#\\\/schema\\\/logo\\\/image\\\/\"}}]}<\/script>\n<!-- \/ Yoast SEO plugin. -->","yoast_head_json":{"title":"Contactez Wellste \u2013 votre partenaire de confiance en solutions d\u2019aluminium.","description":"Trouvez les coordonn\u00e9es de Wellste ici pour contacter notre \u00e9quipe d\u00e9di\u00e9e. Que vous ayez des questions, des demandes de renseignements ou que vous ayez besoin d&#039;aide, nous sommes l\u00e0 pour vous servir.","robots":{"index":"index","follow":"follow","max-snippet":"max-snippet:-1","max-image-preview":"max-image-preview:large","max-video-preview":"max-video-preview:-1"},"canonical":"https:\/\/www.wellste.com\/fr\/contact\/","og_locale":"fr_FR","og_type":"article","og_title":"Connect with Wellste \u2013 Your Trusted Partner in Aluminum Solutions.","og_description":"Find Wellste contact information here to reach our dedicated team, Whether you have questions, inquiries, or need assistance, we're here to serve you.","og_url":"https:\/\/www.wellste.com\/fr\/contact\/","og_site_name":"WELLSTE","article_modified_time":"2024-01-02T03:51:42+00:00","twitter_card":"summary_large_image","schema":{"@context":"https:\/\/schema.org","@graph":[{"@type":"WebPage","@id":"https:\/\/www.wellste.com\/contact\/","url":"https:\/\/www.wellste.com\/contact\/","name":"Contactez Wellste \u2013 votre partenaire de confiance en solutions d\u2019aluminium.","isPartOf":{"@id":"https:\/\/www.wellste.com\/#website"},"datePublished":"2018-12-17T17:21:13+00:00","dateModified":"2024-01-02T03:51:42+00:00","description":"Trouvez les coordonn\u00e9es de Wellste ici pour contacter notre \u00e9quipe d\u00e9di\u00e9e. Que vous ayez des questions, des demandes de renseignements ou que vous ayez besoin d&#039;aide, nous sommes l\u00e0 pour vous servir.","breadcrumb":{"@id":"https:\/\/www.wellste.com\/contact\/#breadcrumb"},"inLanguage":"fr-FR","potentialAction":[{"@type":"ReadAction","target":["https:\/\/www.wellste.com\/contact\/"]}]},{"@type":"BreadcrumbList","@id":"https:\/\/www.wellste.com\/contact\/#breadcrumb","itemListElement":[{"@type":"ListItem","position":1,"name":"Home","item":"https:\/\/www.wellste.com\/"},{"@type":"ListItem","position":2,"name":"Contact"}]},{"@type":"WebSite","@id":"https:\/\/www.wellste.com\/#website","url":"https:\/\/www.wellste.com\/","name":"BIEN-\u00caTRE","description":"","publisher":{"@id":"https:\/\/www.wellste.com\/#organization"},"potentialAction":[{"@type":"SearchAction","target":{"@type":"EntryPoint","urlTemplate":"https:\/\/www.wellste.com\/?s={search_term_string}"},"query-input":{"@type":"PropertyValueSpecification","valueRequired":true,"valueName":"search_term_string"}}],"inLanguage":"fr-FR"},{"@type":"Organization","@id":"https:\/\/www.wellste.com\/#organization","name":"BIEN-\u00caTRE","url":"https:\/\/www.wellste.com\/","logo":{"@type":"ImageObject","inLanguage":"fr-FR","@id":"https:\/\/www.wellste.com\/#\/schema\/logo\/image\/","url":"https:\/\/www.wellste.com\/wp-content\/uploads\/2019\/04\/wellste-new-logo.png","contentUrl":"https:\/\/www.wellste.com\/wp-content\/uploads\/2019\/04\/wellste-new-logo.png","width":207,"height":67,"caption":"WELLSTE"},"image":{"@id":"https:\/\/www.wellste.com\/#\/schema\/logo\/image\/"}}]}},"_links":{"self":[{"href":"https:\/\/www.wellste.com\/fr\/wp-json\/wp\/v2\/pages\/22","targetHints":{"allow":["GET"]}}],"collection":[{"href":"https:\/\/www.wellste.com\/fr\/wp-json\/wp\/v2\/pages"}],"about":[{"href":"https:\/\/www.wellste.com\/fr\/wp-json\/wp\/v2\/types\/page"}],"author":[{"embeddable":true,"href":"https:\/\/www.wellste.com\/fr\/wp-json\/wp\/v2\/users\/1"}],"replies":[{"embeddable":true,"href":"https:\/\/www.wellste.com\/fr\/wp-json\/wp\/v2\/comments?post=22"}],"version-history":[{"count":0,"href":"https:\/\/www.wellste.com\/fr\/wp-json\/wp\/v2\/pages\/22\/revisions"}],"wp:attachment":[{"href":"https:\/\/www.wellste.com\/fr\/wp-json\/wp\/v2\/media?parent=22"}],"curies":[{"name":"wp","href":"https:\/\/api.w.org\/{rel}","templated":true}]}}