{"id":20,"date":"2018-12-17T17:21:03","date_gmt":"2018-12-17T17:21:03","guid":{"rendered":"http:\/\/wellste.digitalpixels.co\/?page_id=20"},"modified":"2021-01-04T03:31:35","modified_gmt":"2021-01-04T03:31:35","slug":"about","status":"publish","type":"page","link":"https:\/\/www.wellste.com\/fr\/about\/","title":{"rendered":"\u00c0 propos"},"content":{"rendered":"<div class=\"aboutBanner innerPageBanner\">\n<div class=\"container\">\n<div class=\"row cust-row\">\n<div class=\"col-sm-8 col-md-6 col-lg-5\">\n<div class=\"displayTable\">\n<div class=\"bannerBox\">\n<h1 class=\"bannerHeading margin0\">\u00c0 propos de Wellste<\/h1>\n<div class=\"bannerSubHeading paddTop20 paddBottom20\">Votre fabricant et fournisseur professionnel d&#039;extrusion d&#039;aluminium qui int\u00e8gre la recherche, la conception et la production en Chine.<\/div>\n<div><a href=\"#contactPopUpForm\" class=\"fancybox-inline commonBtn orangeBtn bannerBtn\">Contactez notre \u00e9quipe d&#039;assistance maintenant<\/a><\/div>\n<\/div>\n<\/div>\n<\/div>\n<\/div>\n<\/div>\n<\/div>\n<div class=\"aboutSection1 paddTop60 paddBottom60\">\n<div class=\"container\">\n<div class=\"row cust-row\">\n<div class=\"col-sm-12\">\n<h2>\u00c0 propos de Wellste<\/h2>\n<p>Wellste est un ind\u00e9pendant certifi\u00e9 ISO9001-2001 <a href=\"https:\/\/www.wellste.com\/fr\/aluminum-extrusions\/\" target=\"_blank\" rel=\"noopener\">Profil\u00e9 d&#039;extrusion d&#039;aluminium<\/a> fabricant qui int\u00e8gre la recherche, la conception, la production et la commercialisation de produits extrud\u00e9s et <a href=\"https:\/\/www.wellste.com\/fr\/aluminium-profiles\/\" target=\"_blank\" rel=\"noopener\">Profil\u00e9 en aluminium<\/a>.<\/p>\n<p>Wellste produit principalement <a href=\"https:\/\/www.wellste.com\/fr\/\" target=\"_blank\" rel=\"noopener\">profil\u00e9s en aluminium personnalis\u00e9s<\/a>, profil\u00e9s extrud\u00e9s structurels standards en aluminium, <a href=\"https:\/\/www.wellste.com\/fr\/extruded-aluminum-tube\/\" target=\"_blank\" rel=\"noopener\">tube en aluminium<\/a>, <a href=\"https:\/\/www.wellste.com\/fr\/aluminium-profiles-for-windows-doors\/\" target=\"_blank\" rel=\"noopener\">profil\u00e9s de portes et fen\u00eatres en aluminium<\/a>, profils de murs-rideaux,<a href=\"https:\/\/www.wellste.com\/fr\/extruded-heat-sink\/\" target=\"_blank\" rel=\"noopener\"> Profil\u00e9s de dissipateur de chaleur en aluminium<\/a>,et syst\u00e8mes structurels de montage solaire PV, <a href=\"https:\/\/www.wellste.com\/fr\/t-slot-aluminum-extrusion\/\" target=\"_blank\" rel=\"noopener\">cadre en aluminium \u00e0 rainures en T<\/a> etc.<\/p>\n<p>Nous r\u00e9alisons l&#039;ensemble du processus de production, de l&#039;extrusion \u00e0 la livraison, sous un m\u00eame toit. Nous proposons des solutions compl\u00e8tes en mati\u00e8re de conception et d&#039;ing\u00e9nierie, d&#039;extrusion, de finitions de surface et de livraison dans les d\u00e9lais.<\/p>\n<p>Avec une capacit\u00e9 de production annuelle de 100 000 tonnes et certifi\u00e9 ISO9001, ISO14001, les clients peuvent \u00eatre assur\u00e9s de fiabilit\u00e9 et de qualit\u00e9.<\/p>\n<p>Plus de 20 ans d&#039;exp\u00e9rience dans l&#039;industrie de l&#039;extrusion d&#039;aluminium nous permettent d&#039;analyser avec pr\u00e9cision les dessins des produits et de traiter calmement toutes sortes de probl\u00e8mes qui surviennent pendant la production. Ainsi, nous pouvons garantir la qualit\u00e9 du produit et assurer un niveau \u00e9lev\u00e9 de satisfaction client.<\/p>\n<p>Nous vous remercions de nous avoir choisi comme partenaire fabricant. Nous nous r\u00e9jouissons de collaborer avec vous dans le domaine des profil\u00e9s en aluminium.<\/p>\n<div><a href=\"#contactPopUpForm\" class=\"fancybox-inline commonBtn orangeBtn smallBtn\">Contactez l&#039;\u00e9quipe Wellste maintenant<\/a><\/div>\n<\/div>\n<\/div>\n<\/div>\n<\/div>\n<div class=\"contactBar orangeSection paddTop30 paddBottom25\">\n<div class=\"container\">\n<div class=\"row cust-row\">\n<div class=\"col-sm-12 col-md-8 col-lg-9\">\n<h3 class=\"contactBarLine1 margin0 paddBottom5 clrWhite fw400\">Soutenons votre entreprise et r\u00e9duisons vos co\u00fbts<\/h3>\n<div class=\"contactBarLine2 clrWhite\">Wellste peut personnaliser vos extrusions d&#039;aluminium, peut \u00e9galement concevoir vos propres produits, m\u00eame s&#039;il s&#039;agit UNIQUEMENT d&#039;une id\u00e9e.<\/div>\n<\/div>\n<div class=\"col-sm-12 col-md-4 col-lg-3 contactBarBtn\">\n<div class=\"paddTop15\"><a href=\"#contactPopUpForm\" class=\"fancybox-inline commonBtn transparentBtn\">Contactez-nous<\/a><\/div>\n<\/div>\n<\/div>\n<\/div>\n<\/div>\n<div class=\"cVideoSection paddTop60\">\n<div class=\"container\">\n<div class=\"row cust-row\">\n<div class=\"col-sm-12\">\n<div class=\"ast-oembed-container\" style=\"height: 100%;\"><iframe title=\"Aluminium Wellste\" width=\"500\" height=\"281\" src=\"https:\/\/www.youtube.com\/embed\/q_wbZ4YptlY?feature=oembed\" frameborder=\"0\" allow=\"accelerometer; autoplay; clipboard-write; encrypted-media; gyroscope; picture-in-picture; web-share\" referrerpolicy=\"strict-origin-when-cross-origin\" allowfullscreen><\/iframe><\/div>\n<\/div>\n<div class=\"col-sm-12 paddTop70 text-center\"><a href=\"#contactPopUpForm\" class=\"fancybox-inline commonBtn orangeBtn largeBtn\">Vue de Wellste<\/a><\/div>\n<\/div>\n<\/div>\n<\/div>\n<section id=\"ability\" class=\"paddTop60 paddBottom55\">\n<div class=\"container\">\n<div class=\"row cust-row text-center\">\n<div class=\"col-sm-6 col-md-3 paddTop30\">\n<div class=\"abilityBox hoverImg\">\n<div><img decoding=\"async\" class=\"img-responsive\" src=\"\/wp-content\/uploads\/2018\/12\/Extruded-Shop.jpg\" alt=\"Boutique extrud\u00e9e\" \/><\/div>\n<div class=\"cTitle clrWhite fw700 displayFlex\">Boutique extrud\u00e9e<\/div>\n<\/div>\n<\/div>\n<div class=\"col-sm-6 col-md-3 paddTop30\">\n<div class=\"abilityBox hoverImg\">\n<div><img decoding=\"async\" class=\"img-responsive\" src=\"\/wp-content\/uploads\/2018\/12\/Production-Inspection.jpg\" alt=\"Contr\u00f4le de production\" \/><\/div>\n<div class=\"cTitle clrWhite fw700 displayFlex\">Contr\u00f4le de production<\/div>\n<\/div>\n<\/div>\n<div class=\"col-sm-6 col-md-3 paddTop30\">\n<div class=\"abilityBox hoverImg\">\n<div><img decoding=\"async\" class=\"img-responsive\" src=\"\/wp-content\/uploads\/2018\/12\/Support-Service.jpg\" alt=\"Service d&#039;assistance\" \/><\/div>\n<div class=\"cTitle clrWhite fw700 displayFlex\">\u00c9quipe de soutien<\/div>\n<\/div>\n<\/div>\n<div class=\"col-sm-6 col-md-3 paddTop30\">\n<div class=\"abilityBox hoverImg\">\n<div><img decoding=\"async\" class=\"img-responsive\" src=\"\/wp-content\/uploads\/2018\/12\/inhouse-laboratory.jpg\" alt=\"Laboratoire interne\" \/><\/div>\n<div class=\"cTitle clrWhite fw700 displayFlex\">Laboratoire interne<\/div>\n<\/div>\n<\/div>\n<\/div>\n<\/div>\n<\/section>\n<div class=\"wideContactForm greySectionF2 paddTop75 paddBottom80\">\n<div class=\"container\">\n<div class=\"row cust-row\">\n<div class=\"col-sm-12 text-center paddBottom15\">\n<h2>Devenez partenaire de Wellste pour booster votre entreprise<\/h2>\n<\/div>\n<div id=\"custom_html-5\" class=\"widget_text widget-container widget_custom_html\"><div class=\"textwidget custom-html-widget\"><form class=\"form contactForm\" name=\"form1\" enctype=\"multipart\/form-data\" method=\"post\" action=\"https:\/\/hanru.wufoo.com\/forms\/z1m6zlo80trortm\/#public\">\r\n<div class=\"col-sm-6\">\r\n<input type=\"text\" name=\"Field1\" value=\"\" placeholder=\"Nom*\" required \/>\r\n<\/div>\r\n<div class=\"col-sm-6\">\r\n<input type=\"email\" name=\"Field2\" value=\"\" placeholder=\"E-mail*\" required \/>\r\n<\/div>\r\n<div class=\"col-sm-6\">\r\n<input type=\"text\" name=\"Field11\" value=\"\" placeholder=\"T\u00e9l\u00e9phone*\" required \/>\r\n<\/div>\r\n<div class=\"col-sm-6\">\r\n<input type=\"text\" name=\"Field12\" value=\"\" placeholder=\"Pays*\" required \/>\r\n<\/div>\r\n<div class=\"col-sm-12\">\r\n<textarea name=\"Field3\" placeholder=\"Votre exigence*\" required><\/textarea>\r\n<\/div>\r\n<div class=\"col-sm-12\">\r\n<div class=\"wufooLabel\">Pi\u00e8ce jointe<\/div>\r\n<div><input name=\"Field7\" type=\"file\" data-file-max-size=\"5\"\/><\/div>\r\n<\/div>\r\n<div class=\"col-sm-12 text-center paddTop15\">\r\n<div class=\"hidden\"><input name=\"Field4\" type=\"text\" value=\"http:\/\/www.wellste.com\/fr\/wp-json\/wp\/v2\/pages\/20\"\/><\/div>\r\n<div class=\"hidden\"><input name=\"Field9\" type=\"text\" value=\"\"\/><\/div>\r\n<input type=\"submit\" name=\"saveForm\" value=\"Soumettez votre demande\" class=\"commonBtn orangeBtn smallBtn\"\/>\r\n<\/div>\r\n<div class=\"hidden\">\r\n<textarea name=\"comment\" id=\"comment\" rows=\"1\" cols=\"1\"><\/textarea>\r\n<input type=\"hidden\" id=\"idstamp\" name=\"idstamp\" value=\"Z+90TgH3t73yQ9zFrkvuprkJigsN1FnAhce\/4bcQsxg=\" \/>\r\n<input type=\"hidden\" id=\"encryptedPassword\" name=\"encryptedPassword\" value=\"\" \/>\r\n<\/div>\r\n<div class=\"clearfix\"><\/div>\r\n<\/form><\/div><\/div><\/div>\n<\/div>\n<\/div>","protected":false},"excerpt":{"rendered":"<p>About Wellste Your Professional Aluminum Extrusion Manufacturer and Supplier\u00a0that integrates Research, Design, Production in China. Contact Our Support Team Now About Wellste Wellste is an ISO9001-2001 certified independent aluminium extruison Profile manufacturer that integrates Research, Design, Production, and marketing of aluminium extrusion and aluminum Profile. Wellste mainly Produce customized aluminium extrusions, standard structural extruded aluminum [&hellip;]<\/p>\n","protected":false},"author":1,"featured_media":0,"parent":0,"menu_order":5,"comment_status":"closed","ping_status":"closed","template":"","meta":{"_acf_changed":false,"site-sidebar-layout":"no-sidebar","site-content-layout":"page-builder","ast-site-content-layout":"default","site-content-style":"default","site-sidebar-style":"default","ast-global-header-display":"","ast-banner-title-visibility":"","ast-main-header-display":"","ast-hfb-above-header-display":"","ast-hfb-below-header-display":"","ast-hfb-mobile-header-display":"","site-post-title":"disabled","ast-breadcrumbs-content":"disabled","ast-featured-img":"disabled","footer-sml-layout":"","ast-disable-related-posts":"","theme-transparent-header-meta":"default","adv-header-id-meta":"","stick-header-meta":"default","header-above-stick-meta":"","header-main-stick-meta":"","header-below-stick-meta":"","astra-migrate-meta-layouts":"default","ast-page-background-enabled":"default","ast-page-background-meta":{"desktop":{"background-color":"","background-image":"","background-repeat":"repeat","background-position":"center center","background-size":"auto","background-attachment":"scroll","background-type":"","background-media":"","overlay-type":"","overlay-color":"","overlay-opacity":"","overlay-gradient":""},"tablet":{"background-color":"","background-image":"","background-repeat":"repeat","background-position":"center center","background-size":"auto","background-attachment":"scroll","background-type":"","background-media":"","overlay-type":"","overlay-color":"","overlay-opacity":"","overlay-gradient":""},"mobile":{"background-color":"","background-image":"","background-repeat":"repeat","background-position":"center center","background-size":"auto","background-attachment":"scroll","background-type":"","background-media":"","overlay-type":"","overlay-color":"","overlay-opacity":"","overlay-gradient":""}},"ast-content-background-meta":{"desktop":{"background-color":"var(--ast-global-color-5)","background-image":"","background-repeat":"repeat","background-position":"center center","background-size":"auto","background-attachment":"scroll","background-type":"","background-media":"","overlay-type":"","overlay-color":"","overlay-opacity":"","overlay-gradient":""},"tablet":{"background-color":"var(--ast-global-color-5)","background-image":"","background-repeat":"repeat","background-position":"center center","background-size":"auto","background-attachment":"scroll","background-type":"","background-media":"","overlay-type":"","overlay-color":"","overlay-opacity":"","overlay-gradient":""},"mobile":{"background-color":"var(--ast-global-color-5)","background-image":"","background-repeat":"repeat","background-position":"center center","background-size":"auto","background-attachment":"scroll","background-type":"","background-media":"","overlay-type":"","overlay-color":"","overlay-opacity":"","overlay-gradient":""}},"footnotes":""},"class_list":["post-20","page","type-page","status-publish","hentry"],"acf":[],"yoast_head":"<!-- This site is optimized with the Yoast SEO plugin v27.4 - https:\/\/yoast.com\/product\/yoast-seo-wordpress\/ -->\n<title>Aluminum Extrusion Profiles Supplier | Wellste Aluminum China<\/title>\n<meta name=\"description\" content=\"Wellste Aluminum is your premier aluminum extrusions manufacturer and Supplier from China, Any shape of extruded aluminum profiles are available.\" \/>\n<meta name=\"robots\" content=\"index, follow, max-snippet:-1, max-image-preview:large, max-video-preview:-1\" \/>\n<link rel=\"canonical\" href=\"https:\/\/www.wellste.com\/fr\/about\/\" \/>\n<meta property=\"og:locale\" content=\"fr_FR\" \/>\n<meta property=\"og:type\" content=\"article\" \/>\n<meta property=\"og:title\" content=\"Aluminum Extrusion Profiles Supplier | Wellste Aluminum China\" \/>\n<meta property=\"og:description\" content=\"Wellste Aluminum is your premier aluminum extrusions manufacturer and Supplier from China, Any shape of extruded aluminum profiles are available.\" \/>\n<meta property=\"og:url\" content=\"https:\/\/www.wellste.com\/fr\/about\/\" \/>\n<meta property=\"og:site_name\" content=\"WELLSTE\" \/>\n<meta property=\"article:modified_time\" content=\"2021-01-04T03:31:35+00:00\" \/>\n<meta property=\"og:image\" content=\"https:\/\/www.wellste.com\/wp-content\/uploads\/2018\/12\/Extruded-Shop.jpg\" \/>\n<meta name=\"twitter:card\" content=\"summary_large_image\" \/>\n<meta name=\"twitter:label1\" content=\"Dur\u00e9e de lecture estim\u00e9e\" \/>\n\t<meta name=\"twitter:data1\" content=\"1 minute\" \/>\n<script type=\"application\/ld+json\" class=\"yoast-schema-graph\">{\"@context\":\"https:\\\/\\\/schema.org\",\"@graph\":[{\"@type\":\"WebPage\",\"@id\":\"https:\\\/\\\/www.wellste.com\\\/about\\\/\",\"url\":\"https:\\\/\\\/www.wellste.com\\\/about\\\/\",\"name\":\"Aluminum Extrusion Profiles Supplier | Wellste Aluminum China\",\"isPartOf\":{\"@id\":\"https:\\\/\\\/www.wellste.com\\\/#website\"},\"datePublished\":\"2018-12-17T17:21:03+00:00\",\"dateModified\":\"2021-01-04T03:31:35+00:00\",\"description\":\"Wellste Aluminum is your premier aluminum extrusions manufacturer and Supplier from China, Any shape of extruded aluminum profiles are available.\",\"breadcrumb\":{\"@id\":\"https:\\\/\\\/www.wellste.com\\\/about\\\/#breadcrumb\"},\"inLanguage\":\"fr-FR\",\"potentialAction\":[{\"@type\":\"ReadAction\",\"target\":[\"https:\\\/\\\/www.wellste.com\\\/about\\\/\"]}]},{\"@type\":\"BreadcrumbList\",\"@id\":\"https:\\\/\\\/www.wellste.com\\\/about\\\/#breadcrumb\",\"itemListElement\":[{\"@type\":\"ListItem\",\"position\":1,\"name\":\"Home\",\"item\":\"https:\\\/\\\/www.wellste.com\\\/\"},{\"@type\":\"ListItem\",\"position\":2,\"name\":\"About\"}]},{\"@type\":\"WebSite\",\"@id\":\"https:\\\/\\\/www.wellste.com\\\/#website\",\"url\":\"https:\\\/\\\/www.wellste.com\\\/\",\"name\":\"WELLSTE\",\"description\":\"\",\"publisher\":{\"@id\":\"https:\\\/\\\/www.wellste.com\\\/#organization\"},\"potentialAction\":[{\"@type\":\"SearchAction\",\"target\":{\"@type\":\"EntryPoint\",\"urlTemplate\":\"https:\\\/\\\/www.wellste.com\\\/?s={search_term_string}\"},\"query-input\":{\"@type\":\"PropertyValueSpecification\",\"valueRequired\":true,\"valueName\":\"search_term_string\"}}],\"inLanguage\":\"fr-FR\"},{\"@type\":\"Organization\",\"@id\":\"https:\\\/\\\/www.wellste.com\\\/#organization\",\"name\":\"WELLSTE\",\"url\":\"https:\\\/\\\/www.wellste.com\\\/\",\"logo\":{\"@type\":\"ImageObject\",\"inLanguage\":\"fr-FR\",\"@id\":\"https:\\\/\\\/www.wellste.com\\\/#\\\/schema\\\/logo\\\/image\\\/\",\"url\":\"https:\\\/\\\/www.wellste.com\\\/wp-content\\\/uploads\\\/2019\\\/04\\\/wellste-new-logo.png\",\"contentUrl\":\"https:\\\/\\\/www.wellste.com\\\/wp-content\\\/uploads\\\/2019\\\/04\\\/wellste-new-logo.png\",\"width\":207,\"height\":67,\"caption\":\"WELLSTE\"},\"image\":{\"@id\":\"https:\\\/\\\/www.wellste.com\\\/#\\\/schema\\\/logo\\\/image\\\/\"}}]}<\/script>\n<!-- \/ Yoast SEO plugin. -->","yoast_head_json":{"title":"Fournisseur de profils d&#039;extrusion d&#039;aluminium | Wellste Aluminium Chine","description":"Wellste Aluminum est votre premier fabricant et fournisseur d&#039;extrusions d&#039;aluminium de Chine. Toutes les formes de profil\u00e9s en aluminium extrud\u00e9s sont disponibles.","robots":{"index":"index","follow":"follow","max-snippet":"max-snippet:-1","max-image-preview":"max-image-preview:large","max-video-preview":"max-video-preview:-1"},"canonical":"https:\/\/www.wellste.com\/fr\/about\/","og_locale":"fr_FR","og_type":"article","og_title":"Aluminum Extrusion Profiles Supplier | Wellste Aluminum China","og_description":"Wellste Aluminum is your premier aluminum extrusions manufacturer and Supplier from China, Any shape of extruded aluminum profiles are available.","og_url":"https:\/\/www.wellste.com\/fr\/about\/","og_site_name":"WELLSTE","article_modified_time":"2021-01-04T03:31:35+00:00","og_image":[{"url":"https:\/\/www.wellste.com\/wp-content\/uploads\/2018\/12\/Extruded-Shop.jpg","type":"","width":"","height":""}],"twitter_card":"summary_large_image","twitter_misc":{"Dur\u00e9e de lecture estim\u00e9e":"1 minute"},"schema":{"@context":"https:\/\/schema.org","@graph":[{"@type":"WebPage","@id":"https:\/\/www.wellste.com\/about\/","url":"https:\/\/www.wellste.com\/about\/","name":"Fournisseur de profils d&#039;extrusion d&#039;aluminium | Wellste Aluminium Chine","isPartOf":{"@id":"https:\/\/www.wellste.com\/#website"},"datePublished":"2018-12-17T17:21:03+00:00","dateModified":"2021-01-04T03:31:35+00:00","description":"Wellste Aluminum est votre premier fabricant et fournisseur d&#039;extrusions d&#039;aluminium de Chine. Toutes les formes de profil\u00e9s en aluminium extrud\u00e9s sont disponibles.","breadcrumb":{"@id":"https:\/\/www.wellste.com\/about\/#breadcrumb"},"inLanguage":"fr-FR","potentialAction":[{"@type":"ReadAction","target":["https:\/\/www.wellste.com\/about\/"]}]},{"@type":"BreadcrumbList","@id":"https:\/\/www.wellste.com\/about\/#breadcrumb","itemListElement":[{"@type":"ListItem","position":1,"name":"Home","item":"https:\/\/www.wellste.com\/"},{"@type":"ListItem","position":2,"name":"About"}]},{"@type":"WebSite","@id":"https:\/\/www.wellste.com\/#website","url":"https:\/\/www.wellste.com\/","name":"BIEN-\u00caTRE","description":"","publisher":{"@id":"https:\/\/www.wellste.com\/#organization"},"potentialAction":[{"@type":"SearchAction","target":{"@type":"EntryPoint","urlTemplate":"https:\/\/www.wellste.com\/?s={search_term_string}"},"query-input":{"@type":"PropertyValueSpecification","valueRequired":true,"valueName":"search_term_string"}}],"inLanguage":"fr-FR"},{"@type":"Organization","@id":"https:\/\/www.wellste.com\/#organization","name":"BIEN-\u00caTRE","url":"https:\/\/www.wellste.com\/","logo":{"@type":"ImageObject","inLanguage":"fr-FR","@id":"https:\/\/www.wellste.com\/#\/schema\/logo\/image\/","url":"https:\/\/www.wellste.com\/wp-content\/uploads\/2019\/04\/wellste-new-logo.png","contentUrl":"https:\/\/www.wellste.com\/wp-content\/uploads\/2019\/04\/wellste-new-logo.png","width":207,"height":67,"caption":"WELLSTE"},"image":{"@id":"https:\/\/www.wellste.com\/#\/schema\/logo\/image\/"}}]}},"_links":{"self":[{"href":"https:\/\/www.wellste.com\/fr\/wp-json\/wp\/v2\/pages\/20","targetHints":{"allow":["GET"]}}],"collection":[{"href":"https:\/\/www.wellste.com\/fr\/wp-json\/wp\/v2\/pages"}],"about":[{"href":"https:\/\/www.wellste.com\/fr\/wp-json\/wp\/v2\/types\/page"}],"author":[{"embeddable":true,"href":"https:\/\/www.wellste.com\/fr\/wp-json\/wp\/v2\/users\/1"}],"replies":[{"embeddable":true,"href":"https:\/\/www.wellste.com\/fr\/wp-json\/wp\/v2\/comments?post=20"}],"version-history":[{"count":0,"href":"https:\/\/www.wellste.com\/fr\/wp-json\/wp\/v2\/pages\/20\/revisions"}],"wp:attachment":[{"href":"https:\/\/www.wellste.com\/fr\/wp-json\/wp\/v2\/media?parent=20"}],"curies":[{"name":"wp","href":"https:\/\/api.w.org\/{rel}","templated":true}]}}