{"id":13666,"date":"2023-11-17T17:16:04","date_gmt":"2023-11-17T17:16:04","guid":{"rendered":"https:\/\/www.wellste.com\/?page_id=13666"},"modified":"2026-01-23T08:16:15","modified_gmt":"2026-01-23T08:16:15","slug":"blog","status":"publish","type":"page","link":"https:\/\/www.wellste.com\/fr\/blog\/","title":{"rendered":"Blog"},"content":{"rendered":"<div data-elementor-type=\"wp-page\" data-elementor-id=\"13666\" class=\"elementor elementor-13666\" data-elementor-post-type=\"page\">\n\t\t\t\t<div class=\"elementor-element elementor-element-e5f5b6e e-flex e-con-boxed e-con e-parent\" data-id=\"e5f5b6e\" data-element_type=\"container\" data-e-type=\"container\" data-settings=\"{&quot;background_background&quot;:&quot;classic&quot;}\">\n\t\t\t\t\t<div class=\"e-con-inner\">\n\t\t\t\t<div class=\"elementor-element elementor-element-201ff2d elementor-widget elementor-widget-heading\" data-id=\"201ff2d\" data-element_type=\"widget\" data-e-type=\"widget\" data-widget_type=\"heading.default\">\n\t\t\t\t<div class=\"elementor-widget-container\">\n\t\t\t\t\t<h1 class=\"elementor-heading-title elementor-size-default\">Blog<\/h1>\t\t\t\t<\/div>\n\t\t\t\t<\/div>\n\t\t\t\t<div class=\"elementor-element elementor-element-ef0b96f elementor-widget elementor-widget-text-editor\" data-id=\"ef0b96f\" data-element_type=\"widget\" data-e-type=\"widget\" data-widget_type=\"text-editor.default\">\n\t\t\t\t<div class=\"elementor-widget-container\">\n\t\t\t\t\t\t\t\t\t<p>Partagez la norme de qualit\u00e9 industrielle d&#039;extrusion d&#039;aluminium, des conseils, des ressources, etc.<\/p>\t\t\t\t\t\t\t\t<\/div>\n\t\t\t\t<\/div>\n\t\t\t\t\t<\/div>\n\t\t\t\t<\/div>\n\t\t<div class=\"elementor-element elementor-element-401adb9 e-flex e-con-boxed e-con e-parent\" data-id=\"401adb9\" data-element_type=\"container\" data-e-type=\"container\">\n\t\t\t\t\t<div class=\"e-con-inner\">\n\t\t\t\t<div class=\"elementor-element elementor-element-0baa006 elementor-grid-3 elementor-grid-tablet-2 elementor-grid-mobile-1 elementor-posts--thumbnail-top elementor-card-shadow-yes elementor-posts__hover-gradient elementor-widget elementor-widget-posts\" data-id=\"0baa006\" data-element_type=\"widget\" data-e-type=\"widget\" data-settings=\"{&quot;pagination_type&quot;:&quot;numbers_and_prev_next&quot;,&quot;cards_columns&quot;:&quot;3&quot;,&quot;cards_columns_tablet&quot;:&quot;2&quot;,&quot;cards_columns_mobile&quot;:&quot;1&quot;,&quot;cards_row_gap&quot;:{&quot;unit&quot;:&quot;px&quot;,&quot;size&quot;:35,&quot;sizes&quot;:[]},&quot;cards_row_gap_tablet&quot;:{&quot;unit&quot;:&quot;px&quot;,&quot;size&quot;:&quot;&quot;,&quot;sizes&quot;:[]},&quot;cards_row_gap_mobile&quot;:{&quot;unit&quot;:&quot;px&quot;,&quot;size&quot;:&quot;&quot;,&quot;sizes&quot;:[]}}\" data-widget_type=\"posts.cards\">\n\t\t\t\t<div class=\"elementor-widget-container\">\n\t\t\t\t\t\t\t<div class=\"elementor-posts-container elementor-posts elementor-posts--skin-cards elementor-grid\" role=\"list\">\n\t\t\t\t<article class=\"elementor-post elementor-grid-item post-23163 post type-post status-publish format-standard has-post-thumbnail hentry category-blog\" role=\"listitem\">\n\t\t\t<div class=\"elementor-post__card\">\n\t\t\t\t<a class=\"elementor-post__thumbnail__link\" href=\"https:\/\/www.wellste.com\/fr\/laser-welding-vs-tig-welding\/\" tabindex=\"-1\" ><div class=\"elementor-post__thumbnail\"><img fetchpriority=\"high\" decoding=\"async\" width=\"900\" height=\"674\" src=\"https:\/\/www.wellste.com\/wp-content\/uploads\/2026\/01\/TIG-vs-Laser-Welding-2.jpg\" class=\"attachment-medium size-medium wp-image-23201\" alt=\"TIG vs Laser Welding\" srcset=\"https:\/\/www.wellste.com\/wp-content\/uploads\/2026\/01\/TIG-vs-Laser-Welding-2.jpg 900w, https:\/\/www.wellste.com\/wp-content\/uploads\/2026\/01\/TIG-vs-Laser-Welding-2-768x575.jpg 768w, https:\/\/www.wellste.com\/wp-content\/uploads\/2026\/01\/TIG-vs-Laser-Welding-2-16x12.jpg 16w\" sizes=\"(max-width: 900px) 100vw, 900px\" \/><\/div><\/a>\n\t\t\t\t<div class=\"elementor-post__badge\">Blog<\/div>\n\t\t\t\t<div class=\"elementor-post__text\">\n\t\t\t\t<h3 class=\"elementor-post__title\">\n\t\t\t<a href=\"https:\/\/www.wellste.com\/fr\/laser-welding-vs-tig-welding\/\" >\n\t\t\t\tLaser Welding Vs TIG Welding: Which Is Better for Aluminum?\t\t\t<\/a>\n\t\t<\/h3>\n\t\t\t\t<div class=\"elementor-post__excerpt\">\n\t\t\t<p>Laser Welding vs TIG Welding: Which Is Better for Aluminum Fabrication? Aluminum is an ideal material to work with for its high strength, low weight, and natural corrosion protection. But<\/p>\n\t\t<\/div>\n\t\t\n\t\t<a class=\"elementor-post__read-more\" href=\"https:\/\/www.wellste.com\/fr\/laser-welding-vs-tig-welding\/\" aria-label=\"En savoir plus sur Laser Welding Vs TIG Welding: Which Is Better for Aluminum?\" tabindex=\"-1\" >\n\t\t\tEn savoir plus &quot;\t\t<\/a>\n\n\t\t\t\t<\/div>\n\t\t\t\t<div class=\"elementor-post__meta-data\">\n\t\t\t\t\t<span class=\"elementor-post-date\">\n\t\t\tjanvier 21, 2026\t\t<\/span>\n\t\t\t\t<span class=\"elementor-post-avatar\">\n\t\t\tAucun commentaire\t\t<\/span>\n\t\t\t\t<\/div>\n\t\t\t\t\t<\/div>\n\t\t<\/article>\n\t\t\t\t<article class=\"elementor-post elementor-grid-item post-19494 post type-post status-publish format-standard has-post-thumbnail hentry category-blog\" role=\"listitem\">\n\t\t\t<div class=\"elementor-post__card\">\n\t\t\t\t<a class=\"elementor-post__thumbnail__link\" href=\"https:\/\/www.wellste.com\/fr\/ingraphic-aluminium-windows-and-doors-maintenance-tips\/\" tabindex=\"-1\" ><div class=\"elementor-post__thumbnail\"><img decoding=\"async\" width=\"800\" height=\"450\" src=\"https:\/\/www.wellste.com\/wp-content\/uploads\/2025\/05\/image-Aluminium-Windows-and-Doors-Maintenance-Tips.jpg\" class=\"attachment-medium size-medium wp-image-23214\" alt=\"image-Aluminium-Windows-and-Doors-Maintenance-Tips\" srcset=\"https:\/\/www.wellste.com\/wp-content\/uploads\/2025\/05\/image-Aluminium-Windows-and-Doors-Maintenance-Tips.jpg 800w, https:\/\/www.wellste.com\/wp-content\/uploads\/2025\/05\/image-Aluminium-Windows-and-Doors-Maintenance-Tips-768x432.jpg 768w, https:\/\/www.wellste.com\/wp-content\/uploads\/2025\/05\/image-Aluminium-Windows-and-Doors-Maintenance-Tips-18x10.jpg 18w\" sizes=\"(max-width: 800px) 100vw, 800px\" \/><\/div><\/a>\n\t\t\t\t<div class=\"elementor-post__badge\">Blog<\/div>\n\t\t\t\t<div class=\"elementor-post__text\">\n\t\t\t\t<h3 class=\"elementor-post__title\">\n\t\t\t<a href=\"https:\/\/www.wellste.com\/fr\/ingraphic-aluminium-windows-and-doors-maintenance-tips\/\" >\n\t\t\t\tIngraphic\u00a0:\u00a0Conseils d&#039;entretien des fen\u00eatres et des portes en aluminium\t\t\t<\/a>\n\t\t<\/h3>\n\t\t\t\t<div class=\"elementor-post__excerpt\">\n\t\t\t<p>Vous devrez nettoyer vos fen\u00eatres et portes en aluminium deux fois par an en utilisant des m\u00e9thodes douces, comme une brosse souple, pour \u00e9viter de les endommager. Vous pouvez \u00e9galement v\u00e9rifier les charni\u00e8res.<\/p>\n\t\t<\/div>\n\t\t\n\t\t<a class=\"elementor-post__read-more\" href=\"https:\/\/www.wellste.com\/fr\/ingraphic-aluminium-windows-and-doors-maintenance-tips\/\" aria-label=\"En savoir plus sur Ingraphic:Conseils d&#039;entretien des fen\u00eatres et portes en aluminium\" tabindex=\"-1\" >\n\t\t\tEn savoir plus &quot;\t\t<\/a>\n\n\t\t\t\t<\/div>\n\t\t\t\t<div class=\"elementor-post__meta-data\">\n\t\t\t\t\t<span class=\"elementor-post-date\">\n\t\t\t15 mai 2025\t\t<\/span>\n\t\t\t\t<span class=\"elementor-post-avatar\">\n\t\t\tAucun commentaire\t\t<\/span>\n\t\t\t\t<\/div>\n\t\t\t\t\t<\/div>\n\t\t<\/article>\n\t\t\t\t<article class=\"elementor-post elementor-grid-item post-14435 post type-post status-publish format-standard has-post-thumbnail hentry category-blog\" role=\"listitem\">\n\t\t\t<div class=\"elementor-post__card\">\n\t\t\t\t<a class=\"elementor-post__thumbnail__link\" href=\"https:\/\/www.wellste.com\/fr\/aluminum-grades-unveiled\/\" tabindex=\"-1\" ><div class=\"elementor-post__thumbnail\"><img decoding=\"async\" width=\"800\" height=\"450\" src=\"https:\/\/www.wellste.com\/wp-content\/uploads\/2023\/12\/aluminum-grades-explained-2.jpg\" class=\"attachment-medium size-medium wp-image-14384\" alt=\"Les nuances d&#039;aluminium expliqu\u00e9es\" srcset=\"https:\/\/www.wellste.com\/wp-content\/uploads\/2023\/12\/aluminum-grades-explained-2.jpg 800w, https:\/\/www.wellste.com\/wp-content\/uploads\/2023\/12\/aluminum-grades-explained-2-768x432.jpg 768w\" sizes=\"(max-width: 800px) 100vw, 800px\" \/><\/div><\/a>\n\t\t\t\t<div class=\"elementor-post__badge\">Blog<\/div>\n\t\t\t\t<div class=\"elementor-post__text\">\n\t\t\t\t<h3 class=\"elementor-post__title\">\n\t\t\t<a href=\"https:\/\/www.wellste.com\/fr\/aluminum-grades-unveiled\/\" >\n\t\t\t\tLes diff\u00e9rentes nuances d&#039;aluminium d\u00e9voil\u00e9es : comment choisir la nuance id\u00e9ale pour votre projet\t\t\t<\/a>\n\t\t<\/h3>\n\t\t\t\t<div class=\"elementor-post__excerpt\">\n\t\t\t<p>L&#039;aluminium est largement utilis\u00e9 dans des applications allant de l&#039;\u00e9lectronique comme les ch\u00e2ssis de MacBook et de smartphone aux poign\u00e9es de porte et aux rampes m\u00e9talliques. Si vous avez d\u00e9j\u00e0 manipul\u00e9 ces objets, vous remarquerez une sensation diff\u00e9rente,<\/p>\n\t\t<\/div>\n\t\t\n\t\t<a class=\"elementor-post__read-more\" href=\"https:\/\/www.wellste.com\/fr\/aluminum-grades-unveiled\/\" aria-label=\"En savoir plus sur les nuances d&#039;aluminium d\u00e9voil\u00e9es\u00a0: choisir la nuance id\u00e9ale pour votre projet\" tabindex=\"-1\" >\n\t\t\tEn savoir plus &quot;\t\t<\/a>\n\n\t\t\t\t<\/div>\n\t\t\t\t<div class=\"elementor-post__meta-data\">\n\t\t\t\t\t<span class=\"elementor-post-date\">\n\t\t\t8 janvier 2024\t\t<\/span>\n\t\t\t\t<span class=\"elementor-post-avatar\">\n\t\t\tAucun commentaire\t\t<\/span>\n\t\t\t\t<\/div>\n\t\t\t\t\t<\/div>\n\t\t<\/article>\n\t\t\t\t<article class=\"elementor-post elementor-grid-item post-14164 post type-post status-publish format-standard has-post-thumbnail hentry category-blog\" role=\"listitem\">\n\t\t\t<div class=\"elementor-post__card\">\n\t\t\t\t<a class=\"elementor-post__thumbnail__link\" href=\"https:\/\/www.wellste.com\/fr\/electrical-conductivity-of-aluminum\/\" tabindex=\"-1\" ><div class=\"elementor-post__thumbnail\"><img loading=\"lazy\" decoding=\"async\" width=\"800\" height=\"448\" src=\"https:\/\/www.wellste.com\/wp-content\/uploads\/2023\/12\/Aluminum-Electrical-Conductivity.jpg\" class=\"attachment-medium size-medium wp-image-14179\" alt=\"Conductivit\u00e9 \u00e9lectrique de l&#039;aluminium\" srcset=\"https:\/\/www.wellste.com\/wp-content\/uploads\/2023\/12\/Aluminum-Electrical-Conductivity.jpg 800w, https:\/\/www.wellste.com\/wp-content\/uploads\/2023\/12\/Aluminum-Electrical-Conductivity-768x430.jpg 768w\" sizes=\"(max-width: 800px) 100vw, 800px\" \/><\/div><\/a>\n\t\t\t\t<div class=\"elementor-post__badge\">Blog<\/div>\n\t\t\t\t<div class=\"elementor-post__text\">\n\t\t\t\t<h3 class=\"elementor-post__title\">\n\t\t\t<a href=\"https:\/\/www.wellste.com\/fr\/electrical-conductivity-of-aluminum\/\" >\n\t\t\t\tComprendre la conductivit\u00e9 \u00e9lectrique de l&#039;aluminium\t\t\t<\/a>\n\t\t<\/h3>\n\t\t\t\t<div class=\"elementor-post__excerpt\">\n\t\t\t<p>L&#039;Institut international de l&#039;aluminium (IAI) pr\u00e9voit que la demande mondiale d&#039;aluminium dans l&#039;industrie \u00e9lectronique passera de 8 millions de tonnes \u00e0 12 millions de tonnes dans les ann\u00e9es \u00e0 venir.<\/p>\n\t\t<\/div>\n\t\t\n\t\t<a class=\"elementor-post__read-more\" href=\"https:\/\/www.wellste.com\/fr\/electrical-conductivity-of-aluminum\/\" aria-label=\"En savoir plus sur Comprendre la conductivit\u00e9 \u00e9lectrique de l&#039;aluminium\" tabindex=\"-1\" >\n\t\t\tEn savoir plus &quot;\t\t<\/a>\n\n\t\t\t\t<\/div>\n\t\t\t\t<div class=\"elementor-post__meta-data\">\n\t\t\t\t\t<span class=\"elementor-post-date\">\n\t\t\t14 d\u00e9cembre 2023\t\t<\/span>\n\t\t\t\t<span class=\"elementor-post-avatar\">\n\t\t\tAucun commentaire\t\t<\/span>\n\t\t\t\t<\/div>\n\t\t\t\t\t<\/div>\n\t\t<\/article>\n\t\t\t\t<article class=\"elementor-post elementor-grid-item post-14049 post type-post status-publish format-standard has-post-thumbnail hentry category-blog\" role=\"listitem\">\n\t\t\t<div class=\"elementor-post__card\">\n\t\t\t\t<a class=\"elementor-post__thumbnail__link\" href=\"https:\/\/www.wellste.com\/fr\/6061-aluminum-alloy\/\" tabindex=\"-1\" ><div class=\"elementor-post__thumbnail\"><img loading=\"lazy\" decoding=\"async\" width=\"600\" height=\"338\" src=\"https:\/\/www.wellste.com\/wp-content\/uploads\/2023\/12\/6061-aluminum-alloy.jpg\" class=\"attachment-medium size-medium wp-image-14385\" alt=\"Alliage d&#039;aluminium 6061\" \/><\/div><\/a>\n\t\t\t\t<div class=\"elementor-post__badge\">Blog<\/div>\n\t\t\t\t<div class=\"elementor-post__text\">\n\t\t\t\t<h3 class=\"elementor-post__title\">\n\t\t\t<a href=\"https:\/\/www.wellste.com\/fr\/6061-aluminum-alloy\/\" >\n\t\t\t\tAlliage d&#039;aluminium 6061 \u2013 D\u00e9codage des propri\u00e9t\u00e9s et des utilisations, etc.\t\t\t<\/a>\n\t\t<\/h3>\n\t\t\t\t<div class=\"elementor-post__excerpt\">\n\t\t\t<p>Alliage d&#039;aluminium 6061 \u2013 Propri\u00e9t\u00e9s et utilisations La s\u00e9lection de l&#039;alliage (l&#039;alliage est un m\u00e9tal) pour l&#039;utilisation finale sp\u00e9cifique d\u00e9termine le succ\u00e8s ou l&#039;\u00e9chec du projet.<\/p>\n\t\t<\/div>\n\t\t\n\t\t<a class=\"elementor-post__read-more\" href=\"https:\/\/www.wellste.com\/fr\/6061-aluminum-alloy\/\" aria-label=\"En savoir plus sur Alliage d&#039;aluminium 6061 \u2013 Propri\u00e9t\u00e9s et utilisations de d\u00e9codage, etc.\" tabindex=\"-1\" >\n\t\t\tEn savoir plus &quot;\t\t<\/a>\n\n\t\t\t\t<\/div>\n\t\t\t\t<div class=\"elementor-post__meta-data\">\n\t\t\t\t\t<span class=\"elementor-post-date\">\n\t\t\t27 novembre 2023\t\t<\/span>\n\t\t\t\t<span class=\"elementor-post-avatar\">\n\t\t\tAucun commentaire\t\t<\/span>\n\t\t\t\t<\/div>\n\t\t\t\t\t<\/div>\n\t\t<\/article>\n\t\t\t\t<article class=\"elementor-post elementor-grid-item post-14034 post type-post status-publish format-standard has-post-thumbnail hentry category-blog\" role=\"listitem\">\n\t\t\t<div class=\"elementor-post__card\">\n\t\t\t\t<a class=\"elementor-post__thumbnail__link\" href=\"https:\/\/www.wellste.com\/fr\/mill-finish-aluminum\/\" tabindex=\"-1\" ><div class=\"elementor-post__thumbnail\"><img loading=\"lazy\" decoding=\"async\" width=\"800\" height=\"563\" src=\"https:\/\/www.wellste.com\/wp-content\/uploads\/2023\/11\/mill-finish-aluminum-tube-1.jpg\" class=\"attachment-medium size-medium wp-image-14037\" alt=\"tube en aluminium avec finition usin\u00e9e\" srcset=\"https:\/\/www.wellste.com\/wp-content\/uploads\/2023\/11\/mill-finish-aluminum-tube-1.jpg 800w, https:\/\/www.wellste.com\/wp-content\/uploads\/2023\/11\/mill-finish-aluminum-tube-1-768x540.jpg 768w\" sizes=\"(max-width: 800px) 100vw, 800px\" \/><\/div><\/a>\n\t\t\t\t<div class=\"elementor-post__badge\">Blog<\/div>\n\t\t\t\t<div class=\"elementor-post__text\">\n\t\t\t\t<h3 class=\"elementor-post__title\">\n\t\t\t<a href=\"https:\/\/www.wellste.com\/fr\/mill-finish-aluminum\/\" >\n\t\t\t\tExploration des caract\u00e9ristiques de l&#039;aluminium lamin\u00e9\t\t\t<\/a>\n\t\t<\/h3>\n\t\t\t\t<div class=\"elementor-post__excerpt\">\n\t\t\t<p>En tant qu&#039;ing\u00e9nieurs et experts de l&#039;industrie, choisir la bonne finition en aluminium semble facile. La plupart du temps, les exigences et les sp\u00e9cifications dictent le choix. Mais que se passe-t-il si vous n&#039;\u00eates pas un<\/p>\n\t\t<\/div>\n\t\t\n\t\t<a class=\"elementor-post__read-more\" href=\"https:\/\/www.wellste.com\/fr\/mill-finish-aluminum\/\" aria-label=\"En savoir plus sur Exploration des caract\u00e9ristiques de l&#039;aluminium Mill Finish\" tabindex=\"-1\" >\n\t\t\tEn savoir plus &quot;\t\t<\/a>\n\n\t\t\t\t<\/div>\n\t\t\t\t<div class=\"elementor-post__meta-data\">\n\t\t\t\t\t<span class=\"elementor-post-date\">\n\t\t\t27 novembre 2023\t\t<\/span>\n\t\t\t\t<span class=\"elementor-post-avatar\">\n\t\t\tAucun commentaire\t\t<\/span>\n\t\t\t\t<\/div>\n\t\t\t\t\t<\/div>\n\t\t<\/article>\n\t\t\t\t<\/div>\n\t\t\n\t\t\t\t<div class=\"e-load-more-anchor\" data-page=\"1\" data-max-page=\"3\" data-next-page=\"https:\/\/www.wellste.com\/fr\/wp-json\/wp\/v2\/pages\/13666\/page\/2\/\"><\/div>\n\t\t\t\t<nav class=\"elementor-pagination\" aria-label=\"Pagination\">\n\t\t\t<span class=\"page-numbers prev\">&quot; Pr\u00e9c\u00e9dent<\/span>\n<span aria-current=\"page\" class=\"page-numbers current\"><span class=\"elementor-screen-only\">Page<\/span>1<\/span>\n<a class=\"page-numbers\" href=\"https:\/\/www.wellste.com\/fr\/wp-json\/wp\/v2\/pages\/13666\/page\/2\/\"><span class=\"elementor-screen-only\">Page<\/span>2<\/a>\n<a class=\"page-numbers\" href=\"https:\/\/www.wellste.com\/fr\/wp-json\/wp\/v2\/pages\/13666\/page\/3\/\"><span class=\"elementor-screen-only\">Page<\/span>3<\/a>\n<a class=\"page-numbers next\" href=\"https:\/\/www.wellste.com\/fr\/wp-json\/wp\/v2\/pages\/13666\/page\/2\/\">Suivant &quot;<\/a>\t\t<\/nav>\n\t\t\t\t\t\t<\/div>\n\t\t\t\t<\/div>\n\t\t\t\t\t<\/div>\n\t\t\t\t<\/div>\n\t\t\t\t<\/div>","protected":false},"excerpt":{"rendered":"<p>Blog Partager la norme de qualit\u00e9 industrielle d&#039;extrusion d&#039;aluminium, des conseils, des ressources, etc.<\/p>","protected":false},"author":1,"featured_media":0,"parent":0,"menu_order":0,"comment_status":"closed","ping_status":"closed","template":"elementor_header_footer","meta":{"_acf_changed":false,"site-sidebar-layout":"no-sidebar","site-content-layout":"page-builder","ast-site-content-layout":"full-width-container","site-content-style":"default","site-sidebar-style":"default","ast-global-header-display":"","ast-banner-title-visibility":"","ast-main-header-display":"","ast-hfb-above-header-display":"","ast-hfb-below-header-display":"","ast-hfb-mobile-header-display":"","site-post-title":"disabled","ast-breadcrumbs-content":"","ast-featured-img":"disabled","footer-sml-layout":"","ast-disable-related-posts":"","theme-transparent-header-meta":"default","adv-header-id-meta":"","stick-header-meta":"default","header-above-stick-meta":"","header-main-stick-meta":"","header-below-stick-meta":"","astra-migrate-meta-layouts":"set","ast-page-background-enabled":"default","ast-page-background-meta":{"desktop":{"background-color":"","background-image":"","background-repeat":"repeat","background-position":"center center","background-size":"auto","background-attachment":"scroll","background-type":"","background-media":"","overlay-type":"","overlay-color":"","overlay-opacity":"","overlay-gradient":""},"tablet":{"background-color":"","background-image":"","background-repeat":"repeat","background-position":"center center","background-size":"auto","background-attachment":"scroll","background-type":"","background-media":"","overlay-type":"","overlay-color":"","overlay-opacity":"","overlay-gradient":""},"mobile":{"background-color":"","background-image":"","background-repeat":"repeat","background-position":"center center","background-size":"auto","background-attachment":"scroll","background-type":"","background-media":"","overlay-type":"","overlay-color":"","overlay-opacity":"","overlay-gradient":""}},"ast-content-background-meta":{"desktop":{"background-color":"var(--ast-global-color-5)","background-image":"","background-repeat":"repeat","background-position":"center center","background-size":"auto","background-attachment":"scroll","background-type":"","background-media":"","overlay-type":"","overlay-color":"","overlay-opacity":"","overlay-gradient":""},"tablet":{"background-color":"var(--ast-global-color-5)","background-image":"","background-repeat":"repeat","background-position":"center center","background-size":"auto","background-attachment":"scroll","background-type":"","background-media":"","overlay-type":"","overlay-color":"","overlay-opacity":"","overlay-gradient":""},"mobile":{"background-color":"var(--ast-global-color-5)","background-image":"","background-repeat":"repeat","background-position":"center center","background-size":"auto","background-attachment":"scroll","background-type":"","background-media":"","overlay-type":"","overlay-color":"","overlay-opacity":"","overlay-gradient":""}},"footnotes":""},"class_list":["post-13666","page","type-page","status-publish","hentry"],"acf":[],"yoast_head":"<!-- This site is optimized with the Yoast SEO plugin v27.5 - https:\/\/yoast.com\/product\/yoast-seo-wordpress\/ -->\n<title>Wellste Blog \u2013 In-Depth Industry Insights and Knowledge.<\/title>\n<meta name=\"description\" content=\"Welcome to Wellste Blog Page! Dive into a world of knowledge, insights, and expertise. Explore our comprehensive blog articles on aluminum\" \/>\n<meta name=\"robots\" content=\"index, follow, max-snippet:-1, max-image-preview:large, max-video-preview:-1\" \/>\n<link rel=\"canonical\" href=\"https:\/\/www.wellste.com\/fr\/blog\/\" \/>\n<meta property=\"og:locale\" content=\"fr_FR\" \/>\n<meta property=\"og:type\" content=\"article\" \/>\n<meta property=\"og:title\" content=\"Wellste Blog \u2013 In-Depth Industry Insights and Knowledge.\" \/>\n<meta property=\"og:description\" content=\"Welcome to Wellste Blog Page! Dive into a world of knowledge, insights, and expertise. Explore our comprehensive blog articles on aluminum\" \/>\n<meta property=\"og:url\" content=\"https:\/\/www.wellste.com\/fr\/blog\/\" \/>\n<meta property=\"og:site_name\" content=\"WELLSTE\" \/>\n<meta property=\"article:modified_time\" content=\"2026-01-23T08:16:15+00:00\" \/>\n<meta name=\"twitter:card\" content=\"summary_large_image\" \/>\n<script type=\"application\/ld+json\" class=\"yoast-schema-graph\">{\"@context\":\"https:\\\/\\\/schema.org\",\"@graph\":[{\"@type\":\"WebPage\",\"@id\":\"https:\\\/\\\/www.wellste.com\\\/blog\\\/\",\"url\":\"https:\\\/\\\/www.wellste.com\\\/blog\\\/\",\"name\":\"Wellste Blog \u2013 In-Depth Industry Insights and Knowledge.\",\"isPartOf\":{\"@id\":\"https:\\\/\\\/www.wellste.com\\\/#website\"},\"datePublished\":\"2023-11-17T17:16:04+00:00\",\"dateModified\":\"2026-01-23T08:16:15+00:00\",\"description\":\"Welcome to Wellste Blog Page! Dive into a world of knowledge, insights, and expertise. Explore our comprehensive blog articles on aluminum\",\"breadcrumb\":{\"@id\":\"https:\\\/\\\/www.wellste.com\\\/blog\\\/#breadcrumb\"},\"inLanguage\":\"fr-FR\",\"potentialAction\":[{\"@type\":\"ReadAction\",\"target\":[\"https:\\\/\\\/www.wellste.com\\\/blog\\\/\"]}]},{\"@type\":\"BreadcrumbList\",\"@id\":\"https:\\\/\\\/www.wellste.com\\\/blog\\\/#breadcrumb\",\"itemListElement\":[{\"@type\":\"ListItem\",\"position\":1,\"name\":\"Home\",\"item\":\"https:\\\/\\\/www.wellste.com\\\/\"},{\"@type\":\"ListItem\",\"position\":2,\"name\":\"Blog\"}]},{\"@type\":\"WebSite\",\"@id\":\"https:\\\/\\\/www.wellste.com\\\/#website\",\"url\":\"https:\\\/\\\/www.wellste.com\\\/\",\"name\":\"WELLSTE\",\"description\":\"\",\"publisher\":{\"@id\":\"https:\\\/\\\/www.wellste.com\\\/#organization\"},\"potentialAction\":[{\"@type\":\"SearchAction\",\"target\":{\"@type\":\"EntryPoint\",\"urlTemplate\":\"https:\\\/\\\/www.wellste.com\\\/?s={search_term_string}\"},\"query-input\":{\"@type\":\"PropertyValueSpecification\",\"valueRequired\":true,\"valueName\":\"search_term_string\"}}],\"inLanguage\":\"fr-FR\"},{\"@type\":\"Organization\",\"@id\":\"https:\\\/\\\/www.wellste.com\\\/#organization\",\"name\":\"WELLSTE\",\"url\":\"https:\\\/\\\/www.wellste.com\\\/\",\"logo\":{\"@type\":\"ImageObject\",\"inLanguage\":\"fr-FR\",\"@id\":\"https:\\\/\\\/www.wellste.com\\\/#\\\/schema\\\/logo\\\/image\\\/\",\"url\":\"https:\\\/\\\/www.wellste.com\\\/wp-content\\\/uploads\\\/2019\\\/04\\\/wellste-new-logo.png\",\"contentUrl\":\"https:\\\/\\\/www.wellste.com\\\/wp-content\\\/uploads\\\/2019\\\/04\\\/wellste-new-logo.png\",\"width\":207,\"height\":67,\"caption\":\"WELLSTE\"},\"image\":{\"@id\":\"https:\\\/\\\/www.wellste.com\\\/#\\\/schema\\\/logo\\\/image\\\/\"}}]}<\/script>\n<!-- \/ Yoast SEO plugin. -->","yoast_head_json":{"title":"Blog Wellste \u2013 Informations et connaissances approfondies sur l\u2019industrie.","description":"Bienvenue sur la page du blog Wellste ! Plongez dans un monde de connaissances, d&#039;id\u00e9es et d&#039;expertise. D\u00e9couvrez nos articles de blog complets sur l&#039;aluminium","robots":{"index":"index","follow":"follow","max-snippet":"max-snippet:-1","max-image-preview":"max-image-preview:large","max-video-preview":"max-video-preview:-1"},"canonical":"https:\/\/www.wellste.com\/fr\/blog\/","og_locale":"fr_FR","og_type":"article","og_title":"Wellste Blog \u2013 In-Depth Industry Insights and Knowledge.","og_description":"Welcome to Wellste Blog Page! Dive into a world of knowledge, insights, and expertise. Explore our comprehensive blog articles on aluminum","og_url":"https:\/\/www.wellste.com\/fr\/blog\/","og_site_name":"WELLSTE","article_modified_time":"2026-01-23T08:16:15+00:00","twitter_card":"summary_large_image","schema":{"@context":"https:\/\/schema.org","@graph":[{"@type":"WebPage","@id":"https:\/\/www.wellste.com\/blog\/","url":"https:\/\/www.wellste.com\/blog\/","name":"Blog Wellste \u2013 Informations et connaissances approfondies sur l\u2019industrie.","isPartOf":{"@id":"https:\/\/www.wellste.com\/#website"},"datePublished":"2023-11-17T17:16:04+00:00","dateModified":"2026-01-23T08:16:15+00:00","description":"Bienvenue sur la page du blog Wellste ! Plongez dans un monde de connaissances, d&#039;id\u00e9es et d&#039;expertise. D\u00e9couvrez nos articles de blog complets sur l&#039;aluminium","breadcrumb":{"@id":"https:\/\/www.wellste.com\/blog\/#breadcrumb"},"inLanguage":"fr-FR","potentialAction":[{"@type":"ReadAction","target":["https:\/\/www.wellste.com\/blog\/"]}]},{"@type":"BreadcrumbList","@id":"https:\/\/www.wellste.com\/blog\/#breadcrumb","itemListElement":[{"@type":"ListItem","position":1,"name":"Home","item":"https:\/\/www.wellste.com\/"},{"@type":"ListItem","position":2,"name":"Blog"}]},{"@type":"WebSite","@id":"https:\/\/www.wellste.com\/#website","url":"https:\/\/www.wellste.com\/","name":"BIEN-\u00caTRE","description":"","publisher":{"@id":"https:\/\/www.wellste.com\/#organization"},"potentialAction":[{"@type":"SearchAction","target":{"@type":"EntryPoint","urlTemplate":"https:\/\/www.wellste.com\/?s={search_term_string}"},"query-input":{"@type":"PropertyValueSpecification","valueRequired":true,"valueName":"search_term_string"}}],"inLanguage":"fr-FR"},{"@type":"Organization","@id":"https:\/\/www.wellste.com\/#organization","name":"BIEN-\u00caTRE","url":"https:\/\/www.wellste.com\/","logo":{"@type":"ImageObject","inLanguage":"fr-FR","@id":"https:\/\/www.wellste.com\/#\/schema\/logo\/image\/","url":"https:\/\/www.wellste.com\/wp-content\/uploads\/2019\/04\/wellste-new-logo.png","contentUrl":"https:\/\/www.wellste.com\/wp-content\/uploads\/2019\/04\/wellste-new-logo.png","width":207,"height":67,"caption":"WELLSTE"},"image":{"@id":"https:\/\/www.wellste.com\/#\/schema\/logo\/image\/"}}]}},"_links":{"self":[{"href":"https:\/\/www.wellste.com\/fr\/wp-json\/wp\/v2\/pages\/13666","targetHints":{"allow":["GET"]}}],"collection":[{"href":"https:\/\/www.wellste.com\/fr\/wp-json\/wp\/v2\/pages"}],"about":[{"href":"https:\/\/www.wellste.com\/fr\/wp-json\/wp\/v2\/types\/page"}],"author":[{"embeddable":true,"href":"https:\/\/www.wellste.com\/fr\/wp-json\/wp\/v2\/users\/1"}],"replies":[{"embeddable":true,"href":"https:\/\/www.wellste.com\/fr\/wp-json\/wp\/v2\/comments?post=13666"}],"version-history":[{"count":0,"href":"https:\/\/www.wellste.com\/fr\/wp-json\/wp\/v2\/pages\/13666\/revisions"}],"wp:attachment":[{"href":"https:\/\/www.wellste.com\/fr\/wp-json\/wp\/v2\/media?parent=13666"}],"curies":[{"name":"wp","href":"https:\/\/api.w.org\/{rel}","templated":true}]}}