{"id":11284,"date":"2022-09-14T07:22:23","date_gmt":"2022-09-14T07:22:23","guid":{"rendered":"https:\/\/www.wellste.com\/?page_id=11284"},"modified":"2022-09-15T03:17:12","modified_gmt":"2022-09-15T03:17:12","slug":"cnc-medical-parts-supplier-wellste","status":"publish","type":"page","link":"https:\/\/www.wellste.com\/fr\/cnc-medical-parts-supplier-wellste\/","title":{"rendered":"Pi\u00e8ces m\u00e9dicales CNC"},"content":{"rendered":"","protected":false},"excerpt":{"rendered":"","protected":false},"author":4,"featured_media":0,"parent":0,"menu_order":0,"comment_status":"closed","ping_status":"closed","template":"landing-page2.php","meta":{"_acf_changed":false,"site-sidebar-layout":"no-sidebar","site-content-layout":"page-builder","ast-site-content-layout":"default","site-content-style":"default","site-sidebar-style":"default","ast-global-header-display":"","ast-banner-title-visibility":"","ast-main-header-display":"","ast-hfb-above-header-display":"","ast-hfb-below-header-display":"","ast-hfb-mobile-header-display":"","site-post-title":"disabled","ast-breadcrumbs-content":"","ast-featured-img":"disabled","footer-sml-layout":"","ast-disable-related-posts":"","theme-transparent-header-meta":"default","adv-header-id-meta":"","stick-header-meta":"default","header-above-stick-meta":"","header-main-stick-meta":"","header-below-stick-meta":"","astra-migrate-meta-layouts":"default","ast-page-background-enabled":"default","ast-page-background-meta":{"desktop":{"background-color":"","background-image":"","background-repeat":"repeat","background-position":"center center","background-size":"auto","background-attachment":"scroll","background-type":"","background-media":"","overlay-type":"","overlay-color":"","overlay-opacity":"","overlay-gradient":""},"tablet":{"background-color":"","background-image":"","background-repeat":"repeat","background-position":"center center","background-size":"auto","background-attachment":"scroll","background-type":"","background-media":"","overlay-type":"","overlay-color":"","overlay-opacity":"","overlay-gradient":""},"mobile":{"background-color":"","background-image":"","background-repeat":"repeat","background-position":"center center","background-size":"auto","background-attachment":"scroll","background-type":"","background-media":"","overlay-type":"","overlay-color":"","overlay-opacity":"","overlay-gradient":""}},"ast-content-background-meta":{"desktop":{"background-color":"var(--ast-global-color-5)","background-image":"","background-repeat":"repeat","background-position":"center center","background-size":"auto","background-attachment":"scroll","background-type":"","background-media":"","overlay-type":"","overlay-color":"","overlay-opacity":"","overlay-gradient":""},"tablet":{"background-color":"var(--ast-global-color-5)","background-image":"","background-repeat":"repeat","background-position":"center center","background-size":"auto","background-attachment":"scroll","background-type":"","background-media":"","overlay-type":"","overlay-color":"","overlay-opacity":"","overlay-gradient":""},"mobile":{"background-color":"var(--ast-global-color-5)","background-image":"","background-repeat":"repeat","background-position":"center center","background-size":"auto","background-attachment":"scroll","background-type":"","background-media":"","overlay-type":"","overlay-color":"","overlay-opacity":"","overlay-gradient":""}},"footnotes":""},"class_list":["post-11284","page","type-page","status-publish","hentry"],"acf":[],"yoast_head":"<!-- This site is optimized with the Yoast SEO plugin v27.4 - https:\/\/yoast.com\/product\/yoast-seo-wordpress\/ -->\n<title>CNC Medical Parts Supplier-Wellste<\/title>\n<meta name=\"description\" content=\"Wellste creates CNC medical parts with both high precision and accuracy, We offer tight tolerance you need to even 0.001mm, free design guidance anytime, Quote Now.\" \/>\n<meta name=\"robots\" content=\"index, follow, max-snippet:-1, max-image-preview:large, max-video-preview:-1\" \/>\n<link rel=\"canonical\" href=\"https:\/\/www.wellste.com\/fr\/cnc-medical-parts-supplier-wellste\/\" \/>\n<meta property=\"og:locale\" content=\"fr_FR\" \/>\n<meta property=\"og:type\" content=\"article\" \/>\n<meta property=\"og:title\" content=\"CNC Medical Parts Supplier-Wellste\" \/>\n<meta property=\"og:description\" content=\"Wellste creates CNC medical parts with both high precision and accuracy, We offer tight tolerance you need to even 0.001mm, free design guidance anytime, Quote Now.\" \/>\n<meta property=\"og:url\" content=\"https:\/\/www.wellste.com\/fr\/cnc-medical-parts-supplier-wellste\/\" \/>\n<meta property=\"og:site_name\" content=\"WELLSTE\" \/>\n<meta property=\"article:modified_time\" content=\"2022-09-15T03:17:12+00:00\" \/>\n<meta name=\"twitter:card\" content=\"summary_large_image\" \/>\n<script type=\"application\/ld+json\" class=\"yoast-schema-graph\">{\"@context\":\"https:\\\/\\\/schema.org\",\"@graph\":[{\"@type\":\"WebPage\",\"@id\":\"https:\\\/\\\/www.wellste.com\\\/cnc-medical-parts-supplier-wellste\\\/\",\"url\":\"https:\\\/\\\/www.wellste.com\\\/cnc-medical-parts-supplier-wellste\\\/\",\"name\":\"CNC Medical Parts Supplier-Wellste\",\"isPartOf\":{\"@id\":\"https:\\\/\\\/www.wellste.com\\\/#website\"},\"datePublished\":\"2022-09-14T07:22:23+00:00\",\"dateModified\":\"2022-09-15T03:17:12+00:00\",\"description\":\"Wellste creates CNC medical parts with both high precision and accuracy, We offer tight tolerance you need to even 0.001mm, free design guidance anytime, Quote Now.\",\"breadcrumb\":{\"@id\":\"https:\\\/\\\/www.wellste.com\\\/cnc-medical-parts-supplier-wellste\\\/#breadcrumb\"},\"inLanguage\":\"fr-FR\",\"potentialAction\":[{\"@type\":\"ReadAction\",\"target\":[\"https:\\\/\\\/www.wellste.com\\\/cnc-medical-parts-supplier-wellste\\\/\"]}]},{\"@type\":\"BreadcrumbList\",\"@id\":\"https:\\\/\\\/www.wellste.com\\\/cnc-medical-parts-supplier-wellste\\\/#breadcrumb\",\"itemListElement\":[{\"@type\":\"ListItem\",\"position\":1,\"name\":\"Home\",\"item\":\"https:\\\/\\\/www.wellste.com\\\/\"},{\"@type\":\"ListItem\",\"position\":2,\"name\":\"CNC Medical Parts\"}]},{\"@type\":\"WebSite\",\"@id\":\"https:\\\/\\\/www.wellste.com\\\/#website\",\"url\":\"https:\\\/\\\/www.wellste.com\\\/\",\"name\":\"WELLSTE\",\"description\":\"\",\"publisher\":{\"@id\":\"https:\\\/\\\/www.wellste.com\\\/#organization\"},\"potentialAction\":[{\"@type\":\"SearchAction\",\"target\":{\"@type\":\"EntryPoint\",\"urlTemplate\":\"https:\\\/\\\/www.wellste.com\\\/?s={search_term_string}\"},\"query-input\":{\"@type\":\"PropertyValueSpecification\",\"valueRequired\":true,\"valueName\":\"search_term_string\"}}],\"inLanguage\":\"fr-FR\"},{\"@type\":\"Organization\",\"@id\":\"https:\\\/\\\/www.wellste.com\\\/#organization\",\"name\":\"WELLSTE\",\"url\":\"https:\\\/\\\/www.wellste.com\\\/\",\"logo\":{\"@type\":\"ImageObject\",\"inLanguage\":\"fr-FR\",\"@id\":\"https:\\\/\\\/www.wellste.com\\\/#\\\/schema\\\/logo\\\/image\\\/\",\"url\":\"https:\\\/\\\/www.wellste.com\\\/wp-content\\\/uploads\\\/2019\\\/04\\\/wellste-new-logo.png\",\"contentUrl\":\"https:\\\/\\\/www.wellste.com\\\/wp-content\\\/uploads\\\/2019\\\/04\\\/wellste-new-logo.png\",\"width\":207,\"height\":67,\"caption\":\"WELLSTE\"},\"image\":{\"@id\":\"https:\\\/\\\/www.wellste.com\\\/#\\\/schema\\\/logo\\\/image\\\/\"}}]}<\/script>\n<!-- \/ Yoast SEO plugin. -->","yoast_head_json":{"title":"Fournisseur de pi\u00e8ces m\u00e9dicales CNC-Wellste","description":"Wellste cr\u00e9e des pi\u00e8ces m\u00e9dicales CNC avec une pr\u00e9cision et une exactitude \u00e9lev\u00e9es. Nous offrons une tol\u00e9rance serr\u00e9e dont vous avez besoin, m\u00eame \u00e0 0,001 mm, des conseils de conception gratuits \u00e0 tout moment, un devis maintenant.","robots":{"index":"index","follow":"follow","max-snippet":"max-snippet:-1","max-image-preview":"max-image-preview:large","max-video-preview":"max-video-preview:-1"},"canonical":"https:\/\/www.wellste.com\/fr\/cnc-medical-parts-supplier-wellste\/","og_locale":"fr_FR","og_type":"article","og_title":"CNC Medical Parts Supplier-Wellste","og_description":"Wellste creates CNC medical parts with both high precision and accuracy, We offer tight tolerance you need to even 0.001mm, free design guidance anytime, Quote Now.","og_url":"https:\/\/www.wellste.com\/fr\/cnc-medical-parts-supplier-wellste\/","og_site_name":"WELLSTE","article_modified_time":"2022-09-15T03:17:12+00:00","twitter_card":"summary_large_image","schema":{"@context":"https:\/\/schema.org","@graph":[{"@type":"WebPage","@id":"https:\/\/www.wellste.com\/cnc-medical-parts-supplier-wellste\/","url":"https:\/\/www.wellste.com\/cnc-medical-parts-supplier-wellste\/","name":"Fournisseur de pi\u00e8ces m\u00e9dicales CNC-Wellste","isPartOf":{"@id":"https:\/\/www.wellste.com\/#website"},"datePublished":"2022-09-14T07:22:23+00:00","dateModified":"2022-09-15T03:17:12+00:00","description":"Wellste cr\u00e9e des pi\u00e8ces m\u00e9dicales CNC avec une pr\u00e9cision et une exactitude \u00e9lev\u00e9es. Nous offrons une tol\u00e9rance serr\u00e9e dont vous avez besoin, m\u00eame \u00e0 0,001 mm, des conseils de conception gratuits \u00e0 tout moment, un devis maintenant.","breadcrumb":{"@id":"https:\/\/www.wellste.com\/cnc-medical-parts-supplier-wellste\/#breadcrumb"},"inLanguage":"fr-FR","potentialAction":[{"@type":"ReadAction","target":["https:\/\/www.wellste.com\/cnc-medical-parts-supplier-wellste\/"]}]},{"@type":"BreadcrumbList","@id":"https:\/\/www.wellste.com\/cnc-medical-parts-supplier-wellste\/#breadcrumb","itemListElement":[{"@type":"ListItem","position":1,"name":"Home","item":"https:\/\/www.wellste.com\/"},{"@type":"ListItem","position":2,"name":"CNC Medical Parts"}]},{"@type":"WebSite","@id":"https:\/\/www.wellste.com\/#website","url":"https:\/\/www.wellste.com\/","name":"BIEN-\u00caTRE","description":"","publisher":{"@id":"https:\/\/www.wellste.com\/#organization"},"potentialAction":[{"@type":"SearchAction","target":{"@type":"EntryPoint","urlTemplate":"https:\/\/www.wellste.com\/?s={search_term_string}"},"query-input":{"@type":"PropertyValueSpecification","valueRequired":true,"valueName":"search_term_string"}}],"inLanguage":"fr-FR"},{"@type":"Organization","@id":"https:\/\/www.wellste.com\/#organization","name":"BIEN-\u00caTRE","url":"https:\/\/www.wellste.com\/","logo":{"@type":"ImageObject","inLanguage":"fr-FR","@id":"https:\/\/www.wellste.com\/#\/schema\/logo\/image\/","url":"https:\/\/www.wellste.com\/wp-content\/uploads\/2019\/04\/wellste-new-logo.png","contentUrl":"https:\/\/www.wellste.com\/wp-content\/uploads\/2019\/04\/wellste-new-logo.png","width":207,"height":67,"caption":"WELLSTE"},"image":{"@id":"https:\/\/www.wellste.com\/#\/schema\/logo\/image\/"}}]}},"_links":{"self":[{"href":"https:\/\/www.wellste.com\/fr\/wp-json\/wp\/v2\/pages\/11284","targetHints":{"allow":["GET"]}}],"collection":[{"href":"https:\/\/www.wellste.com\/fr\/wp-json\/wp\/v2\/pages"}],"about":[{"href":"https:\/\/www.wellste.com\/fr\/wp-json\/wp\/v2\/types\/page"}],"author":[{"embeddable":true,"href":"https:\/\/www.wellste.com\/fr\/wp-json\/wp\/v2\/users\/4"}],"replies":[{"embeddable":true,"href":"https:\/\/www.wellste.com\/fr\/wp-json\/wp\/v2\/comments?post=11284"}],"version-history":[{"count":0,"href":"https:\/\/www.wellste.com\/fr\/wp-json\/wp\/v2\/pages\/11284\/revisions"}],"wp:attachment":[{"href":"https:\/\/www.wellste.com\/fr\/wp-json\/wp\/v2\/media?parent=11284"}],"curies":[{"name":"wp","href":"https:\/\/api.w.org\/{rel}","templated":true}]}}