{"id":547,"date":"2019-03-01T13:28:38","date_gmt":"2019-03-01T13:28:38","guid":{"rendered":"http:\/\/wellste.digitalpixels.co\/?page_id=547"},"modified":"2022-11-04T07:07:56","modified_gmt":"2022-11-04T07:07:56","slug":"powder-coating-aluminum-extrusion-profiles","status":"publish","type":"page","link":"https:\/\/www.wellste.com\/es\/powder-coating-aluminum-extrusion-profiles\/","title":{"rendered":"Perfiles de extrusi\u00f3n de aluminio con recubrimiento en polvo"},"content":{"rendered":"","protected":false},"excerpt":{"rendered":"","protected":false},"author":1,"featured_media":0,"parent":0,"menu_order":1,"comment_status":"closed","ping_status":"closed","template":"product-details.php","meta":{"_acf_changed":false,"site-sidebar-layout":"no-sidebar","site-content-layout":"page-builder","ast-site-content-layout":"default","site-content-style":"default","site-sidebar-style":"default","ast-global-header-display":"","ast-banner-title-visibility":"","ast-main-header-display":"","ast-hfb-above-header-display":"","ast-hfb-below-header-display":"","ast-hfb-mobile-header-display":"","site-post-title":"disabled","ast-breadcrumbs-content":"","ast-featured-img":"disabled","footer-sml-layout":"","ast-disable-related-posts":"","theme-transparent-header-meta":"default","adv-header-id-meta":null,"stick-header-meta":"default","header-above-stick-meta":null,"header-main-stick-meta":"","header-below-stick-meta":null,"astra-migrate-meta-layouts":"default","ast-page-background-enabled":"default","ast-page-background-meta":{"desktop":{"background-color":"","background-image":"","background-repeat":"repeat","background-position":"center center","background-size":"auto","background-attachment":"scroll","background-type":"","background-media":"","overlay-type":"","overlay-color":"","overlay-opacity":"","overlay-gradient":""},"tablet":{"background-color":"","background-image":"","background-repeat":"repeat","background-position":"center center","background-size":"auto","background-attachment":"scroll","background-type":"","background-media":"","overlay-type":"","overlay-color":"","overlay-opacity":"","overlay-gradient":""},"mobile":{"background-color":"","background-image":"","background-repeat":"repeat","background-position":"center center","background-size":"auto","background-attachment":"scroll","background-type":"","background-media":"","overlay-type":"","overlay-color":"","overlay-opacity":"","overlay-gradient":""}},"ast-content-background-meta":{"desktop":{"background-color":"var(--ast-global-color-5)","background-image":"","background-repeat":"repeat","background-position":"center center","background-size":"auto","background-attachment":"scroll","background-type":"","background-media":"","overlay-type":"","overlay-color":"","overlay-opacity":"","overlay-gradient":""},"tablet":{"background-color":"var(--ast-global-color-5)","background-image":"","background-repeat":"repeat","background-position":"center center","background-size":"auto","background-attachment":"scroll","background-type":"","background-media":"","overlay-type":"","overlay-color":"","overlay-opacity":"","overlay-gradient":""},"mobile":{"background-color":"var(--ast-global-color-5)","background-image":"","background-repeat":"repeat","background-position":"center center","background-size":"auto","background-attachment":"scroll","background-type":"","background-media":"","overlay-type":"","overlay-color":"","overlay-opacity":"","overlay-gradient":""}},"footnotes":""},"class_list":["post-547","page","type-page","status-publish","hentry"],"acf":[],"yoast_head":"<!-- This site is optimized with the Yoast SEO plugin v27.5 - https:\/\/yoast.com\/product\/yoast-seo-wordpress\/ -->\n<title>Powder Coating Aluminum Extrusion Profiles Manufacturer<\/title>\n<meta name=\"description\" content=\"We are one of leading powder coating aluminum extrusion manufacturer for more than 20 years, a fine coating finish with more than 80\u03bcm, Contact us today.\" \/>\n<meta name=\"robots\" content=\"index, follow, max-snippet:-1, max-image-preview:large, max-video-preview:-1\" \/>\n<link rel=\"canonical\" href=\"https:\/\/www.wellste.com\/es\/powder-coating-aluminum-extrusion-profiles\/\" \/>\n<meta property=\"og:locale\" content=\"es_ES\" \/>\n<meta property=\"og:type\" content=\"article\" \/>\n<meta property=\"og:title\" content=\"Powder Coating Aluminum Extrusion Profiles Manufacturer\" \/>\n<meta property=\"og:description\" content=\"We are one of leading powder coating aluminum extrusion manufacturer for more than 20 years, a fine coating finish with more than 80\u03bcm, Contact us today.\" \/>\n<meta property=\"og:url\" content=\"https:\/\/www.wellste.com\/es\/powder-coating-aluminum-extrusion-profiles\/\" \/>\n<meta property=\"og:site_name\" content=\"WELLSTE\" \/>\n<meta property=\"article:modified_time\" content=\"2022-11-04T07:07:56+00:00\" \/>\n<meta name=\"twitter:card\" content=\"summary_large_image\" \/>\n<script type=\"application\/ld+json\" class=\"yoast-schema-graph\">{\"@context\":\"https:\\\/\\\/schema.org\",\"@graph\":[{\"@type\":\"WebPage\",\"@id\":\"https:\\\/\\\/www.wellste.com\\\/powder-coating-aluminum-extrusion-profiles\\\/\",\"url\":\"https:\\\/\\\/www.wellste.com\\\/powder-coating-aluminum-extrusion-profiles\\\/\",\"name\":\"Powder Coating Aluminum Extrusion Profiles Manufacturer\",\"isPartOf\":{\"@id\":\"https:\\\/\\\/www.wellste.com\\\/#website\"},\"datePublished\":\"2019-03-01T13:28:38+00:00\",\"dateModified\":\"2022-11-04T07:07:56+00:00\",\"description\":\"We are one of leading powder coating aluminum extrusion manufacturer for more than 20 years, a fine coating finish with more than 80\u03bcm, Contact us today.\",\"breadcrumb\":{\"@id\":\"https:\\\/\\\/www.wellste.com\\\/powder-coating-aluminum-extrusion-profiles\\\/#breadcrumb\"},\"inLanguage\":\"es\",\"potentialAction\":[{\"@type\":\"ReadAction\",\"target\":[\"https:\\\/\\\/www.wellste.com\\\/powder-coating-aluminum-extrusion-profiles\\\/\"]}]},{\"@type\":\"BreadcrumbList\",\"@id\":\"https:\\\/\\\/www.wellste.com\\\/powder-coating-aluminum-extrusion-profiles\\\/#breadcrumb\",\"itemListElement\":[{\"@type\":\"ListItem\",\"position\":1,\"name\":\"Home\",\"item\":\"https:\\\/\\\/www.wellste.com\\\/\"},{\"@type\":\"ListItem\",\"position\":2,\"name\":\"Powder Coating Aluminum Extrusion Profiles\"}]},{\"@type\":\"WebSite\",\"@id\":\"https:\\\/\\\/www.wellste.com\\\/#website\",\"url\":\"https:\\\/\\\/www.wellste.com\\\/\",\"name\":\"WELLSTE\",\"description\":\"\",\"publisher\":{\"@id\":\"https:\\\/\\\/www.wellste.com\\\/#organization\"},\"potentialAction\":[{\"@type\":\"SearchAction\",\"target\":{\"@type\":\"EntryPoint\",\"urlTemplate\":\"https:\\\/\\\/www.wellste.com\\\/?s={search_term_string}\"},\"query-input\":{\"@type\":\"PropertyValueSpecification\",\"valueRequired\":true,\"valueName\":\"search_term_string\"}}],\"inLanguage\":\"es\"},{\"@type\":\"Organization\",\"@id\":\"https:\\\/\\\/www.wellste.com\\\/#organization\",\"name\":\"WELLSTE\",\"url\":\"https:\\\/\\\/www.wellste.com\\\/\",\"logo\":{\"@type\":\"ImageObject\",\"inLanguage\":\"es\",\"@id\":\"https:\\\/\\\/www.wellste.com\\\/#\\\/schema\\\/logo\\\/image\\\/\",\"url\":\"https:\\\/\\\/www.wellste.com\\\/wp-content\\\/uploads\\\/2019\\\/04\\\/wellste-new-logo.png\",\"contentUrl\":\"https:\\\/\\\/www.wellste.com\\\/wp-content\\\/uploads\\\/2019\\\/04\\\/wellste-new-logo.png\",\"width\":207,\"height\":67,\"caption\":\"WELLSTE\"},\"image\":{\"@id\":\"https:\\\/\\\/www.wellste.com\\\/#\\\/schema\\\/logo\\\/image\\\/\"}}]}<\/script>\n<!-- \/ Yoast SEO plugin. -->","yoast_head_json":{"title":"Fabricante de perfiles de extrusi\u00f3n de aluminio con recubrimiento en polvo","description":"Somos uno de los principales fabricantes de extrusi\u00f3n de aluminio con recubrimiento en polvo desde hace m\u00e1s de 20 a\u00f1os, con un acabado de recubrimiento fino de m\u00e1s de 80 \u03bcm. Cont\u00e1ctenos hoy.","robots":{"index":"index","follow":"follow","max-snippet":"max-snippet:-1","max-image-preview":"max-image-preview:large","max-video-preview":"max-video-preview:-1"},"canonical":"https:\/\/www.wellste.com\/es\/powder-coating-aluminum-extrusion-profiles\/","og_locale":"es_ES","og_type":"article","og_title":"Powder Coating Aluminum Extrusion Profiles Manufacturer","og_description":"We are one of leading powder coating aluminum extrusion manufacturer for more than 20 years, a fine coating finish with more than 80\u03bcm, Contact us today.","og_url":"https:\/\/www.wellste.com\/es\/powder-coating-aluminum-extrusion-profiles\/","og_site_name":"WELLSTE","article_modified_time":"2022-11-04T07:07:56+00:00","twitter_card":"summary_large_image","schema":{"@context":"https:\/\/schema.org","@graph":[{"@type":"WebPage","@id":"https:\/\/www.wellste.com\/powder-coating-aluminum-extrusion-profiles\/","url":"https:\/\/www.wellste.com\/powder-coating-aluminum-extrusion-profiles\/","name":"Fabricante de perfiles de extrusi\u00f3n de aluminio con recubrimiento en polvo","isPartOf":{"@id":"https:\/\/www.wellste.com\/#website"},"datePublished":"2019-03-01T13:28:38+00:00","dateModified":"2022-11-04T07:07:56+00:00","description":"Somos uno de los principales fabricantes de extrusi\u00f3n de aluminio con recubrimiento en polvo desde hace m\u00e1s de 20 a\u00f1os, con un acabado de recubrimiento fino de m\u00e1s de 80 \u03bcm. Cont\u00e1ctenos hoy.","breadcrumb":{"@id":"https:\/\/www.wellste.com\/powder-coating-aluminum-extrusion-profiles\/#breadcrumb"},"inLanguage":"es","potentialAction":[{"@type":"ReadAction","target":["https:\/\/www.wellste.com\/powder-coating-aluminum-extrusion-profiles\/"]}]},{"@type":"BreadcrumbList","@id":"https:\/\/www.wellste.com\/powder-coating-aluminum-extrusion-profiles\/#breadcrumb","itemListElement":[{"@type":"ListItem","position":1,"name":"Home","item":"https:\/\/www.wellste.com\/"},{"@type":"ListItem","position":2,"name":"Powder Coating Aluminum Extrusion Profiles"}]},{"@type":"WebSite","@id":"https:\/\/www.wellste.com\/#website","url":"https:\/\/www.wellste.com\/","name":"WELLSTE","description":"","publisher":{"@id":"https:\/\/www.wellste.com\/#organization"},"potentialAction":[{"@type":"SearchAction","target":{"@type":"EntryPoint","urlTemplate":"https:\/\/www.wellste.com\/?s={search_term_string}"},"query-input":{"@type":"PropertyValueSpecification","valueRequired":true,"valueName":"search_term_string"}}],"inLanguage":"es"},{"@type":"Organization","@id":"https:\/\/www.wellste.com\/#organization","name":"WELLSTE","url":"https:\/\/www.wellste.com\/","logo":{"@type":"ImageObject","inLanguage":"es","@id":"https:\/\/www.wellste.com\/#\/schema\/logo\/image\/","url":"https:\/\/www.wellste.com\/wp-content\/uploads\/2019\/04\/wellste-new-logo.png","contentUrl":"https:\/\/www.wellste.com\/wp-content\/uploads\/2019\/04\/wellste-new-logo.png","width":207,"height":67,"caption":"WELLSTE"},"image":{"@id":"https:\/\/www.wellste.com\/#\/schema\/logo\/image\/"}}]}},"_links":{"self":[{"href":"https:\/\/www.wellste.com\/es\/wp-json\/wp\/v2\/pages\/547","targetHints":{"allow":["GET"]}}],"collection":[{"href":"https:\/\/www.wellste.com\/es\/wp-json\/wp\/v2\/pages"}],"about":[{"href":"https:\/\/www.wellste.com\/es\/wp-json\/wp\/v2\/types\/page"}],"author":[{"embeddable":true,"href":"https:\/\/www.wellste.com\/es\/wp-json\/wp\/v2\/users\/1"}],"replies":[{"embeddable":true,"href":"https:\/\/www.wellste.com\/es\/wp-json\/wp\/v2\/comments?post=547"}],"version-history":[{"count":0,"href":"https:\/\/www.wellste.com\/es\/wp-json\/wp\/v2\/pages\/547\/revisions"}],"wp:attachment":[{"href":"https:\/\/www.wellste.com\/es\/wp-json\/wp\/v2\/media?parent=547"}],"curies":[{"name":"gracias","href":"https:\/\/api.w.org\/{rel}","templated":true}]}}