{"id":289,"date":"2019-02-27T22:03:35","date_gmt":"2019-02-27T22:03:35","guid":{"rendered":"http:\/\/wellste.digitalpixels.co\/?page_id=289"},"modified":"2021-01-13T13:37:51","modified_gmt":"2021-01-13T13:37:51","slug":"aluminium-profiles-manufacturer-china","status":"publish","type":"page","link":"https:\/\/www.wellste.com\/es\/aluminium-profiles-manufacturer-china\/","title":{"rendered":"Fabricante de perfiles de aluminio China"},"content":{"rendered":"<h1>Fabricante de perfiles de aluminio China<\/h1>\n<p style=\"text-align: left;\">Wellste Aluminium es una de las f\u00e1bricas de perfiles de aluminio y extrusi\u00f3n de aluminio m\u00e1s grandes de China que puede proporcionar la calidad de los productos de aluminio que cumplen con la norma ISO.<\/p>\n<p style=\"text-align: left;\">Nuestra empresa suministra aleaciones de perfiles de aluminio que incluyen 6000 series, como 6063 t5, 6061 t6, 6082 t6 y m\u00e1s. Te ofrecemos el mejor precio online en perfiles de aluminio de alta calidad. Los productos que suministramos tienen 10 a\u00f1os de garant\u00eda y la superficie tiene un buen acabado, limpia, lisa, sin rayones ni manchas. Nuestro plazo de entrega es de aproximadamente 20 d\u00edas y la entrega es oportuna.<\/p>\n<p style=\"text-align: left;\">Estos perfiles de aluminio se utilizan ampliamente para ventanas, puertas, muros cortina, muebles, cocinas, guardarropas, z\u00f3calos, molduras de azulejos, secciones de pasamanos, secciones de estantes, marcos de aluminio solares fotovoltaicos y fines industriales.<\/p>\n<p style=\"text-align: left;\"><img decoding=\"async\" class=\"aligncenter\" src=\"\/wp-content\/uploads\/2019\/02\/aluminum-profile-application.jpg\" alt=\"aplicaci\u00f3n de perfil de aluminio\" \/><\/p>\n<p style=\"text-align: left;\">El tratamiento de superficie para perfiles de aluminio en nuestra empresa incluye acabado anodizado, acabado de electroforesis, recubrimiento en polvo, madera, pulido y recubrimiento de PVDF.<\/p>\n<p style=\"text-align: left;\">El proceso tecnol\u00f3gico de fabricaci\u00f3n de nuestros perfiles de aluminio es lingote de aluminio\/aleaci\u00f3n-fusi\u00f3n y fundici\u00f3n-extrusi\u00f3n-recubrimiento en polvo-vertido de caucho para aislamiento t\u00e9rmico-pago-embalaje-revestimiento de PVDF\/anodizado\/electroforesis-puesto en almac\u00e9n.<\/p>","protected":false},"excerpt":{"rendered":"<p>Aluminium Profiles Manufacturer China Wellste Aluminium is one of the largest Aluminum profile and Aluminum Extrusion factories in China who can provide the quality of the aluminum products which meet ISO Standard. Our company supplies Aluminium profile alloy includes 6000 serious, such as 6063 t5, 6061 t6, 6082 t6 and more. We offer you the [&hellip;]<\/p>\n","protected":false},"author":1,"featured_media":0,"parent":0,"menu_order":0,"comment_status":"closed","ping_status":"closed","template":"product-details.php","meta":{"_acf_changed":false,"site-sidebar-layout":"no-sidebar","site-content-layout":"page-builder","ast-site-content-layout":"default","site-content-style":"default","site-sidebar-style":"default","ast-global-header-display":"","ast-banner-title-visibility":"","ast-main-header-display":"","ast-hfb-above-header-display":"","ast-hfb-below-header-display":"","ast-hfb-mobile-header-display":"","site-post-title":"disabled","ast-breadcrumbs-content":"","ast-featured-img":"disabled","footer-sml-layout":"","ast-disable-related-posts":"","theme-transparent-header-meta":"default","adv-header-id-meta":null,"stick-header-meta":"default","header-above-stick-meta":null,"header-main-stick-meta":"","header-below-stick-meta":null,"astra-migrate-meta-layouts":"default","ast-page-background-enabled":"default","ast-page-background-meta":{"desktop":{"background-color":"","background-image":"","background-repeat":"repeat","background-position":"center center","background-size":"auto","background-attachment":"scroll","background-type":"","background-media":"","overlay-type":"","overlay-color":"","overlay-opacity":"","overlay-gradient":""},"tablet":{"background-color":"","background-image":"","background-repeat":"repeat","background-position":"center center","background-size":"auto","background-attachment":"scroll","background-type":"","background-media":"","overlay-type":"","overlay-color":"","overlay-opacity":"","overlay-gradient":""},"mobile":{"background-color":"","background-image":"","background-repeat":"repeat","background-position":"center center","background-size":"auto","background-attachment":"scroll","background-type":"","background-media":"","overlay-type":"","overlay-color":"","overlay-opacity":"","overlay-gradient":""}},"ast-content-background-meta":{"desktop":{"background-color":"var(--ast-global-color-5)","background-image":"","background-repeat":"repeat","background-position":"center center","background-size":"auto","background-attachment":"scroll","background-type":"","background-media":"","overlay-type":"","overlay-color":"","overlay-opacity":"","overlay-gradient":""},"tablet":{"background-color":"var(--ast-global-color-5)","background-image":"","background-repeat":"repeat","background-position":"center center","background-size":"auto","background-attachment":"scroll","background-type":"","background-media":"","overlay-type":"","overlay-color":"","overlay-opacity":"","overlay-gradient":""},"mobile":{"background-color":"var(--ast-global-color-5)","background-image":"","background-repeat":"repeat","background-position":"center center","background-size":"auto","background-attachment":"scroll","background-type":"","background-media":"","overlay-type":"","overlay-color":"","overlay-opacity":"","overlay-gradient":""}},"footnotes":""},"class_list":["post-289","page","type-page","status-publish","hentry"],"acf":[],"yoast_head":"<!-- This site is optimized with the Yoast SEO plugin v27.4 - https:\/\/yoast.com\/product\/yoast-seo-wordpress\/ -->\n<title>Aluminium Profiles Manufacturer China - WELLSTE<\/title>\n<meta name=\"description\" content=\"Wellste Aluminium is one of the largest Aluminum profile and Aluminum Extrusion factories in China that provides quality of the aluminum profiles with ISO Standard.\" \/>\n<meta name=\"robots\" content=\"index, follow, max-snippet:-1, max-image-preview:large, max-video-preview:-1\" \/>\n<link rel=\"canonical\" href=\"https:\/\/www.wellste.com\/es\/aluminium-profiles-manufacturer-china\/\" \/>\n<meta property=\"og:locale\" content=\"es_ES\" \/>\n<meta property=\"og:type\" content=\"article\" \/>\n<meta property=\"og:title\" content=\"Aluminium Profiles Manufacturer China - WELLSTE\" \/>\n<meta property=\"og:description\" content=\"Wellste Aluminium is one of the largest Aluminum profile and Aluminum Extrusion factories in China that provides quality of the aluminum profiles with ISO Standard.\" \/>\n<meta property=\"og:url\" content=\"https:\/\/www.wellste.com\/es\/aluminium-profiles-manufacturer-china\/\" \/>\n<meta property=\"og:site_name\" content=\"WELLSTE\" \/>\n<meta property=\"article:modified_time\" content=\"2021-01-13T13:37:51+00:00\" \/>\n<meta property=\"og:image\" content=\"https:\/\/www.wellste.com\/wp-content\/uploads\/2019\/02\/aluminum-profile-application.jpg\" \/>\n<meta name=\"twitter:card\" content=\"summary_large_image\" \/>\n<meta name=\"twitter:label1\" content=\"Tiempo de lectura\" \/>\n\t<meta name=\"twitter:data1\" content=\"1 minuto\" \/>\n<script type=\"application\/ld+json\" class=\"yoast-schema-graph\">{\"@context\":\"https:\\\/\\\/schema.org\",\"@graph\":[{\"@type\":\"WebPage\",\"@id\":\"https:\\\/\\\/www.wellste.com\\\/aluminium-profiles-manufacturer-china\\\/\",\"url\":\"https:\\\/\\\/www.wellste.com\\\/aluminium-profiles-manufacturer-china\\\/\",\"name\":\"Aluminium Profiles Manufacturer China - WELLSTE\",\"isPartOf\":{\"@id\":\"https:\\\/\\\/www.wellste.com\\\/#website\"},\"datePublished\":\"2019-02-27T22:03:35+00:00\",\"dateModified\":\"2021-01-13T13:37:51+00:00\",\"description\":\"Wellste Aluminium is one of the largest Aluminum profile and Aluminum Extrusion factories in China that provides quality of the aluminum profiles with ISO Standard.\",\"breadcrumb\":{\"@id\":\"https:\\\/\\\/www.wellste.com\\\/aluminium-profiles-manufacturer-china\\\/#breadcrumb\"},\"inLanguage\":\"es\",\"potentialAction\":[{\"@type\":\"ReadAction\",\"target\":[\"https:\\\/\\\/www.wellste.com\\\/aluminium-profiles-manufacturer-china\\\/\"]}]},{\"@type\":\"BreadcrumbList\",\"@id\":\"https:\\\/\\\/www.wellste.com\\\/aluminium-profiles-manufacturer-china\\\/#breadcrumb\",\"itemListElement\":[{\"@type\":\"ListItem\",\"position\":1,\"name\":\"Home\",\"item\":\"https:\\\/\\\/www.wellste.com\\\/\"},{\"@type\":\"ListItem\",\"position\":2,\"name\":\"Aluminium Profiles Manufacturer China\"}]},{\"@type\":\"WebSite\",\"@id\":\"https:\\\/\\\/www.wellste.com\\\/#website\",\"url\":\"https:\\\/\\\/www.wellste.com\\\/\",\"name\":\"WELLSTE\",\"description\":\"\",\"publisher\":{\"@id\":\"https:\\\/\\\/www.wellste.com\\\/#organization\"},\"potentialAction\":[{\"@type\":\"SearchAction\",\"target\":{\"@type\":\"EntryPoint\",\"urlTemplate\":\"https:\\\/\\\/www.wellste.com\\\/?s={search_term_string}\"},\"query-input\":{\"@type\":\"PropertyValueSpecification\",\"valueRequired\":true,\"valueName\":\"search_term_string\"}}],\"inLanguage\":\"es\"},{\"@type\":\"Organization\",\"@id\":\"https:\\\/\\\/www.wellste.com\\\/#organization\",\"name\":\"WELLSTE\",\"url\":\"https:\\\/\\\/www.wellste.com\\\/\",\"logo\":{\"@type\":\"ImageObject\",\"inLanguage\":\"es\",\"@id\":\"https:\\\/\\\/www.wellste.com\\\/#\\\/schema\\\/logo\\\/image\\\/\",\"url\":\"https:\\\/\\\/www.wellste.com\\\/wp-content\\\/uploads\\\/2019\\\/04\\\/wellste-new-logo.png\",\"contentUrl\":\"https:\\\/\\\/www.wellste.com\\\/wp-content\\\/uploads\\\/2019\\\/04\\\/wellste-new-logo.png\",\"width\":207,\"height\":67,\"caption\":\"WELLSTE\"},\"image\":{\"@id\":\"https:\\\/\\\/www.wellste.com\\\/#\\\/schema\\\/logo\\\/image\\\/\"}}]}<\/script>\n<!-- \/ Yoast SEO plugin. -->","yoast_head_json":{"title":"Fabricante de perfiles de aluminio China - WELLSTE","description":"Wellste Aluminium es una de las f\u00e1bricas de perfiles de aluminio y extrusi\u00f3n de aluminio m\u00e1s grandes de China que ofrece calidad de perfiles de aluminio con la norma ISO.","robots":{"index":"index","follow":"follow","max-snippet":"max-snippet:-1","max-image-preview":"max-image-preview:large","max-video-preview":"max-video-preview:-1"},"canonical":"https:\/\/www.wellste.com\/es\/aluminium-profiles-manufacturer-china\/","og_locale":"es_ES","og_type":"article","og_title":"Aluminium Profiles Manufacturer China - WELLSTE","og_description":"Wellste Aluminium is one of the largest Aluminum profile and Aluminum Extrusion factories in China that provides quality of the aluminum profiles with ISO Standard.","og_url":"https:\/\/www.wellste.com\/es\/aluminium-profiles-manufacturer-china\/","og_site_name":"WELLSTE","article_modified_time":"2021-01-13T13:37:51+00:00","og_image":[{"url":"https:\/\/www.wellste.com\/wp-content\/uploads\/2019\/02\/aluminum-profile-application.jpg","type":"","width":"","height":""}],"twitter_card":"summary_large_image","twitter_misc":{"Tiempo de lectura":"1 minuto"},"schema":{"@context":"https:\/\/schema.org","@graph":[{"@type":"WebPage","@id":"https:\/\/www.wellste.com\/aluminium-profiles-manufacturer-china\/","url":"https:\/\/www.wellste.com\/aluminium-profiles-manufacturer-china\/","name":"Fabricante de perfiles de aluminio China - WELLSTE","isPartOf":{"@id":"https:\/\/www.wellste.com\/#website"},"datePublished":"2019-02-27T22:03:35+00:00","dateModified":"2021-01-13T13:37:51+00:00","description":"Wellste Aluminium es una de las f\u00e1bricas de perfiles de aluminio y extrusi\u00f3n de aluminio m\u00e1s grandes de China que ofrece calidad de perfiles de aluminio con la norma ISO.","breadcrumb":{"@id":"https:\/\/www.wellste.com\/aluminium-profiles-manufacturer-china\/#breadcrumb"},"inLanguage":"es","potentialAction":[{"@type":"ReadAction","target":["https:\/\/www.wellste.com\/aluminium-profiles-manufacturer-china\/"]}]},{"@type":"BreadcrumbList","@id":"https:\/\/www.wellste.com\/aluminium-profiles-manufacturer-china\/#breadcrumb","itemListElement":[{"@type":"ListItem","position":1,"name":"Home","item":"https:\/\/www.wellste.com\/"},{"@type":"ListItem","position":2,"name":"Aluminium Profiles Manufacturer China"}]},{"@type":"WebSite","@id":"https:\/\/www.wellste.com\/#website","url":"https:\/\/www.wellste.com\/","name":"WELLSTE","description":"","publisher":{"@id":"https:\/\/www.wellste.com\/#organization"},"potentialAction":[{"@type":"SearchAction","target":{"@type":"EntryPoint","urlTemplate":"https:\/\/www.wellste.com\/?s={search_term_string}"},"query-input":{"@type":"PropertyValueSpecification","valueRequired":true,"valueName":"search_term_string"}}],"inLanguage":"es"},{"@type":"Organization","@id":"https:\/\/www.wellste.com\/#organization","name":"WELLSTE","url":"https:\/\/www.wellste.com\/","logo":{"@type":"ImageObject","inLanguage":"es","@id":"https:\/\/www.wellste.com\/#\/schema\/logo\/image\/","url":"https:\/\/www.wellste.com\/wp-content\/uploads\/2019\/04\/wellste-new-logo.png","contentUrl":"https:\/\/www.wellste.com\/wp-content\/uploads\/2019\/04\/wellste-new-logo.png","width":207,"height":67,"caption":"WELLSTE"},"image":{"@id":"https:\/\/www.wellste.com\/#\/schema\/logo\/image\/"}}]}},"_links":{"self":[{"href":"https:\/\/www.wellste.com\/es\/wp-json\/wp\/v2\/pages\/289","targetHints":{"allow":["GET"]}}],"collection":[{"href":"https:\/\/www.wellste.com\/es\/wp-json\/wp\/v2\/pages"}],"about":[{"href":"https:\/\/www.wellste.com\/es\/wp-json\/wp\/v2\/types\/page"}],"author":[{"embeddable":true,"href":"https:\/\/www.wellste.com\/es\/wp-json\/wp\/v2\/users\/1"}],"replies":[{"embeddable":true,"href":"https:\/\/www.wellste.com\/es\/wp-json\/wp\/v2\/comments?post=289"}],"version-history":[{"count":0,"href":"https:\/\/www.wellste.com\/es\/wp-json\/wp\/v2\/pages\/289\/revisions"}],"wp:attachment":[{"href":"https:\/\/www.wellste.com\/es\/wp-json\/wp\/v2\/media?parent=289"}],"curies":[{"name":"gracias","href":"https:\/\/api.w.org\/{rel}","templated":true}]}}