{"id":20,"date":"2018-12-17T17:21:03","date_gmt":"2018-12-17T17:21:03","guid":{"rendered":"http:\/\/wellste.digitalpixels.co\/?page_id=20"},"modified":"2021-01-04T03:31:35","modified_gmt":"2021-01-04T03:31:35","slug":"about","status":"publish","type":"page","link":"https:\/\/www.wellste.com\/es\/about\/","title":{"rendered":"Acerca de"},"content":{"rendered":"<div class=\"aboutBanner innerPageBanner\">\n<div class=\"container\">\n<div class=\"row cust-row\">\n<div class=\"col-sm-8 col-md-6 col-lg-5\">\n<div class=\"displayTable\">\n<div class=\"bannerBox\">\n<h1 class=\"bannerHeading margin0\">Acerca de Wellste<\/h1>\n<div class=\"bannerSubHeading paddTop20 paddBottom20\">Su fabricante y proveedor profesional de extrusi\u00f3n de aluminio que integra investigaci\u00f3n, dise\u00f1o y producci\u00f3n en China.<\/div>\n<div><a href=\"#contactPopUpForm\" class=\"fancybox-inline commonBtn orangeBtn bannerBtn\">P\u00f3ngase en contacto con nuestro equipo de soporte ahora<\/a><\/div>\n<\/div>\n<\/div>\n<\/div>\n<\/div>\n<\/div>\n<\/div>\n<div class=\"aboutSection1 paddTop60 paddBottom60\">\n<div class=\"container\">\n<div class=\"row cust-row\">\n<div class=\"col-sm-12\">\n<h2>Acerca de Wellste<\/h2>\n<p>Wellste es una empresa independiente con certificaci\u00f3n ISO9001-2001. <a href=\"https:\/\/www.wellste.com\/es\/aluminum-extrusions\/\" target=\"_blank\" rel=\"noopener\">Perfil de extrusi\u00f3n de aluminio<\/a> fabricante que integra investigaci\u00f3n, dise\u00f1o, producci\u00f3n y comercializaci\u00f3n de extrusi\u00f3n de aluminio y <a href=\"https:\/\/www.wellste.com\/es\/aluminium-profiles\/\" target=\"_blank\" rel=\"noopener\">perfil de aluminio<\/a>.<\/p>\n<p>Wellste produce principalmente <a href=\"https:\/\/www.wellste.com\/es\/\" target=\"_blank\" rel=\"noopener\">extrusiones de aluminio personalizadas<\/a>, perfiles estructurales est\u00e1ndar de aluminio extruido, <a href=\"https:\/\/www.wellste.com\/es\/extruded-aluminum-tube\/\" target=\"_blank\" rel=\"noopener\">tubo de aluminio<\/a>, <a href=\"https:\/\/www.wellste.com\/es\/aluminium-profiles-for-windows-doors\/\" target=\"_blank\" rel=\"noopener\">perfiles de puerta de ventana de aluminio<\/a>, perfiles de muro cortina,<a href=\"https:\/\/www.wellste.com\/es\/extruded-heat-sink\/\" target=\"_blank\" rel=\"noopener\"> Perfiles de disipador de calor de aluminio.<\/a>y sistemas estructurales de montaje solar fotovoltaico, <a href=\"https:\/\/www.wellste.com\/es\/t-slot-aluminum-extrusion\/\" target=\"_blank\" rel=\"noopener\">marco de aluminio con ranura en T<\/a> etc.<\/p>\n<p>Completamos todo el proceso de producci\u00f3n desde la extrusi\u00f3n hasta la entrega bajo un mismo techo. Ofrecemos soluciones integrales en dise\u00f1o e ingenier\u00eda, extrusi\u00f3n, acabados superficiales y entrega a tiempo.<\/p>\n<p>Con una capacidad de producci\u00f3n anual de 100.000 toneladas y certificado con ISO9001, ISO14001, los clientes pueden estar seguros de confiabilidad y calidad.<\/p>\n<p>M\u00e1s de 20 a\u00f1os de experiencia en la industria de extrusi\u00f3n de aluminio nos permiten analizar con precisi\u00f3n los dibujos del producto y abordar con calma todo tipo de problemas que ocurren durante la producci\u00f3n, por lo que podemos garantizar la calidad del producto y asegurar un alto nivel de satisfacci\u00f3n del cliente.<\/p>\n<p>Gracias por elegirnos como su socio fabricante. Esperamos trabajar con usted en el campo de los perfiles de aluminio.<\/p>\n<div><a href=\"#contactPopUpForm\" class=\"fancybox-inline commonBtn orangeBtn smallBtn\">P\u00f3ngase en contacto con el equipo de Wellste ahora<\/a><\/div>\n<\/div>\n<\/div>\n<\/div>\n<\/div>\n<div class=\"contactBar orangeSection paddTop30 paddBottom25\">\n<div class=\"container\">\n<div class=\"row cust-row\">\n<div class=\"col-sm-12 col-md-8 col-lg-9\">\n<h3 class=\"contactBarLine1 margin0 paddBottom5 clrWhite fw400\">Apoyemos su negocio y reduzcamos sus costos<\/h3>\n<div class=\"contactBarLine2 clrWhite\">Wellste puede personalizar sus extrusiones de aluminio y tambi\u00e9n puede dise\u00f1ar sus propios productos, incluso si S\u00d3LO es una idea.<\/div>\n<\/div>\n<div class=\"col-sm-12 col-md-4 col-lg-3 contactBarBtn\">\n<div class=\"paddTop15\"><a href=\"#contactPopUpForm\" class=\"fancybox-inline commonBtn transparentBtn\">Cont\u00e1ctenos<\/a><\/div>\n<\/div>\n<\/div>\n<\/div>\n<\/div>\n<div class=\"cVideoSection paddTop60\">\n<div class=\"container\">\n<div class=\"row cust-row\">\n<div class=\"col-sm-12\">\n<div class=\"ast-oembed-container\" style=\"height: 100%;\"><iframe title=\"Aluminio Wellste\" width=\"500\" height=\"281\" src=\"https:\/\/www.youtube.com\/embed\/q_wbZ4YptlY?feature=oembed\" frameborder=\"0\" allow=\"accelerometer; autoplay; clipboard-write; encrypted-media; gyroscope; picture-in-picture; web-share\" referrerpolicy=\"strict-origin-when-cross-origin\" allowfullscreen><\/iframe><\/div>\n<\/div>\n<div class=\"col-sm-12 paddTop70 text-center\"><a href=\"#contactPopUpForm\" class=\"fancybox-inline commonBtn orangeBtn largeBtn\">Vista de Wellste<\/a><\/div>\n<\/div>\n<\/div>\n<\/div>\n<section id=\"ability\" class=\"paddTop60 paddBottom55\">\n<div class=\"container\">\n<div class=\"row cust-row text-center\">\n<div class=\"col-sm-6 col-md-3 paddTop30\">\n<div class=\"abilityBox hoverImg\">\n<div><img decoding=\"async\" class=\"img-responsive\" src=\"\/wp-content\/uploads\/2018\/12\/Tienda-Extruida.jpg\" alt=\"Tienda extruida\" \/><\/div>\n<div class=\"cTitle clrWhite fw700 displayFlex\">Tienda extruida<\/div>\n<\/div>\n<\/div>\n<div class=\"col-sm-6 col-md-3 paddTop30\">\n<div class=\"abilityBox hoverImg\">\n<div><img decoding=\"async\" class=\"img-responsive\" src=\"\/wp-content\/uploads\/2018\/12\/Production-Inspection.jpg\" alt=\"Inspecci\u00f3n de producci\u00f3n\" \/><\/div>\n<div class=\"cTitle clrWhite fw700 displayFlex\">Inspecci\u00f3n de producci\u00f3n<\/div>\n<\/div>\n<\/div>\n<div class=\"col-sm-6 col-md-3 paddTop30\">\n<div class=\"abilityBox hoverImg\">\n<div><img decoding=\"async\" class=\"img-responsive\" src=\"\/wp-content\/uploads\/2018\/12\/Support-Service.jpg\" alt=\"Servicio de soporte\" \/><\/div>\n<div class=\"cTitle clrWhite fw700 displayFlex\">Equipo de apoyo<\/div>\n<\/div>\n<\/div>\n<div class=\"col-sm-6 col-md-3 paddTop30\">\n<div class=\"abilityBox hoverImg\">\n<div><img decoding=\"async\" class=\"img-responsive\" src=\"\/wp-content\/uploads\/2018\/12\/inhouse-laboratory.jpg\" alt=\"Laboratorio interno\" \/><\/div>\n<div class=\"cTitle clrWhite fw700 displayFlex\">Laboratorio interno<\/div>\n<\/div>\n<\/div>\n<\/div>\n<\/div>\n<\/section>\n<div class=\"wideContactForm greySectionF2 paddTop75 paddBottom80\">\n<div class=\"container\">\n<div class=\"row cust-row\">\n<div class=\"col-sm-12 text-center paddBottom15\">\n<h2>As\u00f3ciese con Wellste Haga crecer su negocio<\/h2>\n<\/div>\n<div id=\"custom_html-5\" class=\"widget_text widget-container widget_custom_html\"><div class=\"textwidget custom-html-widget\"><form class=\"form contactForm\" name=\"form1\" enctype=\"multipart\/form-data\" method=\"post\" action=\"https:\/\/hanru.wufoo.com\/forms\/z1m6zlo80trortm\/#public\">\r\n<div class=\"col-sm-6\">\r\n<input type=\"text\" name=\"Field1\" value=\"\" placeholder=\"Nombre*\" required \/>\r\n<\/div>\r\n<div class=\"col-sm-6\">\r\n<input type=\"email\" name=\"Field2\" value=\"\" placeholder=\"Correo electr\u00f3nico*\" required \/>\r\n<\/div>\r\n<div class=\"col-sm-6\">\r\n<input type=\"text\" name=\"Field11\" value=\"\" placeholder=\"Tel\u00e9fono*\" required \/>\r\n<\/div>\r\n<div class=\"col-sm-6\">\r\n<input type=\"text\" name=\"Field12\" value=\"\" placeholder=\"Pa\u00eds*\" required \/>\r\n<\/div>\r\n<div class=\"col-sm-12\">\r\n<textarea name=\"Field3\" placeholder=\"Tus requisitos*\" required><\/textarea>\r\n<\/div>\r\n<div class=\"col-sm-12\">\r\n<div class=\"wufooLabel\">Adjunto<\/div>\r\n<div><input name=\"Field7\" type=\"file\" data-file-max-size=\"5\"\/><\/div>\r\n<\/div>\r\n<div class=\"col-sm-12 text-center paddTop15\">\r\n<div class=\"hidden\"><input name=\"Field4\" type=\"text\" value=\"http:\/\/www.wellste.com\/es\/wp-json\/wp\/v2\/pages\/20\"\/><\/div>\r\n<div class=\"hidden\"><input name=\"Field9\" type=\"text\" value=\"\"\/><\/div>\r\n<input type=\"submit\" name=\"saveForm\" value=\"Env\u00ede su requisito\" class=\"commonBtn orangeBtn smallBtn\"\/>\r\n<\/div>\r\n<div class=\"hidden\">\r\n<textarea name=\"comment\" id=\"comment\" rows=\"1\" cols=\"1\"><\/textarea>\r\n<input type=\"hidden\" id=\"idstamp\" name=\"idstamp\" value=\"Z+90TgH3t73yQ9zFrkvuprkJigsN1FnAhce\/4bcQsxg=\" \/>\r\n<input type=\"hidden\" id=\"encryptedPassword\" name=\"encryptedPassword\" value=\"\" \/>\r\n<\/div>\r\n<div class=\"clearfix\"><\/div>\r\n<\/form><\/div><\/div><\/div>\n<\/div>\n<\/div>","protected":false},"excerpt":{"rendered":"<p>About Wellste Your Professional Aluminum Extrusion Manufacturer and Supplier\u00a0that integrates Research, Design, Production in China. Contact Our Support Team Now About Wellste Wellste is an ISO9001-2001 certified independent aluminium extruison Profile manufacturer that integrates Research, Design, Production, and marketing of aluminium extrusion and aluminum Profile. Wellste mainly Produce customized aluminium extrusions, standard structural extruded aluminum [&hellip;]<\/p>\n","protected":false},"author":1,"featured_media":0,"parent":0,"menu_order":5,"comment_status":"closed","ping_status":"closed","template":"","meta":{"_acf_changed":false,"site-sidebar-layout":"no-sidebar","site-content-layout":"page-builder","ast-site-content-layout":"default","site-content-style":"default","site-sidebar-style":"default","ast-global-header-display":"","ast-banner-title-visibility":"","ast-main-header-display":"","ast-hfb-above-header-display":"","ast-hfb-below-header-display":"","ast-hfb-mobile-header-display":"","site-post-title":"disabled","ast-breadcrumbs-content":"disabled","ast-featured-img":"disabled","footer-sml-layout":"","ast-disable-related-posts":"","theme-transparent-header-meta":"default","adv-header-id-meta":"","stick-header-meta":"default","header-above-stick-meta":"","header-main-stick-meta":"","header-below-stick-meta":"","astra-migrate-meta-layouts":"default","ast-page-background-enabled":"default","ast-page-background-meta":{"desktop":{"background-color":"","background-image":"","background-repeat":"repeat","background-position":"center center","background-size":"auto","background-attachment":"scroll","background-type":"","background-media":"","overlay-type":"","overlay-color":"","overlay-opacity":"","overlay-gradient":""},"tablet":{"background-color":"","background-image":"","background-repeat":"repeat","background-position":"center center","background-size":"auto","background-attachment":"scroll","background-type":"","background-media":"","overlay-type":"","overlay-color":"","overlay-opacity":"","overlay-gradient":""},"mobile":{"background-color":"","background-image":"","background-repeat":"repeat","background-position":"center center","background-size":"auto","background-attachment":"scroll","background-type":"","background-media":"","overlay-type":"","overlay-color":"","overlay-opacity":"","overlay-gradient":""}},"ast-content-background-meta":{"desktop":{"background-color":"var(--ast-global-color-5)","background-image":"","background-repeat":"repeat","background-position":"center center","background-size":"auto","background-attachment":"scroll","background-type":"","background-media":"","overlay-type":"","overlay-color":"","overlay-opacity":"","overlay-gradient":""},"tablet":{"background-color":"var(--ast-global-color-5)","background-image":"","background-repeat":"repeat","background-position":"center center","background-size":"auto","background-attachment":"scroll","background-type":"","background-media":"","overlay-type":"","overlay-color":"","overlay-opacity":"","overlay-gradient":""},"mobile":{"background-color":"var(--ast-global-color-5)","background-image":"","background-repeat":"repeat","background-position":"center center","background-size":"auto","background-attachment":"scroll","background-type":"","background-media":"","overlay-type":"","overlay-color":"","overlay-opacity":"","overlay-gradient":""}},"footnotes":""},"class_list":["post-20","page","type-page","status-publish","hentry"],"acf":[],"yoast_head":"<!-- This site is optimized with the Yoast SEO plugin v27.5 - https:\/\/yoast.com\/product\/yoast-seo-wordpress\/ -->\n<title>Aluminum Extrusion Profiles Supplier | Wellste Aluminum China<\/title>\n<meta name=\"description\" content=\"Wellste Aluminum is your premier aluminum extrusions manufacturer and Supplier from China, Any shape of extruded aluminum profiles are available.\" \/>\n<meta name=\"robots\" content=\"index, follow, max-snippet:-1, max-image-preview:large, max-video-preview:-1\" \/>\n<link rel=\"canonical\" href=\"https:\/\/www.wellste.com\/es\/about\/\" \/>\n<meta property=\"og:locale\" content=\"es_ES\" \/>\n<meta property=\"og:type\" content=\"article\" \/>\n<meta property=\"og:title\" content=\"Aluminum Extrusion Profiles Supplier | Wellste Aluminum China\" \/>\n<meta property=\"og:description\" content=\"Wellste Aluminum is your premier aluminum extrusions manufacturer and Supplier from China, Any shape of extruded aluminum profiles are available.\" \/>\n<meta property=\"og:url\" content=\"https:\/\/www.wellste.com\/es\/about\/\" \/>\n<meta property=\"og:site_name\" content=\"WELLSTE\" \/>\n<meta property=\"article:modified_time\" content=\"2021-01-04T03:31:35+00:00\" \/>\n<meta property=\"og:image\" content=\"https:\/\/www.wellste.com\/wp-content\/uploads\/2018\/12\/Extruded-Shop.jpg\" \/>\n<meta name=\"twitter:card\" content=\"summary_large_image\" \/>\n<meta name=\"twitter:label1\" content=\"Tiempo de lectura\" \/>\n\t<meta name=\"twitter:data1\" content=\"1 minuto\" \/>\n<script type=\"application\/ld+json\" class=\"yoast-schema-graph\">{\"@context\":\"https:\\\/\\\/schema.org\",\"@graph\":[{\"@type\":\"WebPage\",\"@id\":\"https:\\\/\\\/www.wellste.com\\\/about\\\/\",\"url\":\"https:\\\/\\\/www.wellste.com\\\/about\\\/\",\"name\":\"Aluminum Extrusion Profiles Supplier | Wellste Aluminum China\",\"isPartOf\":{\"@id\":\"https:\\\/\\\/www.wellste.com\\\/#website\"},\"datePublished\":\"2018-12-17T17:21:03+00:00\",\"dateModified\":\"2021-01-04T03:31:35+00:00\",\"description\":\"Wellste Aluminum is your premier aluminum extrusions manufacturer and Supplier from China, Any shape of extruded aluminum profiles are available.\",\"breadcrumb\":{\"@id\":\"https:\\\/\\\/www.wellste.com\\\/about\\\/#breadcrumb\"},\"inLanguage\":\"es\",\"potentialAction\":[{\"@type\":\"ReadAction\",\"target\":[\"https:\\\/\\\/www.wellste.com\\\/about\\\/\"]}]},{\"@type\":\"BreadcrumbList\",\"@id\":\"https:\\\/\\\/www.wellste.com\\\/about\\\/#breadcrumb\",\"itemListElement\":[{\"@type\":\"ListItem\",\"position\":1,\"name\":\"Home\",\"item\":\"https:\\\/\\\/www.wellste.com\\\/\"},{\"@type\":\"ListItem\",\"position\":2,\"name\":\"About\"}]},{\"@type\":\"WebSite\",\"@id\":\"https:\\\/\\\/www.wellste.com\\\/#website\",\"url\":\"https:\\\/\\\/www.wellste.com\\\/\",\"name\":\"WELLSTE\",\"description\":\"\",\"publisher\":{\"@id\":\"https:\\\/\\\/www.wellste.com\\\/#organization\"},\"potentialAction\":[{\"@type\":\"SearchAction\",\"target\":{\"@type\":\"EntryPoint\",\"urlTemplate\":\"https:\\\/\\\/www.wellste.com\\\/?s={search_term_string}\"},\"query-input\":{\"@type\":\"PropertyValueSpecification\",\"valueRequired\":true,\"valueName\":\"search_term_string\"}}],\"inLanguage\":\"es\"},{\"@type\":\"Organization\",\"@id\":\"https:\\\/\\\/www.wellste.com\\\/#organization\",\"name\":\"WELLSTE\",\"url\":\"https:\\\/\\\/www.wellste.com\\\/\",\"logo\":{\"@type\":\"ImageObject\",\"inLanguage\":\"es\",\"@id\":\"https:\\\/\\\/www.wellste.com\\\/#\\\/schema\\\/logo\\\/image\\\/\",\"url\":\"https:\\\/\\\/www.wellste.com\\\/wp-content\\\/uploads\\\/2019\\\/04\\\/wellste-new-logo.png\",\"contentUrl\":\"https:\\\/\\\/www.wellste.com\\\/wp-content\\\/uploads\\\/2019\\\/04\\\/wellste-new-logo.png\",\"width\":207,\"height\":67,\"caption\":\"WELLSTE\"},\"image\":{\"@id\":\"https:\\\/\\\/www.wellste.com\\\/#\\\/schema\\\/logo\\\/image\\\/\"}}]}<\/script>\n<!-- \/ Yoast SEO plugin. -->","yoast_head_json":{"title":"Proveedor de perfiles de extrusi\u00f3n de aluminio | Wellste Aluminio China","description":"Wellste Aluminium es su principal fabricante y proveedor de extrusiones de aluminio de China. Hay disponibles perfiles de aluminio extruido de cualquier forma.","robots":{"index":"index","follow":"follow","max-snippet":"max-snippet:-1","max-image-preview":"max-image-preview:large","max-video-preview":"max-video-preview:-1"},"canonical":"https:\/\/www.wellste.com\/es\/about\/","og_locale":"es_ES","og_type":"article","og_title":"Aluminum Extrusion Profiles Supplier | Wellste Aluminum China","og_description":"Wellste Aluminum is your premier aluminum extrusions manufacturer and Supplier from China, Any shape of extruded aluminum profiles are available.","og_url":"https:\/\/www.wellste.com\/es\/about\/","og_site_name":"WELLSTE","article_modified_time":"2021-01-04T03:31:35+00:00","og_image":[{"url":"https:\/\/www.wellste.com\/wp-content\/uploads\/2018\/12\/Extruded-Shop.jpg","type":"","width":"","height":""}],"twitter_card":"summary_large_image","twitter_misc":{"Tiempo de lectura":"1 minuto"},"schema":{"@context":"https:\/\/schema.org","@graph":[{"@type":"WebPage","@id":"https:\/\/www.wellste.com\/about\/","url":"https:\/\/www.wellste.com\/about\/","name":"Proveedor de perfiles de extrusi\u00f3n de aluminio | Wellste Aluminio China","isPartOf":{"@id":"https:\/\/www.wellste.com\/#website"},"datePublished":"2018-12-17T17:21:03+00:00","dateModified":"2021-01-04T03:31:35+00:00","description":"Wellste Aluminium es su principal fabricante y proveedor de extrusiones de aluminio de China. Hay disponibles perfiles de aluminio extruido de cualquier forma.","breadcrumb":{"@id":"https:\/\/www.wellste.com\/about\/#breadcrumb"},"inLanguage":"es","potentialAction":[{"@type":"ReadAction","target":["https:\/\/www.wellste.com\/about\/"]}]},{"@type":"BreadcrumbList","@id":"https:\/\/www.wellste.com\/about\/#breadcrumb","itemListElement":[{"@type":"ListItem","position":1,"name":"Home","item":"https:\/\/www.wellste.com\/"},{"@type":"ListItem","position":2,"name":"About"}]},{"@type":"WebSite","@id":"https:\/\/www.wellste.com\/#website","url":"https:\/\/www.wellste.com\/","name":"WELLSTE","description":"","publisher":{"@id":"https:\/\/www.wellste.com\/#organization"},"potentialAction":[{"@type":"SearchAction","target":{"@type":"EntryPoint","urlTemplate":"https:\/\/www.wellste.com\/?s={search_term_string}"},"query-input":{"@type":"PropertyValueSpecification","valueRequired":true,"valueName":"search_term_string"}}],"inLanguage":"es"},{"@type":"Organization","@id":"https:\/\/www.wellste.com\/#organization","name":"WELLSTE","url":"https:\/\/www.wellste.com\/","logo":{"@type":"ImageObject","inLanguage":"es","@id":"https:\/\/www.wellste.com\/#\/schema\/logo\/image\/","url":"https:\/\/www.wellste.com\/wp-content\/uploads\/2019\/04\/wellste-new-logo.png","contentUrl":"https:\/\/www.wellste.com\/wp-content\/uploads\/2019\/04\/wellste-new-logo.png","width":207,"height":67,"caption":"WELLSTE"},"image":{"@id":"https:\/\/www.wellste.com\/#\/schema\/logo\/image\/"}}]}},"_links":{"self":[{"href":"https:\/\/www.wellste.com\/es\/wp-json\/wp\/v2\/pages\/20","targetHints":{"allow":["GET"]}}],"collection":[{"href":"https:\/\/www.wellste.com\/es\/wp-json\/wp\/v2\/pages"}],"about":[{"href":"https:\/\/www.wellste.com\/es\/wp-json\/wp\/v2\/types\/page"}],"author":[{"embeddable":true,"href":"https:\/\/www.wellste.com\/es\/wp-json\/wp\/v2\/users\/1"}],"replies":[{"embeddable":true,"href":"https:\/\/www.wellste.com\/es\/wp-json\/wp\/v2\/comments?post=20"}],"version-history":[{"count":0,"href":"https:\/\/www.wellste.com\/es\/wp-json\/wp\/v2\/pages\/20\/revisions"}],"wp:attachment":[{"href":"https:\/\/www.wellste.com\/es\/wp-json\/wp\/v2\/media?parent=20"}],"curies":[{"name":"gracias","href":"https:\/\/api.w.org\/{rel}","templated":true}]}}