{"id":289,"date":"2019-02-27T22:03:35","date_gmt":"2019-02-27T22:03:35","guid":{"rendered":"http:\/\/wellste.digitalpixels.co\/?page_id=289"},"modified":"2021-01-13T13:37:51","modified_gmt":"2021-01-13T13:37:51","slug":"aluminium-profiles-manufacturer-china","status":"publish","type":"page","link":"https:\/\/www.wellste.com\/de\/aluminium-profiles-manufacturer-china\/","title":{"rendered":"Hersteller von Aluminiumprofilen China"},"content":{"rendered":"<h1>Hersteller von Aluminiumprofilen China<\/h1>\n<p style=\"text-align: left;\">Wellste Aluminium ist eine der gr\u00f6\u00dften Fabriken f\u00fcr Aluminiumprofile und Aluminiumextrusionen in China und kann Aluminiumprodukte in der Qualit\u00e4t liefern, die dem ISO-Standard entsprechen.<\/p>\n<p style=\"text-align: left;\">Unser Unternehmen liefert Aluminiumprofillegierungen der G\u00fcte 6000, darunter 6063 T5, 6061 T6, 6082 T6 und weitere. Wir bieten Ihnen hochwertige Aluminiumprofile zum besten Online-Preis. Die von uns gelieferten Produkte haben 10 Jahre Garantie und die Oberfl\u00e4che ist sauber, glatt und kratz- und fleckenfrei. Unsere Lieferzeit betr\u00e4gt ca. 20 Tage und die Lieferung erfolgt p\u00fcnktlich.<\/p>\n<p style=\"text-align: left;\">Diese Aluminiumprofile werden h\u00e4ufig f\u00fcr Fenster, T\u00fcren, Vorhangfassaden, M\u00f6bel, K\u00fcchen, Kleiderschr\u00e4nke, Fu\u00dfleisten, Fliesenverkleidungen, Handlaufabschnitte, Regalabschnitte, PV-Solar-Aluminiumrahmen und industrielle Zwecke verwendet.<\/p>\n<p style=\"text-align: left;\"><img decoding=\"async\" class=\"aligncenter\" src=\"\/wp-content\/uploads\/2019\/02\/aluminum-profile-application.jpg\" alt=\"aluminum profile application\" \/><\/p>\n<p style=\"text-align: left;\">Die Oberfl\u00e4chenbehandlung von Aluminiumprofilen in unserem Unternehmen umfasst Eloxieren, Elektrophorese, Pulverbeschichtung, Holz, Polieren und PVDF-Beschichtung.<\/p>\n<p style=\"text-align: left;\">Der technologische Herstellungsprozess unserer Aluminiumprofile besteht aus Aluminiumbarren\/-legierung, Schmelzen und Gie\u00dfen, Extrusion, Pulverbeschichtung, Gie\u00dfen von Gummi zur W\u00e4rmeisolierung, Auschecken, Verpacken, PVDF-Beschichtung\/Eloxieren\/Elektrophorese und Einlagerung ins Lager.<\/p>","protected":false},"excerpt":{"rendered":"<p>Aluminium Profiles Manufacturer China Wellste Aluminium is one of the largest Aluminum profile and Aluminum Extrusion factories in China who can provide the quality of the aluminum products which meet ISO Standard. Our company supplies Aluminium profile alloy includes 6000 serious, such as 6063 t5, 6061 t6, 6082 t6 and more. We offer you the [&hellip;]<\/p>\n","protected":false},"author":1,"featured_media":0,"parent":0,"menu_order":0,"comment_status":"closed","ping_status":"closed","template":"product-details.php","meta":{"_acf_changed":false,"site-sidebar-layout":"no-sidebar","site-content-layout":"page-builder","ast-site-content-layout":"default","site-content-style":"default","site-sidebar-style":"default","ast-global-header-display":"","ast-banner-title-visibility":"","ast-main-header-display":"","ast-hfb-above-header-display":"","ast-hfb-below-header-display":"","ast-hfb-mobile-header-display":"","site-post-title":"disabled","ast-breadcrumbs-content":"","ast-featured-img":"disabled","footer-sml-layout":"","ast-disable-related-posts":"","theme-transparent-header-meta":"default","adv-header-id-meta":null,"stick-header-meta":"default","header-above-stick-meta":null,"header-main-stick-meta":"","header-below-stick-meta":null,"astra-migrate-meta-layouts":"default","ast-page-background-enabled":"default","ast-page-background-meta":{"desktop":{"background-color":"","background-image":"","background-repeat":"repeat","background-position":"center center","background-size":"auto","background-attachment":"scroll","background-type":"","background-media":"","overlay-type":"","overlay-color":"","overlay-opacity":"","overlay-gradient":""},"tablet":{"background-color":"","background-image":"","background-repeat":"repeat","background-position":"center center","background-size":"auto","background-attachment":"scroll","background-type":"","background-media":"","overlay-type":"","overlay-color":"","overlay-opacity":"","overlay-gradient":""},"mobile":{"background-color":"","background-image":"","background-repeat":"repeat","background-position":"center center","background-size":"auto","background-attachment":"scroll","background-type":"","background-media":"","overlay-type":"","overlay-color":"","overlay-opacity":"","overlay-gradient":""}},"ast-content-background-meta":{"desktop":{"background-color":"var(--ast-global-color-5)","background-image":"","background-repeat":"repeat","background-position":"center center","background-size":"auto","background-attachment":"scroll","background-type":"","background-media":"","overlay-type":"","overlay-color":"","overlay-opacity":"","overlay-gradient":""},"tablet":{"background-color":"var(--ast-global-color-5)","background-image":"","background-repeat":"repeat","background-position":"center center","background-size":"auto","background-attachment":"scroll","background-type":"","background-media":"","overlay-type":"","overlay-color":"","overlay-opacity":"","overlay-gradient":""},"mobile":{"background-color":"var(--ast-global-color-5)","background-image":"","background-repeat":"repeat","background-position":"center center","background-size":"auto","background-attachment":"scroll","background-type":"","background-media":"","overlay-type":"","overlay-color":"","overlay-opacity":"","overlay-gradient":""}},"footnotes":""},"class_list":["post-289","page","type-page","status-publish","hentry"],"acf":[],"yoast_head":"<!-- This site is optimized with the Yoast SEO plugin v27.4 - https:\/\/yoast.com\/product\/yoast-seo-wordpress\/ -->\n<title>Aluminium Profiles Manufacturer China - WELLSTE<\/title>\n<meta name=\"description\" content=\"Wellste Aluminium is one of the largest Aluminum profile and Aluminum Extrusion factories in China that provides quality of the aluminum profiles with ISO Standard.\" \/>\n<meta name=\"robots\" content=\"index, follow, max-snippet:-1, max-image-preview:large, max-video-preview:-1\" \/>\n<link rel=\"canonical\" href=\"https:\/\/www.wellste.com\/de\/aluminium-profiles-manufacturer-china\/\" \/>\n<meta property=\"og:locale\" content=\"de_DE\" \/>\n<meta property=\"og:type\" content=\"article\" \/>\n<meta property=\"og:title\" content=\"Aluminium Profiles Manufacturer China - WELLSTE\" \/>\n<meta property=\"og:description\" content=\"Wellste Aluminium is one of the largest Aluminum profile and Aluminum Extrusion factories in China that provides quality of the aluminum profiles with ISO Standard.\" \/>\n<meta property=\"og:url\" content=\"https:\/\/www.wellste.com\/de\/aluminium-profiles-manufacturer-china\/\" \/>\n<meta property=\"og:site_name\" content=\"WELLSTE\" \/>\n<meta property=\"article:modified_time\" content=\"2021-01-13T13:37:51+00:00\" \/>\n<meta property=\"og:image\" content=\"https:\/\/www.wellste.com\/wp-content\/uploads\/2019\/02\/aluminum-profile-application.jpg\" \/>\n<meta name=\"twitter:card\" content=\"summary_large_image\" \/>\n<meta name=\"twitter:label1\" content=\"Gesch\u00e4tzte Lesezeit\" \/>\n\t<meta name=\"twitter:data1\" content=\"1\u00a0Minute\" \/>\n<script type=\"application\/ld+json\" class=\"yoast-schema-graph\">{\"@context\":\"https:\\\/\\\/schema.org\",\"@graph\":[{\"@type\":\"WebPage\",\"@id\":\"https:\\\/\\\/www.wellste.com\\\/aluminium-profiles-manufacturer-china\\\/\",\"url\":\"https:\\\/\\\/www.wellste.com\\\/aluminium-profiles-manufacturer-china\\\/\",\"name\":\"Aluminium Profiles Manufacturer China - WELLSTE\",\"isPartOf\":{\"@id\":\"https:\\\/\\\/www.wellste.com\\\/#website\"},\"datePublished\":\"2019-02-27T22:03:35+00:00\",\"dateModified\":\"2021-01-13T13:37:51+00:00\",\"description\":\"Wellste Aluminium is one of the largest Aluminum profile and Aluminum Extrusion factories in China that provides quality of the aluminum profiles with ISO Standard.\",\"breadcrumb\":{\"@id\":\"https:\\\/\\\/www.wellste.com\\\/aluminium-profiles-manufacturer-china\\\/#breadcrumb\"},\"inLanguage\":\"de\",\"potentialAction\":[{\"@type\":\"ReadAction\",\"target\":[\"https:\\\/\\\/www.wellste.com\\\/aluminium-profiles-manufacturer-china\\\/\"]}]},{\"@type\":\"BreadcrumbList\",\"@id\":\"https:\\\/\\\/www.wellste.com\\\/aluminium-profiles-manufacturer-china\\\/#breadcrumb\",\"itemListElement\":[{\"@type\":\"ListItem\",\"position\":1,\"name\":\"Home\",\"item\":\"https:\\\/\\\/www.wellste.com\\\/\"},{\"@type\":\"ListItem\",\"position\":2,\"name\":\"Aluminium Profiles Manufacturer China\"}]},{\"@type\":\"WebSite\",\"@id\":\"https:\\\/\\\/www.wellste.com\\\/#website\",\"url\":\"https:\\\/\\\/www.wellste.com\\\/\",\"name\":\"WELLSTE\",\"description\":\"\",\"publisher\":{\"@id\":\"https:\\\/\\\/www.wellste.com\\\/#organization\"},\"potentialAction\":[{\"@type\":\"SearchAction\",\"target\":{\"@type\":\"EntryPoint\",\"urlTemplate\":\"https:\\\/\\\/www.wellste.com\\\/?s={search_term_string}\"},\"query-input\":{\"@type\":\"PropertyValueSpecification\",\"valueRequired\":true,\"valueName\":\"search_term_string\"}}],\"inLanguage\":\"de\"},{\"@type\":\"Organization\",\"@id\":\"https:\\\/\\\/www.wellste.com\\\/#organization\",\"name\":\"WELLSTE\",\"url\":\"https:\\\/\\\/www.wellste.com\\\/\",\"logo\":{\"@type\":\"ImageObject\",\"inLanguage\":\"de\",\"@id\":\"https:\\\/\\\/www.wellste.com\\\/#\\\/schema\\\/logo\\\/image\\\/\",\"url\":\"https:\\\/\\\/www.wellste.com\\\/wp-content\\\/uploads\\\/2019\\\/04\\\/wellste-new-logo.png\",\"contentUrl\":\"https:\\\/\\\/www.wellste.com\\\/wp-content\\\/uploads\\\/2019\\\/04\\\/wellste-new-logo.png\",\"width\":207,\"height\":67,\"caption\":\"WELLSTE\"},\"image\":{\"@id\":\"https:\\\/\\\/www.wellste.com\\\/#\\\/schema\\\/logo\\\/image\\\/\"}}]}<\/script>\n<!-- \/ Yoast SEO plugin. -->","yoast_head_json":{"title":"Hersteller von Aluminiumprofilen China - WELLSTE","description":"Wellste Aluminium ist eine der gr\u00f6\u00dften Fabriken f\u00fcr Aluminiumprofile und Aluminiumextrusionen in China und bietet Aluminiumprofile in ISO-Qualit\u00e4t.","robots":{"index":"index","follow":"follow","max-snippet":"max-snippet:-1","max-image-preview":"max-image-preview:large","max-video-preview":"max-video-preview:-1"},"canonical":"https:\/\/www.wellste.com\/de\/aluminium-profiles-manufacturer-china\/","og_locale":"de_DE","og_type":"article","og_title":"Aluminium Profiles Manufacturer China - WELLSTE","og_description":"Wellste Aluminium is one of the largest Aluminum profile and Aluminum Extrusion factories in China that provides quality of the aluminum profiles with ISO Standard.","og_url":"https:\/\/www.wellste.com\/de\/aluminium-profiles-manufacturer-china\/","og_site_name":"WELLSTE","article_modified_time":"2021-01-13T13:37:51+00:00","og_image":[{"url":"https:\/\/www.wellste.com\/wp-content\/uploads\/2019\/02\/aluminum-profile-application.jpg","type":"","width":"","height":""}],"twitter_card":"summary_large_image","twitter_misc":{"Gesch\u00e4tzte Lesezeit":"1\u00a0Minute"},"schema":{"@context":"https:\/\/schema.org","@graph":[{"@type":"WebPage","@id":"https:\/\/www.wellste.com\/aluminium-profiles-manufacturer-china\/","url":"https:\/\/www.wellste.com\/aluminium-profiles-manufacturer-china\/","name":"Hersteller von Aluminiumprofilen China - WELLSTE","isPartOf":{"@id":"https:\/\/www.wellste.com\/#website"},"datePublished":"2019-02-27T22:03:35+00:00","dateModified":"2021-01-13T13:37:51+00:00","description":"Wellste Aluminium ist eine der gr\u00f6\u00dften Fabriken f\u00fcr Aluminiumprofile und Aluminiumextrusionen in China und bietet Aluminiumprofile in ISO-Qualit\u00e4t.","breadcrumb":{"@id":"https:\/\/www.wellste.com\/aluminium-profiles-manufacturer-china\/#breadcrumb"},"inLanguage":"de","potentialAction":[{"@type":"ReadAction","target":["https:\/\/www.wellste.com\/aluminium-profiles-manufacturer-china\/"]}]},{"@type":"BreadcrumbList","@id":"https:\/\/www.wellste.com\/aluminium-profiles-manufacturer-china\/#breadcrumb","itemListElement":[{"@type":"ListItem","position":1,"name":"Home","item":"https:\/\/www.wellste.com\/"},{"@type":"ListItem","position":2,"name":"Aluminium Profiles Manufacturer China"}]},{"@type":"WebSite","@id":"https:\/\/www.wellste.com\/#website","url":"https:\/\/www.wellste.com\/","name":"WELLSTE","description":"","publisher":{"@id":"https:\/\/www.wellste.com\/#organization"},"potentialAction":[{"@type":"SearchAction","target":{"@type":"EntryPoint","urlTemplate":"https:\/\/www.wellste.com\/?s={search_term_string}"},"query-input":{"@type":"PropertyValueSpecification","valueRequired":true,"valueName":"search_term_string"}}],"inLanguage":"de"},{"@type":"Organization","@id":"https:\/\/www.wellste.com\/#organization","name":"WELLSTE","url":"https:\/\/www.wellste.com\/","logo":{"@type":"ImageObject","inLanguage":"de","@id":"https:\/\/www.wellste.com\/#\/schema\/logo\/image\/","url":"https:\/\/www.wellste.com\/wp-content\/uploads\/2019\/04\/wellste-new-logo.png","contentUrl":"https:\/\/www.wellste.com\/wp-content\/uploads\/2019\/04\/wellste-new-logo.png","width":207,"height":67,"caption":"WELLSTE"},"image":{"@id":"https:\/\/www.wellste.com\/#\/schema\/logo\/image\/"}}]}},"_links":{"self":[{"href":"https:\/\/www.wellste.com\/de\/wp-json\/wp\/v2\/pages\/289","targetHints":{"allow":["GET"]}}],"collection":[{"href":"https:\/\/www.wellste.com\/de\/wp-json\/wp\/v2\/pages"}],"about":[{"href":"https:\/\/www.wellste.com\/de\/wp-json\/wp\/v2\/types\/page"}],"author":[{"embeddable":true,"href":"https:\/\/www.wellste.com\/de\/wp-json\/wp\/v2\/users\/1"}],"replies":[{"embeddable":true,"href":"https:\/\/www.wellste.com\/de\/wp-json\/wp\/v2\/comments?post=289"}],"version-history":[{"count":0,"href":"https:\/\/www.wellste.com\/de\/wp-json\/wp\/v2\/pages\/289\/revisions"}],"wp:attachment":[{"href":"https:\/\/www.wellste.com\/de\/wp-json\/wp\/v2\/media?parent=289"}],"curies":[{"name":"wp","href":"https:\/\/api.w.org\/{rel}","templated":true}]}}