{"id":20,"date":"2018-12-17T17:21:03","date_gmt":"2018-12-17T17:21:03","guid":{"rendered":"http:\/\/wellste.digitalpixels.co\/?page_id=20"},"modified":"2021-01-04T03:31:35","modified_gmt":"2021-01-04T03:31:35","slug":"about","status":"publish","type":"page","link":"https:\/\/www.wellste.com\/de\/about\/","title":{"rendered":"Um"},"content":{"rendered":"<div class=\"aboutBanner innerPageBanner\">\n<div class=\"container\">\n<div class=\"row cust-row\">\n<div class=\"col-sm-8 col-md-6 col-lg-5\">\n<div class=\"displayTable\">\n<div class=\"bannerBox\">\n<h1 class=\"bannerHeading margin0\">\u00dcber Wellste<\/h1>\n<div class=\"bannerSubHeading paddTop20 paddBottom20\">Ihr professioneller Hersteller und Lieferant von Aluminium-Strangpressprofilen, der Forschung, Design und Produktion in China integriert.<\/div>\n<div><a href=\"#contactPopUpForm\" class=\"fancybox-inline commonBtn orangeBtn bannerBtn\">Kontaktieren Sie jetzt unser Support-Team<\/a><\/div>\n<\/div>\n<\/div>\n<\/div>\n<\/div>\n<\/div>\n<\/div>\n<div class=\"aboutSection1 paddTop60 paddBottom60\">\n<div class=\"container\">\n<div class=\"row cust-row\">\n<div class=\"col-sm-12\">\n<h2>\u00dcber Wellste<\/h2>\n<p>Wellste ist ein nach ISO9001-2001 zertifiziertes unabh\u00e4ngiges Unternehmen <a href=\"https:\/\/www.wellste.com\/de\/aluminum-extrusions\/\" target=\"_blank\" rel=\"noopener\">Aluminium-Strangpressprofil<\/a> Hersteller, der Forschung, Design, Produktion und Marketing von Aluminium-Extrusion und integriert <a href=\"https:\/\/www.wellste.com\/de\/aluminium-profiles\/\" target=\"_blank\" rel=\"noopener\">Aluminiumprofil<\/a>.<\/p>\n<p>Wellste produziert haupts\u00e4chlich <a href=\"https:\/\/www.wellste.com\/de\/\" target=\"_blank\" rel=\"noopener\">kundenspezifische Aluminium-Strangpressprofile<\/a>, Standard-Strukturprofile aus stranggepresstem Aluminium, <a href=\"https:\/\/www.wellste.com\/de\/extruded-aluminum-tube\/\" target=\"_blank\" rel=\"noopener\">Aluminiumrohre<\/a>, <a href=\"https:\/\/www.wellste.com\/de\/aluminium-profiles-for-windows-doors\/\" target=\"_blank\" rel=\"noopener\">Aluminium-Fenstert\u00fcrprofile<\/a>, Fassadenprofile,<a href=\"https:\/\/www.wellste.com\/de\/extruded-heat-sink\/\" target=\"_blank\" rel=\"noopener\"> Aluminium-K\u00fchlk\u00f6rperprofile<\/a>und PV-Solar-Montagesysteme, <a href=\"https:\/\/www.wellste.com\/de\/t-slot-aluminum-extrusion\/\" target=\"_blank\" rel=\"noopener\">Aluminium-T-Nut-Rahmen<\/a> usw.<\/p>\n<p>Wir wickeln den gesamten Produktionsprozess von der Extrusion bis zur Auslieferung unter einem Dach ab. Wir bieten umfassende L\u00f6sungen in Design und Engineering, Extrusion, Oberfl\u00e4chenveredelung und termingerechter Lieferung.<\/p>\n<p>Mit einer j\u00e4hrlichen Produktionskapazit\u00e4t von 100.000 Tonnen und den Zertifizierungen ISO9001 und ISO14001 k\u00f6nnen sich die Kunden auf Zuverl\u00e4ssigkeit und Qualit\u00e4t verlassen.<\/p>\n<p>Dank unserer \u00fcber 20-j\u00e4hrigen Erfahrung in der Aluminium-Extrusionsbranche sind wir in der Lage, Produktzeichnungen genau zu analysieren und alle Arten von Problemen, die w\u00e4hrend der Produktion auftreten, ruhig zu l\u00f6sen. Auf diese Weise k\u00f6nnen wir die Qualit\u00e4t des Produkts garantieren und ein hohes Ma\u00df an Kundenzufriedenheit sicherstellen.<\/p>\n<p>Vielen Dank, dass Sie uns als Ihren Herstellerpartner gew\u00e4hlt haben. Wir freuen uns auf die Zusammenarbeit mit Ihnen im Bereich Aluminiumprofile.<\/p>\n<div><a href=\"#contactPopUpForm\" class=\"fancybox-inline commonBtn orangeBtn smallBtn\">Kontaktieren Sie jetzt das Wellste-Team<\/a><\/div>\n<\/div>\n<\/div>\n<\/div>\n<\/div>\n<div class=\"contactBar orangeSection paddTop30 paddBottom25\">\n<div class=\"container\">\n<div class=\"row cust-row\">\n<div class=\"col-sm-12 col-md-8 col-lg-9\">\n<h3 class=\"contactBarLine1 margin0 paddBottom5 clrWhite fw400\">Wir unterst\u00fctzen Ihr Unternehmen und senken Ihre Kosten<\/h3>\n<div class=\"contactBarLine2 clrWhite\">Wellste kann Ihre Aluminium-Strangpressprofile individuell anpassen und auch Ihre eigenen Produkte entwerfen, selbst wenn es nur Ideen sind.<\/div>\n<\/div>\n<div class=\"col-sm-12 col-md-4 col-lg-3 contactBarBtn\">\n<div class=\"paddTop15\"><a href=\"#contactPopUpForm\" class=\"fancybox-inline commonBtn transparentBtn\">Kontaktieren Sie uns<\/a><\/div>\n<\/div>\n<\/div>\n<\/div>\n<\/div>\n<div class=\"cVideoSection paddTop60\">\n<div class=\"container\">\n<div class=\"row cust-row\">\n<div class=\"col-sm-12\">\n<div class=\"ast-oembed-container\" style=\"height: 100%;\"><iframe title=\"Wellste Aluminium\" width=\"500\" height=\"281\" src=\"https:\/\/www.youtube.com\/embed\/q_wbZ4YptlY?feature=oembed\" frameborder=\"0\" allow=\"accelerometer; autoplay; clipboard-write; encrypted-media; gyroscope; picture-in-picture; web-share\" referrerpolicy=\"strict-origin-when-cross-origin\" allowfullscreen><\/iframe><\/div>\n<\/div>\n<div class=\"col-sm-12 paddTop70 text-center\"><a href=\"#contactPopUpForm\" class=\"fancybox-inline commonBtn orangeBtn largeBtn\">Blick auf Wellste<\/a><\/div>\n<\/div>\n<\/div>\n<\/div>\n<section id=\"ability\" class=\"paddTop60 paddBottom55\">\n<div class=\"container\">\n<div class=\"row cust-row text-center\">\n<div class=\"col-sm-6 col-md-3 paddTop30\">\n<div class=\"abilityBox hoverImg\">\n<div><img decoding=\"async\" class=\"img-responsive\" src=\"\/wp-content\/uploads\/2018\/12\/Extruded-Shop.jpg\" alt=\"Extrudierter Shop\" \/><\/div>\n<div class=\"cTitle clrWhite fw700 displayFlex\">Extrudierter Shop<\/div>\n<\/div>\n<\/div>\n<div class=\"col-sm-6 col-md-3 paddTop30\">\n<div class=\"abilityBox hoverImg\">\n<div><img decoding=\"async\" class=\"img-responsive\" src=\"\/wp-content\/uploads\/2018\/12\/Production-Inspection.jpg\" alt=\"Produktionsinspektion\" \/><\/div>\n<div class=\"cTitle clrWhite fw700 displayFlex\">Produktionsinspektion<\/div>\n<\/div>\n<\/div>\n<div class=\"col-sm-6 col-md-3 paddTop30\">\n<div class=\"abilityBox hoverImg\">\n<div><img decoding=\"async\" class=\"img-responsive\" src=\"\/wp-content\/uploads\/2018\/12\/Support-Service.jpg\" alt=\"Kundendienst\" \/><\/div>\n<div class=\"cTitle clrWhite fw700 displayFlex\">Support-Team<\/div>\n<\/div>\n<\/div>\n<div class=\"col-sm-6 col-md-3 paddTop30\">\n<div class=\"abilityBox hoverImg\">\n<div><img decoding=\"async\" class=\"img-responsive\" src=\"\/wp-content\/uploads\/2018\/12\/inhouse-laboratory.jpg\" alt=\"Eigenes Labor\" \/><\/div>\n<div class=\"cTitle clrWhite fw700 displayFlex\">Eigenes Labor<\/div>\n<\/div>\n<\/div>\n<\/div>\n<\/div>\n<\/section>\n<div class=\"wideContactForm greySectionF2 paddTop75 paddBottom80\">\n<div class=\"container\">\n<div class=\"row cust-row\">\n<div class=\"col-sm-12 text-center paddBottom15\">\n<h2>Werden Sie Partner von Wellste Boom Your Business<\/h2>\n<\/div>\n<div id=\"custom_html-5\" class=\"widget_text widget-container widget_custom_html\"><div class=\"textwidget custom-html-widget\"><form class=\"form contactForm\" name=\"form1\" enctype=\"multipart\/form-data\" method=\"post\" action=\"https:\/\/hanru.wufoo.com\/forms\/z1m6zlo80trortm\/#public\">\r\n<div class=\"col-sm-6\">\r\n<input type=\"text\" name=\"Field1\" value=\"\" placeholder=\"Name*\" required \/>\r\n<\/div>\r\n<div class=\"col-sm-6\">\r\n<input type=\"email\" name=\"Field2\" value=\"\" placeholder=\"E-Mail*\" required \/>\r\n<\/div>\r\n<div class=\"col-sm-6\">\r\n<input type=\"text\" name=\"Field11\" value=\"\" placeholder=\"Telefon*\" required \/>\r\n<\/div>\r\n<div class=\"col-sm-6\">\r\n<input type=\"text\" name=\"Field12\" value=\"\" placeholder=\"Land*\" required \/>\r\n<\/div>\r\n<div class=\"col-sm-12\">\r\n<textarea name=\"Field3\" placeholder=\"Ihre Anforderungen*\" required><\/textarea>\r\n<\/div>\r\n<div class=\"col-sm-12\">\r\n<div class=\"wufooLabel\">Anhang<\/div>\r\n<div><input name=\"Field7\" type=\"file\" data-file-max-size=\"5\"\/><\/div>\r\n<\/div>\r\n<div class=\"col-sm-12 text-center paddTop15\">\r\n<div class=\"hidden\"><input name=\"Field4\" type=\"text\" value=\"http:\/\/www.wellste.com\/de\/wp-json\/wp\/v2\/pages\/20\"\/><\/div>\r\n<div class=\"hidden\"><input name=\"Field9\" type=\"text\" value=\"\"\/><\/div>\r\n<input type=\"submit\" name=\"saveForm\" value=\"Senden Sie Ihre Anforderung\" class=\"commonBtn orangeBtn smallBtn\"\/>\r\n<\/div>\r\n<div class=\"hidden\">\r\n<textarea name=\"comment\" id=\"comment\" rows=\"1\" cols=\"1\"><\/textarea>\r\n<input type=\"hidden\" id=\"idstamp\" name=\"idstamp\" value=\"Z+90TgH3t73yQ9zFrkvuprkJigsN1FnAhce\/4bcQsxg=\" \/>\r\n<input type=\"hidden\" id=\"encryptedPassword\" name=\"encryptedPassword\" value=\"\" \/>\r\n<\/div>\r\n<div class=\"clearfix\"><\/div>\r\n<\/form><\/div><\/div><\/div>\n<\/div>\n<\/div>","protected":false},"excerpt":{"rendered":"<p>About Wellste Your Professional Aluminum Extrusion Manufacturer and Supplier\u00a0that integrates Research, Design, Production in China. Contact Our Support Team Now About Wellste Wellste is an ISO9001-2001 certified independent aluminium extruison Profile manufacturer that integrates Research, Design, Production, and marketing of aluminium extrusion and aluminum Profile. Wellste mainly Produce customized aluminium extrusions, standard structural extruded aluminum [&hellip;]<\/p>\n","protected":false},"author":1,"featured_media":0,"parent":0,"menu_order":5,"comment_status":"closed","ping_status":"closed","template":"","meta":{"_acf_changed":false,"site-sidebar-layout":"no-sidebar","site-content-layout":"page-builder","ast-site-content-layout":"default","site-content-style":"default","site-sidebar-style":"default","ast-global-header-display":"","ast-banner-title-visibility":"","ast-main-header-display":"","ast-hfb-above-header-display":"","ast-hfb-below-header-display":"","ast-hfb-mobile-header-display":"","site-post-title":"disabled","ast-breadcrumbs-content":"disabled","ast-featured-img":"disabled","footer-sml-layout":"","ast-disable-related-posts":"","theme-transparent-header-meta":"default","adv-header-id-meta":"","stick-header-meta":"default","header-above-stick-meta":"","header-main-stick-meta":"","header-below-stick-meta":"","astra-migrate-meta-layouts":"default","ast-page-background-enabled":"default","ast-page-background-meta":{"desktop":{"background-color":"","background-image":"","background-repeat":"repeat","background-position":"center center","background-size":"auto","background-attachment":"scroll","background-type":"","background-media":"","overlay-type":"","overlay-color":"","overlay-opacity":"","overlay-gradient":""},"tablet":{"background-color":"","background-image":"","background-repeat":"repeat","background-position":"center center","background-size":"auto","background-attachment":"scroll","background-type":"","background-media":"","overlay-type":"","overlay-color":"","overlay-opacity":"","overlay-gradient":""},"mobile":{"background-color":"","background-image":"","background-repeat":"repeat","background-position":"center center","background-size":"auto","background-attachment":"scroll","background-type":"","background-media":"","overlay-type":"","overlay-color":"","overlay-opacity":"","overlay-gradient":""}},"ast-content-background-meta":{"desktop":{"background-color":"var(--ast-global-color-5)","background-image":"","background-repeat":"repeat","background-position":"center center","background-size":"auto","background-attachment":"scroll","background-type":"","background-media":"","overlay-type":"","overlay-color":"","overlay-opacity":"","overlay-gradient":""},"tablet":{"background-color":"var(--ast-global-color-5)","background-image":"","background-repeat":"repeat","background-position":"center center","background-size":"auto","background-attachment":"scroll","background-type":"","background-media":"","overlay-type":"","overlay-color":"","overlay-opacity":"","overlay-gradient":""},"mobile":{"background-color":"var(--ast-global-color-5)","background-image":"","background-repeat":"repeat","background-position":"center center","background-size":"auto","background-attachment":"scroll","background-type":"","background-media":"","overlay-type":"","overlay-color":"","overlay-opacity":"","overlay-gradient":""}},"footnotes":""},"class_list":["post-20","page","type-page","status-publish","hentry"],"acf":[],"yoast_head":"<!-- This site is optimized with the Yoast SEO plugin v27.4 - https:\/\/yoast.com\/product\/yoast-seo-wordpress\/ -->\n<title>Aluminum Extrusion Profiles Supplier | Wellste Aluminum China<\/title>\n<meta name=\"description\" content=\"Wellste Aluminum is your premier aluminum extrusions manufacturer and Supplier from China, Any shape of extruded aluminum profiles are available.\" \/>\n<meta name=\"robots\" content=\"index, follow, max-snippet:-1, max-image-preview:large, max-video-preview:-1\" \/>\n<link rel=\"canonical\" href=\"https:\/\/www.wellste.com\/de\/about\/\" \/>\n<meta property=\"og:locale\" content=\"de_DE\" \/>\n<meta property=\"og:type\" content=\"article\" \/>\n<meta property=\"og:title\" content=\"Aluminum Extrusion Profiles Supplier | Wellste Aluminum China\" \/>\n<meta property=\"og:description\" content=\"Wellste Aluminum is your premier aluminum extrusions manufacturer and Supplier from China, Any shape of extruded aluminum profiles are available.\" \/>\n<meta property=\"og:url\" content=\"https:\/\/www.wellste.com\/de\/about\/\" \/>\n<meta property=\"og:site_name\" content=\"WELLSTE\" \/>\n<meta property=\"article:modified_time\" content=\"2021-01-04T03:31:35+00:00\" \/>\n<meta property=\"og:image\" content=\"https:\/\/www.wellste.com\/wp-content\/uploads\/2018\/12\/Extruded-Shop.jpg\" \/>\n<meta name=\"twitter:card\" content=\"summary_large_image\" \/>\n<meta name=\"twitter:label1\" content=\"Gesch\u00e4tzte Lesezeit\" \/>\n\t<meta name=\"twitter:data1\" content=\"1\u00a0Minute\" \/>\n<script type=\"application\/ld+json\" class=\"yoast-schema-graph\">{\"@context\":\"https:\\\/\\\/schema.org\",\"@graph\":[{\"@type\":\"WebPage\",\"@id\":\"https:\\\/\\\/www.wellste.com\\\/about\\\/\",\"url\":\"https:\\\/\\\/www.wellste.com\\\/about\\\/\",\"name\":\"Aluminum Extrusion Profiles Supplier | Wellste Aluminum China\",\"isPartOf\":{\"@id\":\"https:\\\/\\\/www.wellste.com\\\/#website\"},\"datePublished\":\"2018-12-17T17:21:03+00:00\",\"dateModified\":\"2021-01-04T03:31:35+00:00\",\"description\":\"Wellste Aluminum is your premier aluminum extrusions manufacturer and Supplier from China, Any shape of extruded aluminum profiles are available.\",\"breadcrumb\":{\"@id\":\"https:\\\/\\\/www.wellste.com\\\/about\\\/#breadcrumb\"},\"inLanguage\":\"de\",\"potentialAction\":[{\"@type\":\"ReadAction\",\"target\":[\"https:\\\/\\\/www.wellste.com\\\/about\\\/\"]}]},{\"@type\":\"BreadcrumbList\",\"@id\":\"https:\\\/\\\/www.wellste.com\\\/about\\\/#breadcrumb\",\"itemListElement\":[{\"@type\":\"ListItem\",\"position\":1,\"name\":\"Home\",\"item\":\"https:\\\/\\\/www.wellste.com\\\/\"},{\"@type\":\"ListItem\",\"position\":2,\"name\":\"About\"}]},{\"@type\":\"WebSite\",\"@id\":\"https:\\\/\\\/www.wellste.com\\\/#website\",\"url\":\"https:\\\/\\\/www.wellste.com\\\/\",\"name\":\"WELLSTE\",\"description\":\"\",\"publisher\":{\"@id\":\"https:\\\/\\\/www.wellste.com\\\/#organization\"},\"potentialAction\":[{\"@type\":\"SearchAction\",\"target\":{\"@type\":\"EntryPoint\",\"urlTemplate\":\"https:\\\/\\\/www.wellste.com\\\/?s={search_term_string}\"},\"query-input\":{\"@type\":\"PropertyValueSpecification\",\"valueRequired\":true,\"valueName\":\"search_term_string\"}}],\"inLanguage\":\"de\"},{\"@type\":\"Organization\",\"@id\":\"https:\\\/\\\/www.wellste.com\\\/#organization\",\"name\":\"WELLSTE\",\"url\":\"https:\\\/\\\/www.wellste.com\\\/\",\"logo\":{\"@type\":\"ImageObject\",\"inLanguage\":\"de\",\"@id\":\"https:\\\/\\\/www.wellste.com\\\/#\\\/schema\\\/logo\\\/image\\\/\",\"url\":\"https:\\\/\\\/www.wellste.com\\\/wp-content\\\/uploads\\\/2019\\\/04\\\/wellste-new-logo.png\",\"contentUrl\":\"https:\\\/\\\/www.wellste.com\\\/wp-content\\\/uploads\\\/2019\\\/04\\\/wellste-new-logo.png\",\"width\":207,\"height\":67,\"caption\":\"WELLSTE\"},\"image\":{\"@id\":\"https:\\\/\\\/www.wellste.com\\\/#\\\/schema\\\/logo\\\/image\\\/\"}}]}<\/script>\n<!-- \/ Yoast SEO plugin. -->","yoast_head_json":{"title":"Lieferant von Aluminium-Extrusionsprofilen | Wellste Aluminium China","description":"Wellste Aluminum ist Ihr f\u00fchrender Hersteller und Lieferant von Aluminium-Strangpressprofilen aus China. Stranggepresste Aluminiumprofile sind in allen Formen erh\u00e4ltlich.","robots":{"index":"index","follow":"follow","max-snippet":"max-snippet:-1","max-image-preview":"max-image-preview:large","max-video-preview":"max-video-preview:-1"},"canonical":"https:\/\/www.wellste.com\/de\/about\/","og_locale":"de_DE","og_type":"article","og_title":"Aluminum Extrusion Profiles Supplier | Wellste Aluminum China","og_description":"Wellste Aluminum is your premier aluminum extrusions manufacturer and Supplier from China, Any shape of extruded aluminum profiles are available.","og_url":"https:\/\/www.wellste.com\/de\/about\/","og_site_name":"WELLSTE","article_modified_time":"2021-01-04T03:31:35+00:00","og_image":[{"url":"https:\/\/www.wellste.com\/wp-content\/uploads\/2018\/12\/Extruded-Shop.jpg","type":"","width":"","height":""}],"twitter_card":"summary_large_image","twitter_misc":{"Gesch\u00e4tzte Lesezeit":"1\u00a0Minute"},"schema":{"@context":"https:\/\/schema.org","@graph":[{"@type":"WebPage","@id":"https:\/\/www.wellste.com\/about\/","url":"https:\/\/www.wellste.com\/about\/","name":"Lieferant von Aluminium-Extrusionsprofilen | Wellste Aluminium China","isPartOf":{"@id":"https:\/\/www.wellste.com\/#website"},"datePublished":"2018-12-17T17:21:03+00:00","dateModified":"2021-01-04T03:31:35+00:00","description":"Wellste Aluminum ist Ihr f\u00fchrender Hersteller und Lieferant von Aluminium-Strangpressprofilen aus China. Stranggepresste Aluminiumprofile sind in allen Formen erh\u00e4ltlich.","breadcrumb":{"@id":"https:\/\/www.wellste.com\/about\/#breadcrumb"},"inLanguage":"de","potentialAction":[{"@type":"ReadAction","target":["https:\/\/www.wellste.com\/about\/"]}]},{"@type":"BreadcrumbList","@id":"https:\/\/www.wellste.com\/about\/#breadcrumb","itemListElement":[{"@type":"ListItem","position":1,"name":"Home","item":"https:\/\/www.wellste.com\/"},{"@type":"ListItem","position":2,"name":"About"}]},{"@type":"WebSite","@id":"https:\/\/www.wellste.com\/#website","url":"https:\/\/www.wellste.com\/","name":"WELLSTE","description":"","publisher":{"@id":"https:\/\/www.wellste.com\/#organization"},"potentialAction":[{"@type":"SearchAction","target":{"@type":"EntryPoint","urlTemplate":"https:\/\/www.wellste.com\/?s={search_term_string}"},"query-input":{"@type":"PropertyValueSpecification","valueRequired":true,"valueName":"search_term_string"}}],"inLanguage":"de"},{"@type":"Organization","@id":"https:\/\/www.wellste.com\/#organization","name":"WELLSTE","url":"https:\/\/www.wellste.com\/","logo":{"@type":"ImageObject","inLanguage":"de","@id":"https:\/\/www.wellste.com\/#\/schema\/logo\/image\/","url":"https:\/\/www.wellste.com\/wp-content\/uploads\/2019\/04\/wellste-new-logo.png","contentUrl":"https:\/\/www.wellste.com\/wp-content\/uploads\/2019\/04\/wellste-new-logo.png","width":207,"height":67,"caption":"WELLSTE"},"image":{"@id":"https:\/\/www.wellste.com\/#\/schema\/logo\/image\/"}}]}},"_links":{"self":[{"href":"https:\/\/www.wellste.com\/de\/wp-json\/wp\/v2\/pages\/20","targetHints":{"allow":["GET"]}}],"collection":[{"href":"https:\/\/www.wellste.com\/de\/wp-json\/wp\/v2\/pages"}],"about":[{"href":"https:\/\/www.wellste.com\/de\/wp-json\/wp\/v2\/types\/page"}],"author":[{"embeddable":true,"href":"https:\/\/www.wellste.com\/de\/wp-json\/wp\/v2\/users\/1"}],"replies":[{"embeddable":true,"href":"https:\/\/www.wellste.com\/de\/wp-json\/wp\/v2\/comments?post=20"}],"version-history":[{"count":0,"href":"https:\/\/www.wellste.com\/de\/wp-json\/wp\/v2\/pages\/20\/revisions"}],"wp:attachment":[{"href":"https:\/\/www.wellste.com\/de\/wp-json\/wp\/v2\/media?parent=20"}],"curies":[{"name":"wp","href":"https:\/\/api.w.org\/{rel}","templated":true}]}}