{"id":13666,"date":"2023-11-17T17:16:04","date_gmt":"2023-11-17T17:16:04","guid":{"rendered":"https:\/\/www.wellste.com\/?page_id=13666"},"modified":"2026-01-23T08:16:15","modified_gmt":"2026-01-23T08:16:15","slug":"blog","status":"publish","type":"page","link":"https:\/\/www.wellste.com\/de\/blog\/","title":{"rendered":"Der Blog"},"content":{"rendered":"<div data-elementor-type=\"wp-page\" data-elementor-id=\"13666\" class=\"elementor elementor-13666\" data-elementor-post-type=\"page\">\n\t\t\t\t<div class=\"elementor-element elementor-element-e5f5b6e e-flex e-con-boxed e-con e-parent\" data-id=\"e5f5b6e\" data-element_type=\"container\" data-e-type=\"container\" data-settings=\"{&quot;background_background&quot;:&quot;classic&quot;}\">\n\t\t\t\t\t<div class=\"e-con-inner\">\n\t\t\t\t<div class=\"elementor-element elementor-element-201ff2d elementor-widget elementor-widget-heading\" data-id=\"201ff2d\" data-element_type=\"widget\" data-e-type=\"widget\" data-widget_type=\"heading.default\">\n\t\t\t\t<div class=\"elementor-widget-container\">\n\t\t\t\t\t<h1 class=\"elementor-heading-title elementor-size-default\">Der Blog<\/h1>\t\t\t\t<\/div>\n\t\t\t\t<\/div>\n\t\t\t\t<div class=\"elementor-element elementor-element-ef0b96f elementor-widget elementor-widget-text-editor\" data-id=\"ef0b96f\" data-element_type=\"widget\" data-e-type=\"widget\" data-widget_type=\"text-editor.default\">\n\t\t\t\t<div class=\"elementor-widget-container\">\n\t\t\t\t\t\t\t\t\t<p>Teilen Sie industrielle Qualit\u00e4tsstandards, Tipps, Ressourcen usw. zum Aluminium-Extrudieren.<\/p>\t\t\t\t\t\t\t\t<\/div>\n\t\t\t\t<\/div>\n\t\t\t\t\t<\/div>\n\t\t\t\t<\/div>\n\t\t<div class=\"elementor-element elementor-element-401adb9 e-flex e-con-boxed e-con e-parent\" data-id=\"401adb9\" data-element_type=\"container\" data-e-type=\"container\">\n\t\t\t\t\t<div class=\"e-con-inner\">\n\t\t\t\t<div class=\"elementor-element elementor-element-0baa006 elementor-grid-3 elementor-grid-tablet-2 elementor-grid-mobile-1 elementor-posts--thumbnail-top elementor-card-shadow-yes elementor-posts__hover-gradient elementor-widget elementor-widget-posts\" data-id=\"0baa006\" data-element_type=\"widget\" data-e-type=\"widget\" data-settings=\"{&quot;pagination_type&quot;:&quot;numbers_and_prev_next&quot;,&quot;cards_columns&quot;:&quot;3&quot;,&quot;cards_columns_tablet&quot;:&quot;2&quot;,&quot;cards_columns_mobile&quot;:&quot;1&quot;,&quot;cards_row_gap&quot;:{&quot;unit&quot;:&quot;px&quot;,&quot;size&quot;:35,&quot;sizes&quot;:[]},&quot;cards_row_gap_tablet&quot;:{&quot;unit&quot;:&quot;px&quot;,&quot;size&quot;:&quot;&quot;,&quot;sizes&quot;:[]},&quot;cards_row_gap_mobile&quot;:{&quot;unit&quot;:&quot;px&quot;,&quot;size&quot;:&quot;&quot;,&quot;sizes&quot;:[]}}\" data-widget_type=\"posts.cards\">\n\t\t\t\t<div class=\"elementor-widget-container\">\n\t\t\t\t\t\t\t<div class=\"elementor-posts-container elementor-posts elementor-posts--skin-cards elementor-grid\" role=\"list\">\n\t\t\t\t<article class=\"elementor-post elementor-grid-item post-23163 post type-post status-publish format-standard has-post-thumbnail hentry category-blog\" role=\"listitem\">\n\t\t\t<div class=\"elementor-post__card\">\n\t\t\t\t<a class=\"elementor-post__thumbnail__link\" href=\"https:\/\/www.wellste.com\/de\/laser-welding-vs-tig-welding\/\" tabindex=\"-1\" ><div class=\"elementor-post__thumbnail\"><img fetchpriority=\"high\" decoding=\"async\" width=\"900\" height=\"674\" src=\"https:\/\/www.wellste.com\/wp-content\/uploads\/2026\/01\/TIG-vs-Laser-Welding-2.jpg\" class=\"attachment-medium size-medium wp-image-23201\" alt=\"TIG vs Laser Welding\" srcset=\"https:\/\/www.wellste.com\/wp-content\/uploads\/2026\/01\/TIG-vs-Laser-Welding-2.jpg 900w, https:\/\/www.wellste.com\/wp-content\/uploads\/2026\/01\/TIG-vs-Laser-Welding-2-768x575.jpg 768w, https:\/\/www.wellste.com\/wp-content\/uploads\/2026\/01\/TIG-vs-Laser-Welding-2-16x12.jpg 16w\" sizes=\"(max-width: 900px) 100vw, 900px\" \/><\/div><\/a>\n\t\t\t\t<div class=\"elementor-post__badge\">Der Blog<\/div>\n\t\t\t\t<div class=\"elementor-post__text\">\n\t\t\t\t<h3 class=\"elementor-post__title\">\n\t\t\t<a href=\"https:\/\/www.wellste.com\/de\/laser-welding-vs-tig-welding\/\" >\n\t\t\t\tLaser Welding Vs TIG Welding: Which Is Better for Aluminum?\t\t\t<\/a>\n\t\t<\/h3>\n\t\t\t\t<div class=\"elementor-post__excerpt\">\n\t\t\t<p>Laser Welding vs TIG Welding: Which Is Better for Aluminum Fabrication? Aluminum is an ideal material to work with for its high strength, low weight, and natural corrosion protection. But<\/p>\n\t\t<\/div>\n\t\t\n\t\t<a class=\"elementor-post__read-more\" href=\"https:\/\/www.wellste.com\/de\/laser-welding-vs-tig-welding\/\" aria-label=\"Mehr \u00fcber Laser Welding Vs TIG Welding: Which Is Better for Aluminum?\" tabindex=\"-1\" >\n\t\t\tMehr lesen &quot;\t\t<\/a>\n\n\t\t\t\t<\/div>\n\t\t\t\t<div class=\"elementor-post__meta-data\">\n\t\t\t\t\t<span class=\"elementor-post-date\">\n\t\t\tJanuar 21, 2026\t\t<\/span>\n\t\t\t\t<span class=\"elementor-post-avatar\">\n\t\t\tKeine Kommentare\t\t<\/span>\n\t\t\t\t<\/div>\n\t\t\t\t\t<\/div>\n\t\t<\/article>\n\t\t\t\t<article class=\"elementor-post elementor-grid-item post-19494 post type-post status-publish format-standard has-post-thumbnail hentry category-blog\" role=\"listitem\">\n\t\t\t<div class=\"elementor-post__card\">\n\t\t\t\t<a class=\"elementor-post__thumbnail__link\" href=\"https:\/\/www.wellste.com\/de\/ingraphic-aluminium-windows-and-doors-maintenance-tips\/\" tabindex=\"-1\" ><div class=\"elementor-post__thumbnail\"><img decoding=\"async\" width=\"800\" height=\"450\" src=\"https:\/\/www.wellste.com\/wp-content\/uploads\/2025\/05\/image-Aluminium-Windows-and-Doors-Maintenance-Tips.jpg\" class=\"attachment-medium size-medium wp-image-23214\" alt=\"image-Aluminium-Windows-and-Doors-Maintenance-Tips\" srcset=\"https:\/\/www.wellste.com\/wp-content\/uploads\/2025\/05\/image-Aluminium-Windows-and-Doors-Maintenance-Tips.jpg 800w, https:\/\/www.wellste.com\/wp-content\/uploads\/2025\/05\/image-Aluminium-Windows-and-Doors-Maintenance-Tips-768x432.jpg 768w, https:\/\/www.wellste.com\/wp-content\/uploads\/2025\/05\/image-Aluminium-Windows-and-Doors-Maintenance-Tips-18x10.jpg 18w\" sizes=\"(max-width: 800px) 100vw, 800px\" \/><\/div><\/a>\n\t\t\t\t<div class=\"elementor-post__badge\">Der Blog<\/div>\n\t\t\t\t<div class=\"elementor-post__text\">\n\t\t\t\t<h3 class=\"elementor-post__title\">\n\t\t\t<a href=\"https:\/\/www.wellste.com\/de\/ingraphic-aluminium-windows-and-doors-maintenance-tips\/\" >\n\t\t\t\tIngraphic: Tipps zur Wartung von Aluminiumfenstern und -t\u00fcren\t\t\t<\/a>\n\t\t<\/h3>\n\t\t\t\t<div class=\"elementor-post__excerpt\">\n\t\t\t<p>Sie m\u00fcssen Ihre Aluminiumfenster und -t\u00fcren zweimal im Jahr mit sanften Methoden, wie z. B. einer weichen B\u00fcrste, reinigen, um Sch\u00e4den zu vermeiden. Zus\u00e4tzlich k\u00f6nnen Sie auch Scharniere \u00fcberpr\u00fcfen,<\/p>\n\t\t<\/div>\n\t\t\n\t\t<a class=\"elementor-post__read-more\" href=\"https:\/\/www.wellste.com\/de\/ingraphic-aluminium-windows-and-doors-maintenance-tips\/\" aria-label=\"Mehr \u00fcber Ingraphic: Wartungstipps f\u00fcr Aluminiumfenster und -t\u00fcren\" tabindex=\"-1\" >\n\t\t\tMehr lesen &quot;\t\t<\/a>\n\n\t\t\t\t<\/div>\n\t\t\t\t<div class=\"elementor-post__meta-data\">\n\t\t\t\t\t<span class=\"elementor-post-date\">\n\t\t\t15. Mai 2025\t\t<\/span>\n\t\t\t\t<span class=\"elementor-post-avatar\">\n\t\t\tKeine Kommentare\t\t<\/span>\n\t\t\t\t<\/div>\n\t\t\t\t\t<\/div>\n\t\t<\/article>\n\t\t\t\t<article class=\"elementor-post elementor-grid-item post-14435 post type-post status-publish format-standard has-post-thumbnail hentry category-blog\" role=\"listitem\">\n\t\t\t<div class=\"elementor-post__card\">\n\t\t\t\t<a class=\"elementor-post__thumbnail__link\" href=\"https:\/\/www.wellste.com\/de\/aluminum-grades-unveiled\/\" tabindex=\"-1\" ><div class=\"elementor-post__thumbnail\"><img decoding=\"async\" width=\"800\" height=\"450\" src=\"https:\/\/www.wellste.com\/wp-content\/uploads\/2023\/12\/aluminum-grades-explained-2.jpg\" class=\"attachment-medium size-medium wp-image-14384\" alt=\"Aluminiumsorten erkl\u00e4rt\" srcset=\"https:\/\/www.wellste.com\/wp-content\/uploads\/2023\/12\/aluminum-grades-explained-2.jpg 800w, https:\/\/www.wellste.com\/wp-content\/uploads\/2023\/12\/aluminum-grades-explained-2-768x432.jpg 768w\" sizes=\"(max-width: 800px) 100vw, 800px\" \/><\/div><\/a>\n\t\t\t\t<div class=\"elementor-post__badge\">Der Blog<\/div>\n\t\t\t\t<div class=\"elementor-post__text\">\n\t\t\t\t<h3 class=\"elementor-post__title\">\n\t\t\t<a href=\"https:\/\/www.wellste.com\/de\/aluminum-grades-unveiled\/\" >\n\t\t\t\tAluminiumsorten vorgestellt: So finden Sie die perfekte L\u00f6sung f\u00fcr Ihr Projekt\t\t\t<\/a>\n\t\t<\/h3>\n\t\t\t\t<div class=\"elementor-post__excerpt\">\n\t\t\t<p>Aluminium wird h\u00e4ufig in elektronischen Ger\u00e4ten wie MacBooks und Smartphone-Geh\u00e4usen sowie T\u00fcrgriffen und Metallgel\u00e4ndern eingesetzt. Wer diese Objekte schon einmal in der Hand hatte, wird feststellen, dass sie sich anders anf\u00fchlen.<\/p>\n\t\t<\/div>\n\t\t\n\t\t<a class=\"elementor-post__read-more\" href=\"https:\/\/www.wellste.com\/de\/aluminum-grades-unveiled\/\" aria-label=\"Mehr \u00fcber Aluminiumsorten enth\u00fcllt: Auswahl der perfekten L\u00f6sung f\u00fcr Ihr Projekt\" tabindex=\"-1\" >\n\t\t\tMehr lesen &quot;\t\t<\/a>\n\n\t\t\t\t<\/div>\n\t\t\t\t<div class=\"elementor-post__meta-data\">\n\t\t\t\t\t<span class=\"elementor-post-date\">\n\t\t\t8. Januar 2024\t\t<\/span>\n\t\t\t\t<span class=\"elementor-post-avatar\">\n\t\t\tKeine Kommentare\t\t<\/span>\n\t\t\t\t<\/div>\n\t\t\t\t\t<\/div>\n\t\t<\/article>\n\t\t\t\t<article class=\"elementor-post elementor-grid-item post-14164 post type-post status-publish format-standard has-post-thumbnail hentry category-blog\" role=\"listitem\">\n\t\t\t<div class=\"elementor-post__card\">\n\t\t\t\t<a class=\"elementor-post__thumbnail__link\" href=\"https:\/\/www.wellste.com\/de\/electrical-conductivity-of-aluminum\/\" tabindex=\"-1\" ><div class=\"elementor-post__thumbnail\"><img loading=\"lazy\" decoding=\"async\" width=\"800\" height=\"448\" src=\"https:\/\/www.wellste.com\/wp-content\/uploads\/2023\/12\/Aluminum-Electrical-Conductivity.jpg\" class=\"attachment-medium size-medium wp-image-14179\" alt=\"Elektrische Leitf\u00e4higkeit von Aluminium\" srcset=\"https:\/\/www.wellste.com\/wp-content\/uploads\/2023\/12\/Aluminum-Electrical-Conductivity.jpg 800w, https:\/\/www.wellste.com\/wp-content\/uploads\/2023\/12\/Aluminum-Electrical-Conductivity-768x430.jpg 768w\" sizes=\"(max-width: 800px) 100vw, 800px\" \/><\/div><\/a>\n\t\t\t\t<div class=\"elementor-post__badge\">Der Blog<\/div>\n\t\t\t\t<div class=\"elementor-post__text\">\n\t\t\t\t<h3 class=\"elementor-post__title\">\n\t\t\t<a href=\"https:\/\/www.wellste.com\/de\/electrical-conductivity-of-aluminum\/\" >\n\t\t\t\tDie elektrische Leitf\u00e4higkeit von Aluminium verstehen\t\t\t<\/a>\n\t\t<\/h3>\n\t\t\t\t<div class=\"elementor-post__excerpt\">\n\t\t\t<p>Das International Aluminum Institute (IAI) prognostiziert, dass der weltweite Bedarf an Aluminium in der Elektronikindustrie in den kommenden Jahren von 8 Millionen Tonnen auf 12 Millionen Tonnen steigen wird.<\/p>\n\t\t<\/div>\n\t\t\n\t\t<a class=\"elementor-post__read-more\" href=\"https:\/\/www.wellste.com\/de\/electrical-conductivity-of-aluminum\/\" aria-label=\"Mehr \u00fcber Die elektrische Leitf\u00e4higkeit von Aluminium verstehen\" tabindex=\"-1\" >\n\t\t\tMehr lesen &quot;\t\t<\/a>\n\n\t\t\t\t<\/div>\n\t\t\t\t<div class=\"elementor-post__meta-data\">\n\t\t\t\t\t<span class=\"elementor-post-date\">\n\t\t\t14. Dezember 2023\t\t<\/span>\n\t\t\t\t<span class=\"elementor-post-avatar\">\n\t\t\tKeine Kommentare\t\t<\/span>\n\t\t\t\t<\/div>\n\t\t\t\t\t<\/div>\n\t\t<\/article>\n\t\t\t\t<article class=\"elementor-post elementor-grid-item post-14049 post type-post status-publish format-standard has-post-thumbnail hentry category-blog\" role=\"listitem\">\n\t\t\t<div class=\"elementor-post__card\">\n\t\t\t\t<a class=\"elementor-post__thumbnail__link\" href=\"https:\/\/www.wellste.com\/de\/6061-aluminum-alloy\/\" tabindex=\"-1\" ><div class=\"elementor-post__thumbnail\"><img loading=\"lazy\" decoding=\"async\" width=\"600\" height=\"338\" src=\"https:\/\/www.wellste.com\/wp-content\/uploads\/2023\/12\/6061-aluminum-alloy.jpg\" class=\"attachment-medium size-medium wp-image-14385\" alt=\"6061 Aluminiumlegierung\" \/><\/div><\/a>\n\t\t\t\t<div class=\"elementor-post__badge\">Der Blog<\/div>\n\t\t\t\t<div class=\"elementor-post__text\">\n\t\t\t\t<h3 class=\"elementor-post__title\">\n\t\t\t<a href=\"https:\/\/www.wellste.com\/de\/6061-aluminum-alloy\/\" >\n\t\t\t\t6061 Aluminiumlegierung \u2013 Entschl\u00fcsselung von Eigenschaften und Verwendungen usw.\t\t\t<\/a>\n\t\t<\/h3>\n\t\t\t\t<div class=\"elementor-post__excerpt\">\n\t\t\t<p>6061 Aluminiumlegierung \u2013 Eigenschaften und Verwendung Die Auswahl der Legierung (Legierung ist ein Metall) f\u00fcr die spezifische Endverwendung bestimmt den Erfolg oder Misserfolg des Projekts. Alle<\/p>\n\t\t<\/div>\n\t\t\n\t\t<a class=\"elementor-post__read-more\" href=\"https:\/\/www.wellste.com\/de\/6061-aluminum-alloy\/\" aria-label=\"Mehr \u00fcber 6061 Aluminiumlegierung \u2013 Entschl\u00fcsselung von Eigenschaften und Verwendungen usw\" tabindex=\"-1\" >\n\t\t\tMehr lesen &quot;\t\t<\/a>\n\n\t\t\t\t<\/div>\n\t\t\t\t<div class=\"elementor-post__meta-data\">\n\t\t\t\t\t<span class=\"elementor-post-date\">\n\t\t\t27. November 2023\t\t<\/span>\n\t\t\t\t<span class=\"elementor-post-avatar\">\n\t\t\tKeine Kommentare\t\t<\/span>\n\t\t\t\t<\/div>\n\t\t\t\t\t<\/div>\n\t\t<\/article>\n\t\t\t\t<article class=\"elementor-post elementor-grid-item post-14034 post type-post status-publish format-standard has-post-thumbnail hentry category-blog\" role=\"listitem\">\n\t\t\t<div class=\"elementor-post__card\">\n\t\t\t\t<a class=\"elementor-post__thumbnail__link\" href=\"https:\/\/www.wellste.com\/de\/mill-finish-aluminum\/\" tabindex=\"-1\" ><div class=\"elementor-post__thumbnail\"><img loading=\"lazy\" decoding=\"async\" width=\"800\" height=\"563\" src=\"https:\/\/www.wellste.com\/wp-content\/uploads\/2023\/11\/mill-finish-aluminum-tube-1.jpg\" class=\"attachment-medium size-medium wp-image-14037\" alt=\"Aluminiumrohr mit Walzoberfl\u00e4che\" srcset=\"https:\/\/www.wellste.com\/wp-content\/uploads\/2023\/11\/mill-finish-aluminum-tube-1.jpg 800w, https:\/\/www.wellste.com\/wp-content\/uploads\/2023\/11\/mill-finish-aluminum-tube-1-768x540.jpg 768w\" sizes=\"(max-width: 800px) 100vw, 800px\" \/><\/div><\/a>\n\t\t\t\t<div class=\"elementor-post__badge\">Der Blog<\/div>\n\t\t\t\t<div class=\"elementor-post__text\">\n\t\t\t\t<h3 class=\"elementor-post__title\">\n\t\t\t<a href=\"https:\/\/www.wellste.com\/de\/mill-finish-aluminum\/\" >\n\t\t\t\tErkundung der Eigenschaften von Walzaluminium\t\t\t<\/a>\n\t\t<\/h3>\n\t\t\t\t<div class=\"elementor-post__excerpt\">\n\t\t\t<p>F\u00fcr Ingenieure und Branchenexperten scheint die Wahl der richtigen Aluminiumoberfl\u00e4che einfach zu sein. Meistens bestimmen die Anforderungen und Spezifikationen die Wahl. Aber was passiert, wenn Sie kein<\/p>\n\t\t<\/div>\n\t\t\n\t\t<a class=\"elementor-post__read-more\" href=\"https:\/\/www.wellste.com\/de\/mill-finish-aluminum\/\" aria-label=\"Mehr \u00fcber Erkundung der Eigenschaften von walzblank bearbeitetem Aluminium\" tabindex=\"-1\" >\n\t\t\tMehr lesen &quot;\t\t<\/a>\n\n\t\t\t\t<\/div>\n\t\t\t\t<div class=\"elementor-post__meta-data\">\n\t\t\t\t\t<span class=\"elementor-post-date\">\n\t\t\t27. November 2023\t\t<\/span>\n\t\t\t\t<span class=\"elementor-post-avatar\">\n\t\t\tKeine Kommentare\t\t<\/span>\n\t\t\t\t<\/div>\n\t\t\t\t\t<\/div>\n\t\t<\/article>\n\t\t\t\t<\/div>\n\t\t\n\t\t\t\t<div class=\"e-load-more-anchor\" data-page=\"1\" data-max-page=\"3\" data-next-page=\"https:\/\/www.wellste.com\/de\/wp-json\/wp\/v2\/pages\/13666\/page\/2\/\"><\/div>\n\t\t\t\t<nav class=\"elementor-pagination\" aria-label=\"Seitennummerierung\">\n\t\t\t<span class=\"page-numbers prev\">&quot; Vorherige<\/span>\n<span aria-current=\"page\" class=\"page-numbers current\"><span class=\"elementor-screen-only\">Seite<\/span>1<\/span>\n<a class=\"page-numbers\" href=\"https:\/\/www.wellste.com\/de\/wp-json\/wp\/v2\/pages\/13666\/page\/2\/\"><span class=\"elementor-screen-only\">Seite<\/span>2<\/a>\n<a class=\"page-numbers\" href=\"https:\/\/www.wellste.com\/de\/wp-json\/wp\/v2\/pages\/13666\/page\/3\/\"><span class=\"elementor-screen-only\">Seite<\/span>3<\/a>\n<a class=\"page-numbers next\" href=\"https:\/\/www.wellste.com\/de\/wp-json\/wp\/v2\/pages\/13666\/page\/2\/\">N\u00e4chste &quot;<\/a>\t\t<\/nav>\n\t\t\t\t\t\t<\/div>\n\t\t\t\t<\/div>\n\t\t\t\t\t<\/div>\n\t\t\t\t<\/div>\n\t\t\t\t<\/div>","protected":false},"excerpt":{"rendered":"<p>Blog teilen: Industrielle Qualit\u00e4tsstandards f\u00fcr Aluminium-Extrusion, Tipps, Ressourcen usw.<\/p>","protected":false},"author":1,"featured_media":0,"parent":0,"menu_order":0,"comment_status":"closed","ping_status":"closed","template":"elementor_header_footer","meta":{"_acf_changed":false,"site-sidebar-layout":"no-sidebar","site-content-layout":"page-builder","ast-site-content-layout":"full-width-container","site-content-style":"default","site-sidebar-style":"default","ast-global-header-display":"","ast-banner-title-visibility":"","ast-main-header-display":"","ast-hfb-above-header-display":"","ast-hfb-below-header-display":"","ast-hfb-mobile-header-display":"","site-post-title":"disabled","ast-breadcrumbs-content":"","ast-featured-img":"disabled","footer-sml-layout":"","ast-disable-related-posts":"","theme-transparent-header-meta":"default","adv-header-id-meta":"","stick-header-meta":"default","header-above-stick-meta":"","header-main-stick-meta":"","header-below-stick-meta":"","astra-migrate-meta-layouts":"set","ast-page-background-enabled":"default","ast-page-background-meta":{"desktop":{"background-color":"","background-image":"","background-repeat":"repeat","background-position":"center center","background-size":"auto","background-attachment":"scroll","background-type":"","background-media":"","overlay-type":"","overlay-color":"","overlay-opacity":"","overlay-gradient":""},"tablet":{"background-color":"","background-image":"","background-repeat":"repeat","background-position":"center center","background-size":"auto","background-attachment":"scroll","background-type":"","background-media":"","overlay-type":"","overlay-color":"","overlay-opacity":"","overlay-gradient":""},"mobile":{"background-color":"","background-image":"","background-repeat":"repeat","background-position":"center center","background-size":"auto","background-attachment":"scroll","background-type":"","background-media":"","overlay-type":"","overlay-color":"","overlay-opacity":"","overlay-gradient":""}},"ast-content-background-meta":{"desktop":{"background-color":"var(--ast-global-color-5)","background-image":"","background-repeat":"repeat","background-position":"center center","background-size":"auto","background-attachment":"scroll","background-type":"","background-media":"","overlay-type":"","overlay-color":"","overlay-opacity":"","overlay-gradient":""},"tablet":{"background-color":"var(--ast-global-color-5)","background-image":"","background-repeat":"repeat","background-position":"center center","background-size":"auto","background-attachment":"scroll","background-type":"","background-media":"","overlay-type":"","overlay-color":"","overlay-opacity":"","overlay-gradient":""},"mobile":{"background-color":"var(--ast-global-color-5)","background-image":"","background-repeat":"repeat","background-position":"center center","background-size":"auto","background-attachment":"scroll","background-type":"","background-media":"","overlay-type":"","overlay-color":"","overlay-opacity":"","overlay-gradient":""}},"footnotes":""},"class_list":["post-13666","page","type-page","status-publish","hentry"],"acf":[],"yoast_head":"<!-- This site is optimized with the Yoast SEO plugin v27.5 - https:\/\/yoast.com\/product\/yoast-seo-wordpress\/ -->\n<title>Wellste Blog \u2013 In-Depth Industry Insights and Knowledge.<\/title>\n<meta name=\"description\" content=\"Welcome to Wellste Blog Page! Dive into a world of knowledge, insights, and expertise. Explore our comprehensive blog articles on aluminum\" \/>\n<meta name=\"robots\" content=\"index, follow, max-snippet:-1, max-image-preview:large, max-video-preview:-1\" \/>\n<link rel=\"canonical\" href=\"https:\/\/www.wellste.com\/de\/blog\/\" \/>\n<meta property=\"og:locale\" content=\"de_DE\" \/>\n<meta property=\"og:type\" content=\"article\" \/>\n<meta property=\"og:title\" content=\"Wellste Blog \u2013 In-Depth Industry Insights and Knowledge.\" \/>\n<meta property=\"og:description\" content=\"Welcome to Wellste Blog Page! Dive into a world of knowledge, insights, and expertise. Explore our comprehensive blog articles on aluminum\" \/>\n<meta property=\"og:url\" content=\"https:\/\/www.wellste.com\/de\/blog\/\" \/>\n<meta property=\"og:site_name\" content=\"WELLSTE\" \/>\n<meta property=\"article:modified_time\" content=\"2026-01-23T08:16:15+00:00\" \/>\n<meta name=\"twitter:card\" content=\"summary_large_image\" \/>\n<script type=\"application\/ld+json\" class=\"yoast-schema-graph\">{\"@context\":\"https:\\\/\\\/schema.org\",\"@graph\":[{\"@type\":\"WebPage\",\"@id\":\"https:\\\/\\\/www.wellste.com\\\/blog\\\/\",\"url\":\"https:\\\/\\\/www.wellste.com\\\/blog\\\/\",\"name\":\"Wellste Blog \u2013 In-Depth Industry Insights and Knowledge.\",\"isPartOf\":{\"@id\":\"https:\\\/\\\/www.wellste.com\\\/#website\"},\"datePublished\":\"2023-11-17T17:16:04+00:00\",\"dateModified\":\"2026-01-23T08:16:15+00:00\",\"description\":\"Welcome to Wellste Blog Page! Dive into a world of knowledge, insights, and expertise. Explore our comprehensive blog articles on aluminum\",\"breadcrumb\":{\"@id\":\"https:\\\/\\\/www.wellste.com\\\/blog\\\/#breadcrumb\"},\"inLanguage\":\"de\",\"potentialAction\":[{\"@type\":\"ReadAction\",\"target\":[\"https:\\\/\\\/www.wellste.com\\\/blog\\\/\"]}]},{\"@type\":\"BreadcrumbList\",\"@id\":\"https:\\\/\\\/www.wellste.com\\\/blog\\\/#breadcrumb\",\"itemListElement\":[{\"@type\":\"ListItem\",\"position\":1,\"name\":\"Home\",\"item\":\"https:\\\/\\\/www.wellste.com\\\/\"},{\"@type\":\"ListItem\",\"position\":2,\"name\":\"Blog\"}]},{\"@type\":\"WebSite\",\"@id\":\"https:\\\/\\\/www.wellste.com\\\/#website\",\"url\":\"https:\\\/\\\/www.wellste.com\\\/\",\"name\":\"WELLSTE\",\"description\":\"\",\"publisher\":{\"@id\":\"https:\\\/\\\/www.wellste.com\\\/#organization\"},\"potentialAction\":[{\"@type\":\"SearchAction\",\"target\":{\"@type\":\"EntryPoint\",\"urlTemplate\":\"https:\\\/\\\/www.wellste.com\\\/?s={search_term_string}\"},\"query-input\":{\"@type\":\"PropertyValueSpecification\",\"valueRequired\":true,\"valueName\":\"search_term_string\"}}],\"inLanguage\":\"de\"},{\"@type\":\"Organization\",\"@id\":\"https:\\\/\\\/www.wellste.com\\\/#organization\",\"name\":\"WELLSTE\",\"url\":\"https:\\\/\\\/www.wellste.com\\\/\",\"logo\":{\"@type\":\"ImageObject\",\"inLanguage\":\"de\",\"@id\":\"https:\\\/\\\/www.wellste.com\\\/#\\\/schema\\\/logo\\\/image\\\/\",\"url\":\"https:\\\/\\\/www.wellste.com\\\/wp-content\\\/uploads\\\/2019\\\/04\\\/wellste-new-logo.png\",\"contentUrl\":\"https:\\\/\\\/www.wellste.com\\\/wp-content\\\/uploads\\\/2019\\\/04\\\/wellste-new-logo.png\",\"width\":207,\"height\":67,\"caption\":\"WELLSTE\"},\"image\":{\"@id\":\"https:\\\/\\\/www.wellste.com\\\/#\\\/schema\\\/logo\\\/image\\\/\"}}]}<\/script>\n<!-- \/ Yoast SEO plugin. -->","yoast_head_json":{"title":"Wellste Blog \u2013 Detaillierte Einblicke und Kenntnisse in die Branche.","description":"Willkommen auf der Wellste-Blogseite! Tauchen Sie ein in eine Welt voller Wissen, Einblicke und Expertise. Entdecken Sie unsere umfassenden Blog-Artikel zum Thema Aluminium.","robots":{"index":"index","follow":"follow","max-snippet":"max-snippet:-1","max-image-preview":"max-image-preview:large","max-video-preview":"max-video-preview:-1"},"canonical":"https:\/\/www.wellste.com\/de\/blog\/","og_locale":"de_DE","og_type":"article","og_title":"Wellste Blog \u2013 In-Depth Industry Insights and Knowledge.","og_description":"Welcome to Wellste Blog Page! Dive into a world of knowledge, insights, and expertise. Explore our comprehensive blog articles on aluminum","og_url":"https:\/\/www.wellste.com\/de\/blog\/","og_site_name":"WELLSTE","article_modified_time":"2026-01-23T08:16:15+00:00","twitter_card":"summary_large_image","schema":{"@context":"https:\/\/schema.org","@graph":[{"@type":"WebPage","@id":"https:\/\/www.wellste.com\/blog\/","url":"https:\/\/www.wellste.com\/blog\/","name":"Wellste Blog \u2013 Detaillierte Einblicke und Kenntnisse in die Branche.","isPartOf":{"@id":"https:\/\/www.wellste.com\/#website"},"datePublished":"2023-11-17T17:16:04+00:00","dateModified":"2026-01-23T08:16:15+00:00","description":"Willkommen auf der Wellste-Blogseite! Tauchen Sie ein in eine Welt voller Wissen, Einblicke und Expertise. Entdecken Sie unsere umfassenden Blog-Artikel zum Thema Aluminium.","breadcrumb":{"@id":"https:\/\/www.wellste.com\/blog\/#breadcrumb"},"inLanguage":"de","potentialAction":[{"@type":"ReadAction","target":["https:\/\/www.wellste.com\/blog\/"]}]},{"@type":"BreadcrumbList","@id":"https:\/\/www.wellste.com\/blog\/#breadcrumb","itemListElement":[{"@type":"ListItem","position":1,"name":"Home","item":"https:\/\/www.wellste.com\/"},{"@type":"ListItem","position":2,"name":"Blog"}]},{"@type":"WebSite","@id":"https:\/\/www.wellste.com\/#website","url":"https:\/\/www.wellste.com\/","name":"WELLSTE","description":"","publisher":{"@id":"https:\/\/www.wellste.com\/#organization"},"potentialAction":[{"@type":"SearchAction","target":{"@type":"EntryPoint","urlTemplate":"https:\/\/www.wellste.com\/?s={search_term_string}"},"query-input":{"@type":"PropertyValueSpecification","valueRequired":true,"valueName":"search_term_string"}}],"inLanguage":"de"},{"@type":"Organization","@id":"https:\/\/www.wellste.com\/#organization","name":"WELLSTE","url":"https:\/\/www.wellste.com\/","logo":{"@type":"ImageObject","inLanguage":"de","@id":"https:\/\/www.wellste.com\/#\/schema\/logo\/image\/","url":"https:\/\/www.wellste.com\/wp-content\/uploads\/2019\/04\/wellste-new-logo.png","contentUrl":"https:\/\/www.wellste.com\/wp-content\/uploads\/2019\/04\/wellste-new-logo.png","width":207,"height":67,"caption":"WELLSTE"},"image":{"@id":"https:\/\/www.wellste.com\/#\/schema\/logo\/image\/"}}]}},"_links":{"self":[{"href":"https:\/\/www.wellste.com\/de\/wp-json\/wp\/v2\/pages\/13666","targetHints":{"allow":["GET"]}}],"collection":[{"href":"https:\/\/www.wellste.com\/de\/wp-json\/wp\/v2\/pages"}],"about":[{"href":"https:\/\/www.wellste.com\/de\/wp-json\/wp\/v2\/types\/page"}],"author":[{"embeddable":true,"href":"https:\/\/www.wellste.com\/de\/wp-json\/wp\/v2\/users\/1"}],"replies":[{"embeddable":true,"href":"https:\/\/www.wellste.com\/de\/wp-json\/wp\/v2\/comments?post=13666"}],"version-history":[{"count":0,"href":"https:\/\/www.wellste.com\/de\/wp-json\/wp\/v2\/pages\/13666\/revisions"}],"wp:attachment":[{"href":"https:\/\/www.wellste.com\/de\/wp-json\/wp\/v2\/media?parent=13666"}],"curies":[{"name":"wp","href":"https:\/\/api.w.org\/{rel}","templated":true}]}}