{"id":10496,"date":"2022-06-29T11:50:29","date_gmt":"2022-06-29T11:50:29","guid":{"rendered":"https:\/\/www.wellste.com\/?page_id=10496"},"modified":"2025-09-16T02:45:39","modified_gmt":"2025-09-16T02:45:39","slug":"aluminum-heat-sink","status":"publish","type":"page","link":"https:\/\/www.wellste.com\/de\/aluminum-heat-sink\/","title":{"rendered":"Aluminium-K\u00fchlk\u00f6rper"},"content":{"rendered":"","protected":false},"excerpt":{"rendered":"","protected":false},"author":4,"featured_media":0,"parent":0,"menu_order":2,"comment_status":"closed","ping_status":"closed","template":"landing-page2.php","meta":{"_acf_changed":false,"site-sidebar-layout":"no-sidebar","site-content-layout":"page-builder","ast-site-content-layout":"full-width-container","site-content-style":"unboxed","site-sidebar-style":"unboxed","ast-global-header-display":"","ast-banner-title-visibility":"","ast-main-header-display":"","ast-hfb-above-header-display":"","ast-hfb-below-header-display":"","ast-hfb-mobile-header-display":"","site-post-title":"disabled","ast-breadcrumbs-content":"","ast-featured-img":"disabled","footer-sml-layout":"","ast-disable-related-posts":"","theme-transparent-header-meta":"default","adv-header-id-meta":null,"stick-header-meta":"default","header-above-stick-meta":null,"header-main-stick-meta":"","header-below-stick-meta":null,"astra-migrate-meta-layouts":"set","ast-page-background-enabled":"default","ast-page-background-meta":{"desktop":{"background-color":"","background-image":"","background-repeat":"repeat","background-position":"center center","background-size":"auto","background-attachment":"scroll","background-type":"","background-media":"","overlay-type":"","overlay-color":"","overlay-opacity":"","overlay-gradient":""},"tablet":{"background-color":"","background-image":"","background-repeat":"repeat","background-position":"center center","background-size":"auto","background-attachment":"scroll","background-type":"","background-media":"","overlay-type":"","overlay-color":"","overlay-opacity":"","overlay-gradient":""},"mobile":{"background-color":"","background-image":"","background-repeat":"repeat","background-position":"center center","background-size":"auto","background-attachment":"scroll","background-type":"","background-media":"","overlay-type":"","overlay-color":"","overlay-opacity":"","overlay-gradient":""}},"ast-content-background-meta":{"desktop":{"background-color":"var(--ast-global-color-5)","background-image":"","background-repeat":"repeat","background-position":"center center","background-size":"auto","background-attachment":"scroll","background-type":"","background-media":"","overlay-type":"","overlay-color":"","overlay-opacity":"","overlay-gradient":""},"tablet":{"background-color":"var(--ast-global-color-5)","background-image":"","background-repeat":"repeat","background-position":"center center","background-size":"auto","background-attachment":"scroll","background-type":"","background-media":"","overlay-type":"","overlay-color":"","overlay-opacity":"","overlay-gradient":""},"mobile":{"background-color":"var(--ast-global-color-5)","background-image":"","background-repeat":"repeat","background-position":"center center","background-size":"auto","background-attachment":"scroll","background-type":"","background-media":"","overlay-type":"","overlay-color":"","overlay-opacity":"","overlay-gradient":""}},"footnotes":""},"class_list":["post-10496","page","type-page","status-publish","hentry"],"acf":[],"yoast_head":"<!-- This site is optimized with the Yoast SEO plugin v27.3 - https:\/\/yoast.com\/product\/yoast-seo-wordpress\/ -->\n<title>Aluminum Heat Sink, Custom Aluminum heatsinks Manufacturer<\/title>\n<meta name=\"description\" content=\"Aluminum heat Sink is one of most widely used for high thermal performance material,Wellste provides custom or standard extruded aluminum heatsink for your need.\" \/>\n<meta name=\"robots\" content=\"index, follow, max-snippet:-1, max-image-preview:large, max-video-preview:-1\" \/>\n<link rel=\"canonical\" href=\"https:\/\/www.wellste.com\/de\/aluminum-heat-sink\/\" \/>\n<meta property=\"og:locale\" content=\"de_DE\" \/>\n<meta property=\"og:type\" content=\"article\" \/>\n<meta property=\"og:title\" content=\"Aluminum Heat Sink, Custom Aluminum heatsinks Manufacturer\" \/>\n<meta property=\"og:description\" content=\"Aluminum heat Sink is one of most widely used for high thermal performance material,Wellste provides custom or standard extruded aluminum heatsink for your need.\" \/>\n<meta property=\"og:url\" content=\"https:\/\/www.wellste.com\/de\/aluminum-heat-sink\/\" \/>\n<meta property=\"og:site_name\" content=\"WELLSTE\" \/>\n<meta property=\"article:modified_time\" content=\"2025-09-16T02:45:39+00:00\" \/>\n<meta name=\"twitter:card\" content=\"summary_large_image\" \/>\n<script type=\"application\/ld+json\" class=\"yoast-schema-graph\">{\"@context\":\"https:\\\/\\\/schema.org\",\"@graph\":[{\"@type\":\"WebPage\",\"@id\":\"https:\\\/\\\/www.wellste.com\\\/aluminum-heat-sink\\\/\",\"url\":\"https:\\\/\\\/www.wellste.com\\\/aluminum-heat-sink\\\/\",\"name\":\"Aluminum Heat Sink, Custom Aluminum heatsinks Manufacturer\",\"isPartOf\":{\"@id\":\"https:\\\/\\\/www.wellste.com\\\/#website\"},\"datePublished\":\"2022-06-29T11:50:29+00:00\",\"dateModified\":\"2025-09-16T02:45:39+00:00\",\"description\":\"Aluminum heat Sink is one of most widely used for high thermal performance material,Wellste provides custom or standard extruded aluminum heatsink for your need.\",\"breadcrumb\":{\"@id\":\"https:\\\/\\\/www.wellste.com\\\/aluminum-heat-sink\\\/#breadcrumb\"},\"inLanguage\":\"de\",\"potentialAction\":[{\"@type\":\"ReadAction\",\"target\":[\"https:\\\/\\\/www.wellste.com\\\/aluminum-heat-sink\\\/\"]}]},{\"@type\":\"BreadcrumbList\",\"@id\":\"https:\\\/\\\/www.wellste.com\\\/aluminum-heat-sink\\\/#breadcrumb\",\"itemListElement\":[{\"@type\":\"ListItem\",\"position\":1,\"name\":\"Home\",\"item\":\"https:\\\/\\\/www.wellste.com\\\/\"},{\"@type\":\"ListItem\",\"position\":2,\"name\":\"Aluminum Heat Sink\"}]},{\"@type\":\"WebSite\",\"@id\":\"https:\\\/\\\/www.wellste.com\\\/#website\",\"url\":\"https:\\\/\\\/www.wellste.com\\\/\",\"name\":\"WELLSTE\",\"description\":\"\",\"publisher\":{\"@id\":\"https:\\\/\\\/www.wellste.com\\\/#organization\"},\"potentialAction\":[{\"@type\":\"SearchAction\",\"target\":{\"@type\":\"EntryPoint\",\"urlTemplate\":\"https:\\\/\\\/www.wellste.com\\\/?s={search_term_string}\"},\"query-input\":{\"@type\":\"PropertyValueSpecification\",\"valueRequired\":true,\"valueName\":\"search_term_string\"}}],\"inLanguage\":\"de\"},{\"@type\":\"Organization\",\"@id\":\"https:\\\/\\\/www.wellste.com\\\/#organization\",\"name\":\"WELLSTE\",\"url\":\"https:\\\/\\\/www.wellste.com\\\/\",\"logo\":{\"@type\":\"ImageObject\",\"inLanguage\":\"de\",\"@id\":\"https:\\\/\\\/www.wellste.com\\\/#\\\/schema\\\/logo\\\/image\\\/\",\"url\":\"https:\\\/\\\/www.wellste.com\\\/wp-content\\\/uploads\\\/2019\\\/04\\\/wellste-new-logo.png\",\"contentUrl\":\"https:\\\/\\\/www.wellste.com\\\/wp-content\\\/uploads\\\/2019\\\/04\\\/wellste-new-logo.png\",\"width\":207,\"height\":67,\"caption\":\"WELLSTE\"},\"image\":{\"@id\":\"https:\\\/\\\/www.wellste.com\\\/#\\\/schema\\\/logo\\\/image\\\/\"}}]}<\/script>\n<!-- \/ Yoast SEO plugin. -->","yoast_head_json":{"title":"Aluminium-K\u00fchlk\u00f6rper, Hersteller kundenspezifischer Aluminium-K\u00fchlk\u00f6rper","description":"Aluminium-K\u00fchlk\u00f6rper geh\u00f6ren zu den am h\u00e4ufigsten verwendeten Materialien mit hoher W\u00e4rmeleistung. Wellste bietet kundenspezifische oder standardm\u00e4\u00dfige extrudierte Aluminium-K\u00fchlk\u00f6rper f\u00fcr Ihren Bedarf.","robots":{"index":"index","follow":"follow","max-snippet":"max-snippet:-1","max-image-preview":"max-image-preview:large","max-video-preview":"max-video-preview:-1"},"canonical":"https:\/\/www.wellste.com\/de\/aluminum-heat-sink\/","og_locale":"de_DE","og_type":"article","og_title":"Aluminum Heat Sink, Custom Aluminum heatsinks Manufacturer","og_description":"Aluminum heat Sink is one of most widely used for high thermal performance material,Wellste provides custom or standard extruded aluminum heatsink for your need.","og_url":"https:\/\/www.wellste.com\/de\/aluminum-heat-sink\/","og_site_name":"WELLSTE","article_modified_time":"2025-09-16T02:45:39+00:00","twitter_card":"summary_large_image","schema":{"@context":"https:\/\/schema.org","@graph":[{"@type":"WebPage","@id":"https:\/\/www.wellste.com\/aluminum-heat-sink\/","url":"https:\/\/www.wellste.com\/aluminum-heat-sink\/","name":"Aluminium-K\u00fchlk\u00f6rper, Hersteller kundenspezifischer Aluminium-K\u00fchlk\u00f6rper","isPartOf":{"@id":"https:\/\/www.wellste.com\/#website"},"datePublished":"2022-06-29T11:50:29+00:00","dateModified":"2025-09-16T02:45:39+00:00","description":"Aluminium-K\u00fchlk\u00f6rper geh\u00f6ren zu den am h\u00e4ufigsten verwendeten Materialien mit hoher W\u00e4rmeleistung. Wellste bietet kundenspezifische oder standardm\u00e4\u00dfige extrudierte Aluminium-K\u00fchlk\u00f6rper f\u00fcr Ihren Bedarf.","breadcrumb":{"@id":"https:\/\/www.wellste.com\/aluminum-heat-sink\/#breadcrumb"},"inLanguage":"de","potentialAction":[{"@type":"ReadAction","target":["https:\/\/www.wellste.com\/aluminum-heat-sink\/"]}]},{"@type":"BreadcrumbList","@id":"https:\/\/www.wellste.com\/aluminum-heat-sink\/#breadcrumb","itemListElement":[{"@type":"ListItem","position":1,"name":"Home","item":"https:\/\/www.wellste.com\/"},{"@type":"ListItem","position":2,"name":"Aluminum Heat Sink"}]},{"@type":"WebSite","@id":"https:\/\/www.wellste.com\/#website","url":"https:\/\/www.wellste.com\/","name":"WELLSTE","description":"","publisher":{"@id":"https:\/\/www.wellste.com\/#organization"},"potentialAction":[{"@type":"SearchAction","target":{"@type":"EntryPoint","urlTemplate":"https:\/\/www.wellste.com\/?s={search_term_string}"},"query-input":{"@type":"PropertyValueSpecification","valueRequired":true,"valueName":"search_term_string"}}],"inLanguage":"de"},{"@type":"Organization","@id":"https:\/\/www.wellste.com\/#organization","name":"WELLSTE","url":"https:\/\/www.wellste.com\/","logo":{"@type":"ImageObject","inLanguage":"de","@id":"https:\/\/www.wellste.com\/#\/schema\/logo\/image\/","url":"https:\/\/www.wellste.com\/wp-content\/uploads\/2019\/04\/wellste-new-logo.png","contentUrl":"https:\/\/www.wellste.com\/wp-content\/uploads\/2019\/04\/wellste-new-logo.png","width":207,"height":67,"caption":"WELLSTE"},"image":{"@id":"https:\/\/www.wellste.com\/#\/schema\/logo\/image\/"}}]}},"_links":{"self":[{"href":"https:\/\/www.wellste.com\/de\/wp-json\/wp\/v2\/pages\/10496","targetHints":{"allow":["GET"]}}],"collection":[{"href":"https:\/\/www.wellste.com\/de\/wp-json\/wp\/v2\/pages"}],"about":[{"href":"https:\/\/www.wellste.com\/de\/wp-json\/wp\/v2\/types\/page"}],"author":[{"embeddable":true,"href":"https:\/\/www.wellste.com\/de\/wp-json\/wp\/v2\/users\/4"}],"replies":[{"embeddable":true,"href":"https:\/\/www.wellste.com\/de\/wp-json\/wp\/v2\/comments?post=10496"}],"version-history":[{"count":0,"href":"https:\/\/www.wellste.com\/de\/wp-json\/wp\/v2\/pages\/10496\/revisions"}],"wp:attachment":[{"href":"https:\/\/www.wellste.com\/de\/wp-json\/wp\/v2\/media?parent=10496"}],"curies":[{"name":"wp","href":"https:\/\/api.w.org\/{rel}","templated":true}]}}